{"id":103,"date":"2024-07-26T21:36:03","date_gmt":"2024-07-26T19:36:03","guid":{"rendered":"https:\/\/opole.pttk.pl\/?page_id=103"},"modified":"2025-11-27T10:26:12","modified_gmt":"2025-11-27T09:26:12","slug":"1-3","status":"publish","type":"page","link":"https:\/\/opole.pttk.pl\/index.php\/1-3\/","title":{"rendered":"Sk\u0142ad Zarz\u0105du KTG 21"},"content":{"rendered":"<p><strong>Prezes \u2013 Dariusz Ch\u0105dzi\u0144ski<\/strong> \u2013 509 867 400 adres e-mail\u00a0dariuszchadzinski@wp.pl<\/p>\n<p>Wiceprezes \u2013 Sylwia Znamirowska-Potaczek<\/p>\n<p>Skarbnik\u00a0 \u2013 Grzegorz Bieniarz<\/p>\n<p>Sekretarz \u2013 Anna Char\u0119za<\/p>\n<p>Cz\u0142onek Zarz\u0105du\u2013 Bogus\u0142awa Kamieniak<\/p>\n<p>Cz\u0142onek Zarz\u0105du \u2013 Wioletta B\u0142aut<\/p>\n<p>Komisja Rewizyjna<\/p>\n<p><strong>Przewodnicz\u0105ca &#8211; Ewa Gawi\u0144ska<\/strong><\/p>\n<p>Wiceprzewodnicz\u0105cy &#8211; Piotr \u0141azarz<\/p>\n<p>Cz\u0142onek Komisji &#8211; Henryk Biela<\/p>\n","protected":false},"excerpt":{"rendered":"<p>Prezes \u2013 Dariusz Ch\u0105dzi\u0144ski \u2013 509 867 400 adres e-mail\u00a0dariuszchadzinski@wp.pl Wiceprezes \u2013 Sylwia Znamirowska-Potaczek Skarbnik\u00a0 \u2013 Grzegorz Bieniarz Sekretarz \u2013 Anna Char\u0119za Cz\u0142onek Zarz\u0105du\u2013 Bogus\u0142awa Kamieniak Cz\u0142onek Zarz\u0105du \u2013 Wioletta B\u0142aut Komisja Rewizyjna Przewodnicz\u0105ca &#8211; Ewa Gawi\u0144ska Wiceprzewodnicz\u0105cy &#8211; Piotr \u0141azarz Cz\u0142onek Komisji &#8211; Henryk Biela<\/p>\n","protected":false},"author":1,"featured_media":0,"parent":0,"menu_order":0,"comment_status":"closed","ping_status":"closed","template":"","meta":{"footnotes":""},"class_list":["post-103","page","type-page","status-publish","hentry"],"_links":{"self":[{"href":"https:\/\/opole.pttk.pl\/index.php\/wp-json\/wp\/v2\/pages\/103","targetHints":{"allow":["GET"]}}],"collection":[{"href":"https:\/\/opole.pttk.pl\/index.php\/wp-json\/wp\/v2\/pages"}],"about":[{"href":"https:\/\/opole.pttk.pl\/index.php\/wp-json\/wp\/v2\/types\/page"}],"author":[{"embeddable":true,"href":"https:\/\/opole.pttk.pl\/index.php\/wp-json\/wp\/v2\/users\/1"}],"replies":[{"embeddable":true,"href":"https:\/\/opole.pttk.pl\/index.php\/wp-json\/wp\/v2\/comments?post=103"}],"version-history":[{"count":11,"href":"https:\/\/opole.pttk.pl\/index.php\/wp-json\/wp\/v2\/pages\/103\/revisions"}],"predecessor-version":[{"id":5809,"href":"https:\/\/opole.pttk.pl\/index.php\/wp-json\/wp\/v2\/pages\/103\/revisions\/5809"}],"wp:attachment":[{"href":"https:\/\/opole.pttk.pl\/index.php\/wp-json\/wp\/v2\/media?parent=103"}],"curies":[{"name":"wp","href":"https:\/\/api.w.org\/{rel}","templated":true}]}}