{"id":193,"date":"2024-07-26T21:40:05","date_gmt":"2024-07-26T19:40:05","guid":{"rendered":"https:\/\/opole.pttk.pl\/?page_id=193"},"modified":"2024-09-01T07:00:18","modified_gmt":"2024-09-01T05:00:18","slug":"1-6","status":"publish","type":"page","link":"https:\/\/opole.pttk.pl\/index.php\/1-6\/","title":{"rendered":"\u201eZamki i pa\u0142ace na \u015al\u0105sku Opolskim\u201d"},"content":{"rendered":"\n<p class=\"has-text-align-center\">REGULAMIN ODZNAKI KRAJOZNAWCZEJ<\/p>\n\n\n<div class=\"wp-block-image\">\n<figure class=\"aligncenter size-large is-resized\"><img loading=\"lazy\" decoding=\"async\" width=\"999\" height=\"1024\" src=\"https:\/\/opole.pttk.pl\/wp-content\/uploads\/2024\/09\/zamki-ipalace-op-2024-999x1024.png\" alt=\"\" class=\"wp-image-535\" style=\"aspect-ratio:0.9755859375;width:183px;height:auto\" srcset=\"https:\/\/opole.pttk.pl\/wp-content\/uploads\/2024\/09\/zamki-ipalace-op-2024-999x1024.png 999w, https:\/\/opole.pttk.pl\/wp-content\/uploads\/2024\/09\/zamki-ipalace-op-2024-293x300.png 293w, https:\/\/opole.pttk.pl\/wp-content\/uploads\/2024\/09\/zamki-ipalace-op-2024-768x787.png 768w, https:\/\/opole.pttk.pl\/wp-content\/uploads\/2024\/09\/zamki-ipalace-op-2024.png 1165w\" sizes=\"auto, (max-width: 999px) 100vw, 999px\" \/><\/figure>\n<\/div>\n\n\n<p><\/p>\n\n\n<ol>\n<li>Odznaka zosta\u0142a ustanowiona przez Oddzia\u0142 Regionalny PTTK \u015al\u0105ska Opolskiego w Opolu.<\/li>\n<li>Odznaka jest jednostopniowa.<\/li>\n<li>Warunkiem zdobycia odznaki jest zwiedzenie wszystkich obiekt\u00f3w zawartych w Za\u0142\u0105czniku.<\/li>\n<li>Przy zdobywaniu odznaki nie ma ogranicze\u0144 czasowych.<\/li>\n<li>Podstaw\u0105 weryfikacji odznaki jest kronika zwiedzanych obiekt\u00f3w, prowadzona w dowolnej formie lub z wykorzystaniem ksi\u0105\u017ceczek turystyki kwalifikowanej. Kronika powinna zawiera\u0107 podstawowe dane osobowe zwiedzaj\u0105cego, takie jak imi\u0119 i nazwisko, miejsce zamieszkania i rok urodzenia. Wycieczki powinny by\u0107 opatrzone dat\u0105, a tak\u017ce potwierdzeniem ich odbycia poprzez wklejenie biletu, zdj\u0119cia na tle zwiedzanego obiektu, odbicia piecz\u0119ci lub uzyskanie podpisu cz\u0142onka kadry programowej PTTK.<\/li>\n<li>Odznak\u0119 weryfikuje i przyznaje Referat weryfikacyjny odznak krajoznawczych przy Oddziale Regionalnym PTTK \u015al\u0105ska Opolskiego (Jacek Ramus-tel.604238085, <a style=\"font-size: revert;\" href=\"mailto:jacek.orso@gmail.com\">jacek.orso@gmail.com<\/a><span style=\"font-size: revert; color: initial;\">)<\/span><\/li>\n<li>Odznaka jest odp\u0142atna. Dopuszcza si\u0119 sprzeda\u017c odznaki w celach kolekcjonerskich<\/li>\n<li>Dystrybucj\u0119 odznak prowadzi Oddzia\u0142 Regionalny PTTK \u015al\u0105ska Opolskie w Opolu, ul. Barlickiego 2A, 45-083 Opole.<\/li>\n<li>Ostateczna interpretacja niniejszego Regulaminu przys\u0142uguje Referatowi weryfikacyjnemu odznak krajoznawczych przy Oddziale Regionalnym PTTK \u015al\u0105ska Opolskiego.<\/li>\n<\/ol>\n<p style=\"text-align: center;\"><strong>Wykaz obiekt\u00f3w wymaganych do zwiedzenia<\/strong><\/p>\n<ol>\n<li>Pa\u0142ac w Mosznej<\/li>\n<li>Zamek Piast\u00f3w \u015al\u0105skich w Brzegu<\/li>\n<li>Pa\u0142ac Sulis\u0142aw<\/li>\n<li>Pa\u0142ac Jakubus w Jakubowicach<\/li>\n<li>Pa\u0142ac w Paw\u0142owicach<\/li>\n<li>Zesp\u00f3\u0142 pa\u0142acowo-parkowy w Tu\u0142owicach<\/li>\n<li>Zamek w Niemodlinie<\/li>\n<li>Zamek G\u00f3rny w Opolu<\/li>\n<li>Zamek w Rogowie Opolskim<\/li>\n<li>Zamek w G\u0142og\u00f3wku<\/li>\n<li>Zamek w Otmuchowie<\/li>\n<li>Pa\u0142ac w Wi\u0119kszycach<\/li>\n<li>Pa\u0142ac w Kamieniu \u015al\u0105skim<\/li>\n<li>Wie\u017ca Piastowska w Opolu<\/li>\n<li>Pa\u0142ac Biskupi w Nysie<\/li>\n<\/ol>\n<p style=\"text-align: left;\">Regulamin i wykaz obiekt\u00f3w opracowa\u0142: Patryk Frydel, Jacek Ramus<\/p>\n\n\n<p><\/p>\n","protected":false},"excerpt":{"rendered":"<p>REGULAMIN ODZNAKI KRAJOZNAWCZEJ Odznaka zosta\u0142a ustanowiona przez Oddzia\u0142 Regionalny PTTK \u015al\u0105ska Opolskiego w Opolu. Odznaka jest jednostopniowa. Warunkiem zdobycia odznaki jest zwiedzenie wszystkich obiekt\u00f3w zawartych w Za\u0142\u0105czniku. Przy zdobywaniu odznaki nie ma ogranicze\u0144 czasowych. Podstaw\u0105 weryfikacji odznaki jest kronika zwiedzanych obiekt\u00f3w, prowadzona w dowolnej formie lub z wykorzystaniem ksi\u0105\u017ceczek turystyki kwalifikowanej. Kronika powinna zawiera\u0107 podstawowe [&hellip;]<\/p>\n","protected":false},"author":1,"featured_media":0,"parent":0,"menu_order":0,"comment_status":"closed","ping_status":"closed","template":"","meta":{"footnotes":""},"class_list":["post-193","page","type-page","status-publish","hentry"],"_links":{"self":[{"href":"https:\/\/opole.pttk.pl\/index.php\/wp-json\/wp\/v2\/pages\/193","targetHints":{"allow":["GET"]}}],"collection":[{"href":"https:\/\/opole.pttk.pl\/index.php\/wp-json\/wp\/v2\/pages"}],"about":[{"href":"https:\/\/opole.pttk.pl\/index.php\/wp-json\/wp\/v2\/types\/page"}],"author":[{"embeddable":true,"href":"https:\/\/opole.pttk.pl\/index.php\/wp-json\/wp\/v2\/users\/1"}],"replies":[{"embeddable":true,"href":"https:\/\/opole.pttk.pl\/index.php\/wp-json\/wp\/v2\/comments?post=193"}],"version-history":[{"count":6,"href":"https:\/\/opole.pttk.pl\/index.php\/wp-json\/wp\/v2\/pages\/193\/revisions"}],"predecessor-version":[{"id":549,"href":"https:\/\/opole.pttk.pl\/index.php\/wp-json\/wp\/v2\/pages\/193\/revisions\/549"}],"wp:attachment":[{"href":"https:\/\/opole.pttk.pl\/index.php\/wp-json\/wp\/v2\/media?parent=193"}],"curies":[{"name":"wp","href":"https:\/\/api.w.org\/{rel}","templated":true}]}}