{"id":1959,"date":"2024-09-24T08:27:27","date_gmt":"2024-09-24T06:27:27","guid":{"rendered":"https:\/\/opole.pttk.pl\/?page_id=1959"},"modified":"2026-02-04T10:19:39","modified_gmt":"2026-02-04T09:19:39","slug":"sklad-komisji-gorskiej","status":"publish","type":"page","link":"https:\/\/opole.pttk.pl\/index.php\/sklad-komisji-gorskiej\/","title":{"rendered":"Sk\u0142ad Komisji G\u00f3rskiej"},"content":{"rendered":"<p style=\"text-align: center;\"><strong>Przewodnicz\u0105cy<\/strong>\u00a0\u2013 Henryk BIELA\u00a0 tel. 502\u00a0221\u00a0271; email:\u00a0<span id=\"cloakcd67493f151da1710751cb4e138fd4d4\"><a href=\"mailto:hbiela1955@gmail.com.pl\">hbiela1955@gmail.com.pl<\/a><\/span><\/p>\n<p style=\"text-align: center;\">Wiceprzewodnicz\u0105cy \u2013 Dariusz CH\u0104DZI\u0143SKI<\/p>\n<p style=\"text-align: center;\">Sekretarz \u2013 Ma\u0142gorzata PAMU\u0141A<\/p>\n<p style=\"text-align: center;\">Cz\u0142onek \u2013 Piotr NABRZUCHOWSKI<\/p>\n<p style=\"text-align: center;\">Cz\u0142onek \u2013 Stanis\u0142aw TYMI\u0143SKI<\/p>\n","protected":false},"excerpt":{"rendered":"<p>Przewodnicz\u0105cy\u00a0\u2013 Henryk BIELA\u00a0 tel. 502\u00a0221\u00a0271; email:\u00a0hbiela1955@gmail.com.pl Wiceprzewodnicz\u0105cy \u2013 Dariusz CH\u0104DZI\u0143SKI Sekretarz \u2013 Ma\u0142gorzata PAMU\u0141A Cz\u0142onek \u2013 Piotr NABRZUCHOWSKI Cz\u0142onek \u2013 Stanis\u0142aw TYMI\u0143SKI<\/p>\n","protected":false},"author":1,"featured_media":0,"parent":0,"menu_order":0,"comment_status":"closed","ping_status":"closed","template":"","meta":{"footnotes":""},"class_list":["post-1959","page","type-page","status-publish","hentry"],"_links":{"self":[{"href":"https:\/\/opole.pttk.pl\/index.php\/wp-json\/wp\/v2\/pages\/1959","targetHints":{"allow":["GET"]}}],"collection":[{"href":"https:\/\/opole.pttk.pl\/index.php\/wp-json\/wp\/v2\/pages"}],"about":[{"href":"https:\/\/opole.pttk.pl\/index.php\/wp-json\/wp\/v2\/types\/page"}],"author":[{"embeddable":true,"href":"https:\/\/opole.pttk.pl\/index.php\/wp-json\/wp\/v2\/users\/1"}],"replies":[{"embeddable":true,"href":"https:\/\/opole.pttk.pl\/index.php\/wp-json\/wp\/v2\/comments?post=1959"}],"version-history":[{"count":3,"href":"https:\/\/opole.pttk.pl\/index.php\/wp-json\/wp\/v2\/pages\/1959\/revisions"}],"predecessor-version":[{"id":5966,"href":"https:\/\/opole.pttk.pl\/index.php\/wp-json\/wp\/v2\/pages\/1959\/revisions\/5966"}],"wp:attachment":[{"href":"https:\/\/opole.pttk.pl\/index.php\/wp-json\/wp\/v2\/media?parent=1959"}],"curies":[{"name":"wp","href":"https:\/\/api.w.org\/{rel}","templated":true}]}}