{"id":2079,"date":"2024-10-04T07:00:16","date_gmt":"2024-10-04T05:00:16","guid":{"rendered":"https:\/\/opole.pttk.pl\/?page_id=2079"},"modified":"2024-10-07T07:47:06","modified_gmt":"2024-10-07T05:47:06","slug":"2024-2","status":"publish","type":"page","link":"https:\/\/opole.pttk.pl\/index.php\/2024-2\/","title":{"rendered":"2024"},"content":{"rendered":"<p><em>Blisko 60 uczestnik\u00f3w wzi\u0119\u0142o udzia\u0142 w 37 szkoleniu Animator\u00f3w Turystyki<\/em><\/p>\n<p><strong>Szklarska Por\u0119ba miejscem pobytu elity opolskiej turystyki<\/strong><\/p>\n<p>Opolscy Animatorzy turystyki w 2024 roku spotkali si\u0119 na dorocznym szkoleniu w sercu Karkonoszy, czyli Szklarskiej Por\u0119bie. Miejscem pobytu dzia\u0142aczy PTTK z ca\u0142ego wojew\u00f3dztwa by\u0142o urocze miejsce z dala od centrum, o\u015brodek JA\u015a z mi\u0142\u0105 obs\u0142ug\u0105 i dobrym jad\u0142em usytuowany w Szklarskiej Por\u0119bie Dolnej, tu\u017c na granicy G\u00f3r Izerskich z Karkonoszami. W pobli\u017cu o\u015brodka usytuowany by\u0142 stary cmentarz z najstarszym ko\u015bcio\u0142em w tym mie\u015bcie, s\u0119dziwa lipa s\u0105dowa oraz sudeckie szlaki g\u00f3rskie prowadz\u0105ce do bardzo interesuj\u0105cych obiekt\u00f3w i miejsc. Takie spotkania odbywaj\u0105 si\u0119 na koniec wrze\u015bnia i nosz\u0105 nazw\u0119 Wojew\u00f3dzkiej Narady Animator\u00f3w Turystyki. Spotkania te mo\u017cliwe s\u0105 poprzez wsparcie Urz\u0119du Marsza\u0142kowskiego w Opolu, szczeg\u00f3lnie dzi\u0119ki przychylno\u015bci Wicemarsza\u0142ka Wojew\u00f3dztwa Opolskiego Zbigniewa Kubala\u0144cy.<\/p>\n<p><strong>Szkolenie i wyr\u00f3\u017cnienia<\/strong><\/p>\n<p>Spotkania szkoleniowe poprowadzi\u0142 Honorowy Cz\u0142onek PTTK oraz wiceprezes ZG PTTK Lucjusz Bilik, kt\u00f3ry pokr\u00f3tce opowiedzia\u0142 o dzia\u0142aniach naszego towarzystwa w mijaj\u0105cym sezonie. Podkre\u015bli\u0142 znaczenie pracy ze szko\u0142ami, m\u0142odzie\u017c\u0105 i organizowanie wi\u0119kszych imprez zar\u00f3wno dla przedszkolak\u00f3w, szkolniak\u00f3w, jak i senior\u00f3w. Istotne s\u0105 te og\u00f3lnopolskie, jak Konkurs Krasom\u00f3wczy, czy Poznajemy Ojcowizn\u0119, ale tak\u017ce Rajd Malucha w Prudniku, czy Rajd Rowerowy w Brzegu, albo Tatry jesieni\u0105 z Klubem \u015awistak. O dzia\u0142alno\u015bci Rady M\u0142odzie\u017cowej opowiedzia\u0142a Wilhelma Bara\u0144ska prezes brzeskiego oddzia\u0142u PTTK. Przypomniano tak\u017ce 50-letni\u0105 dzia\u0142alno\u015b\u0107 Klubu G\u00f3rskiego \u201e\u015awistak\u201d w Opolu, organizatora Jesiennego rajdu tatrza\u0144skiego.<\/p>\n<p><strong>Czas w\u0119dr\u00f3wek i zabawy<\/strong><\/p>\n<p>Na zako\u0144czenie ka\u017cdego wieczoru o planach turystyczno-krajoznawczych podczas naszego wyjazdu m\u00f3wili: nestor i Honorowy Przodwonik GOT Dolcio Mikulec oraz z m\u0142odszego pokolenia Jaros\u0142aw Sr\u0119bacz-Przewodnik Sudecki. Uczestnik\u00f3w by\u0142o wielu, a pomys\u0142\u00f3w na w\u0119dr\u00f3wki tak\u017ce du\u017co, niekt\u00f3rzy korzystali z oferty prowadz\u0105cych i autokaru, a inni chadzali swoimi \u015bcie\u017ckami. Wa\u017cne, \u017ce wszyscy wyjechali\u015bmy bogatsi o do\u015bwiadczenia, podpowiedzi starszych animator\u00f3w, zadzierzgni\u0119te przyja\u017anie i pewno\u015b\u0107, \u017ce nadal b\u0119dziemy dzia\u0142a\u0107 i w\u0119drowa\u0107. Zwiedzili\u015bmy m.in.: Szrenic\u0119 i \u015anie\u017ck\u0119 oraz Wysoki Kamie\u0144, Karpacz i Szklarsk\u0105 Por\u0119b\u0119, Chat\u0119 Walo\u0144sk\u0105, Sztolnie Pirytu, wodospady Szklarki\u00a0 i Kamie\u0144czyka, ponadto Z\u0142oty widok oraz na powrocie Muzeum multimedialne K.P.N. oraz Pa\u0142ac Schaffgotsch\u00f3w w Sobieszowie.<\/p>\n<p>By\u0142 te\u017c wieczorami czas na zabaw\u0119 przy akordeonie, gitarze, \u015bpiewanie piosenek turystycznych, a nawet wsp\u00f3lne ta\u0144ce oraz d\u0142ugie Polak\u00f3w rozmowy w podgrupach. Takie wyjazdy buduj\u0105 wi\u0119zi i doprowadzaj\u0105 do planowania wielu dzia\u0142a\u0144 oko\u0142oturystycznych.<\/p>\n<p><strong>Podsumowanie<\/strong><\/p>\n<p>Tegoroczny wyjazd by\u0142 mniej radosny ni\u017c w latach poprzednich, bo cieniem k\u0142ad\u0142y si\u0119 wiadomo\u015bci od PTTK-owc\u00f3w mieszkaj\u0105cych na terenach zalanych. Niekt\u00f3rzy nie przyjechali z nami, bo porz\u0105dkuj\u0105 \u015blady wielkiej wody. Wyjazdowe szkolenie zwane w skr\u00f3cie WNAT to czas intensywnych dzia\u0142a\u0144: omawiania najnowszych przepis\u00f3w dot. turystyki, nowo\u015bci sprz\u0119towych dla aktywnych turyst\u00f3w, sprawozdania z najciekawszych imprez wojew\u00f3dzkich, podsumowanie kalendarza wojew\u00f3dzkiego i planowanie dzia\u0142a\u0144 na rok nast\u0119pny. Wymiana swoich do\u015bwiadcze\u0144 procentuje. Niemal\u017ce ka\u017cdy powiat w naszym wojew\u00f3dztwie ma swoje oko\u0142oturystyczne dzia\u0142ania aktywizuj\u0105ce m\u0142odzie\u017c i senior\u00f3w.<\/p>\n<p>Musimy na zako\u0144czenie zada\u0107 sobie pytanie: Gdzie spotkamy si\u0119 za rok ?<\/p>\n<p style=\"text-align: right;\"><em>Tekst: Jan Janota<\/em><\/p>\n\n\n<figure class=\"wp-block-gallery has-nested-images columns-default is-cropped wp-block-gallery-1 is-layout-flex wp-block-gallery-is-layout-flex\">\n<figure class=\"wp-block-image size-large\"><img decoding=\"async\" data-id=\"2129\" src=\"https:\/\/opole.pttk.pl\/wp-content\/uploads\/2024\/10\/2024_wnat2-2.jpg\" alt=\"\" class=\"wp-image-2129\"\/><\/figure>\n\n\n\n<figure class=\"wp-block-image size-large\"><img decoding=\"async\" data-id=\"2123\" src=\"https:\/\/opole.pttk.pl\/wp-content\/uploads\/2024\/10\/2024_wnat3-2.jpg\" alt=\"\" class=\"wp-image-2123\"\/><\/figure>\n\n\n\n<figure class=\"wp-block-image size-large\"><img decoding=\"async\" data-id=\"2125\" src=\"https:\/\/opole.pttk.pl\/wp-content\/uploads\/2024\/10\/2024_wnat4-2.jpg\" alt=\"\" class=\"wp-image-2125\"\/><\/figure>\n\n\n\n<figure class=\"wp-block-image size-large\"><img decoding=\"async\" data-id=\"2131\" src=\"https:\/\/opole.pttk.pl\/wp-content\/uploads\/2024\/10\/2024_wnat5-2.jpg\" alt=\"\" class=\"wp-image-2131\"\/><\/figure>\n\n\n\n<figure class=\"wp-block-image size-large\"><img decoding=\"async\" data-id=\"2121\" src=\"https:\/\/opole.pttk.pl\/wp-content\/uploads\/2024\/10\/2024_wnat6-2.jpg\" alt=\"\" class=\"wp-image-2121\"\/><\/figure>\n\n\n\n<figure class=\"wp-block-image size-large\"><img decoding=\"async\" data-id=\"2127\" src=\"https:\/\/opole.pttk.pl\/wp-content\/uploads\/2024\/10\/2024_wnat7-2.jpg\" alt=\"\" class=\"wp-image-2127\"\/><\/figure>\n\n\n\n<figure class=\"wp-block-image size-large\"><img decoding=\"async\" data-id=\"2133\" src=\"https:\/\/opole.pttk.pl\/wp-content\/uploads\/2024\/10\/2024_wnat8-2.jpg\" alt=\"\" class=\"wp-image-2133\"\/><\/figure>\n\n\n\n<figure class=\"wp-block-image size-large\"><img decoding=\"async\" data-id=\"2135\" src=\"https:\/\/opole.pttk.pl\/wp-content\/uploads\/2024\/10\/2024_wnat9-2.jpg\" alt=\"\" class=\"wp-image-2135\"\/><\/figure>\n\n\n\n<figure class=\"wp-block-image size-large\"><img decoding=\"async\" data-id=\"2139\" src=\"https:\/\/opole.pttk.pl\/wp-content\/uploads\/2024\/10\/2024_wnat10-2.jpg\" alt=\"\" class=\"wp-image-2139\"\/><\/figure>\n\n\n\n<figure class=\"wp-block-image size-large\"><img decoding=\"async\" data-id=\"2137\" src=\"https:\/\/opole.pttk.pl\/wp-content\/uploads\/2024\/10\/2024_wnat11-2.jpg\" alt=\"\" class=\"wp-image-2137\"\/><\/figure>\n\n\n\n<figure class=\"wp-block-image size-large\"><img decoding=\"async\" data-id=\"2141\" src=\"https:\/\/opole.pttk.pl\/wp-content\/uploads\/2024\/10\/2024_wnat12-2.jpg\" alt=\"\" class=\"wp-image-2141\"\/><\/figure>\n\n\n\n<figure class=\"wp-block-image size-large\"><img decoding=\"async\" data-id=\"2143\" src=\"https:\/\/opole.pttk.pl\/wp-content\/uploads\/2024\/10\/2024_wnat13-2.jpg\" alt=\"\" class=\"wp-image-2143\"\/><\/figure>\n\n\n\n<figure class=\"wp-block-image size-large\"><img decoding=\"async\" data-id=\"2145\" src=\"https:\/\/opole.pttk.pl\/wp-content\/uploads\/2024\/10\/2024_wnat14-2.jpg\" alt=\"\" class=\"wp-image-2145\"\/><\/figure>\n\n\n\n<figure class=\"wp-block-image size-large\"><img decoding=\"async\" data-id=\"2255\" src=\"https:\/\/opole.pttk.pl\/wp-content\/uploads\/2024\/10\/2024_wnat1-2.jpg\" alt=\"\" class=\"wp-image-2255\"\/><\/figure>\n\n\n\n<figure class=\"wp-block-image size-large\"><img decoding=\"async\" data-id=\"2257\" src=\"https:\/\/opole.pttk.pl\/wp-content\/uploads\/2024\/10\/2024_wnat3-3.jpg\" alt=\"\" class=\"wp-image-2257\"\/><\/figure>\n\n\n\n<figure class=\"wp-block-image size-large\"><img decoding=\"async\" data-id=\"2259\" src=\"https:\/\/opole.pttk.pl\/wp-content\/uploads\/2024\/10\/2024_wnat2-3.jpg\" alt=\"\" class=\"wp-image-2259\"\/><\/figure>\n<\/figure>\n\n\n<div class=\"wp-block-image\">\n<figure class=\"aligncenter size-full\"><img decoding=\"async\" src=\"https:\/\/opole.pttk.pl\/wp-content\/uploads\/2024\/10\/LOGO-KWITNACE-.jpg\" alt=\"\" class=\"wp-image-2115\"\/><\/figure>\n<\/div>","protected":false},"excerpt":{"rendered":"<p>Blisko 60 uczestnik\u00f3w wzi\u0119\u0142o udzia\u0142 w 37 szkoleniu Animator\u00f3w Turystyki Szklarska Por\u0119ba miejscem pobytu elity opolskiej turystyki Opolscy Animatorzy turystyki w 2024 roku spotkali si\u0119 na dorocznym szkoleniu w sercu Karkonoszy, czyli Szklarskiej Por\u0119bie. Miejscem pobytu dzia\u0142aczy PTTK z ca\u0142ego wojew\u00f3dztwa by\u0142o urocze miejsce z dala od centrum, o\u015brodek JA\u015a z mi\u0142\u0105 obs\u0142ug\u0105 i dobrym [&hellip;]<\/p>\n","protected":false},"author":1,"featured_media":0,"parent":0,"menu_order":0,"comment_status":"closed","ping_status":"closed","template":"","meta":{"footnotes":""},"class_list":["post-2079","page","type-page","status-publish","hentry"],"_links":{"self":[{"href":"https:\/\/opole.pttk.pl\/index.php\/wp-json\/wp\/v2\/pages\/2079","targetHints":{"allow":["GET"]}}],"collection":[{"href":"https:\/\/opole.pttk.pl\/index.php\/wp-json\/wp\/v2\/pages"}],"about":[{"href":"https:\/\/opole.pttk.pl\/index.php\/wp-json\/wp\/v2\/types\/page"}],"author":[{"embeddable":true,"href":"https:\/\/opole.pttk.pl\/index.php\/wp-json\/wp\/v2\/users\/1"}],"replies":[{"embeddable":true,"href":"https:\/\/opole.pttk.pl\/index.php\/wp-json\/wp\/v2\/comments?post=2079"}],"version-history":[{"count":6,"href":"https:\/\/opole.pttk.pl\/index.php\/wp-json\/wp\/v2\/pages\/2079\/revisions"}],"predecessor-version":[{"id":2265,"href":"https:\/\/opole.pttk.pl\/index.php\/wp-json\/wp\/v2\/pages\/2079\/revisions\/2265"}],"wp:attachment":[{"href":"https:\/\/opole.pttk.pl\/index.php\/wp-json\/wp\/v2\/media?parent=2079"}],"curies":[{"name":"wp","href":"https:\/\/api.w.org\/{rel}","templated":true}]}}