{"id":2159,"date":"2024-10-04T07:13:48","date_gmt":"2024-10-04T05:13:48","guid":{"rendered":"https:\/\/opole.pttk.pl\/?page_id=2159"},"modified":"2024-10-04T07:16:46","modified_gmt":"2024-10-04T05:16:46","slug":"2024-3","status":"publish","type":"page","link":"https:\/\/opole.pttk.pl\/index.php\/2024-3\/","title":{"rendered":"2024"},"content":{"rendered":"<p><em>Opolskie Dni Turystyki 2024<\/em><\/p>\n<p><strong>Animatorzy opolskiej turystyki w Karkonoszach<\/strong><\/p>\n<p>Na doroczne spotkanie wyjazdowe dzia\u0142aczy PTTK naszego wojew\u00f3dztwa tym razem wybrano Szklarsk\u0105 Por\u0119b\u0119. Opolskie Dni Turystyki i Mi\u0119dzynarodowy Dzie\u0144 Turystyki \u015bwi\u0119towali\u015bmy w o\u015brodku JA\u015a usytuowanym w Szklarskiej Por\u0119bie Dolnej. Ju\u017c 37 lat je\u017adzimy i spotykamy si\u0119 w polskich g\u00f3rach na naszych wyjazd\u00f3wkach roboczych. Spotkania\u00a0 s\u0105 mo\u017cliwe dzi\u0119ki wsparciu Urz\u0119du Marsza\u0142kowskiego w Opolu, szczeg\u00f3lnie z przychylno\u015bci\u0105 Wicemarsza\u0142ka Wojew\u00f3dztwa Opolskiego Zbigniewa Kubala\u0144cy.<\/p>\n<p>S\u0105 to g\u00f3rskie wyjazdy szkoleniowe, kt\u00f3rego motorem nap\u0119dowym jest honorowy prezes Regionalnego Oddzia\u0142u PTTK \u015al\u0105ska Opolskiego w Opolu oraz wiceprezes ZG PTTK Lucjusz Bilik. Podkre\u015bli\u0142 on w swej wypowiedzi znaczenie pracy ze szko\u0142ami, m\u0142odzie\u017c\u0105 i organizowanie imprez dla przedszkolak\u00f3w, m\u0142odzie\u017cy szkolnej, jak i senior\u00f3w. Dzia\u0142alno\u015b\u0107 Rady M\u0142odzie\u017cowej przedstawi\u0142a Wilhelma Bara\u0144ska prezes brzeskiego oddzia\u0142u PTTK, przypominaj\u0105c o Konkursie Krasom\u00f3wczym, czy konkursie Poznajemy Ojcowizn\u0119, to og\u00f3lnopolskie imprezy z tradycjami. Nie zapomniano te\u017c o Rajdzie Malucha w Prudniku, czy Rajdzie Rowerowym w Brzegu.<\/p>\n<p>W cz\u0119\u015bci uroczystej wszystkim animatorom wr\u0119czono dyplomy asygnowane przez Marsza\u0142ka Wojew\u00f3dztwa Opolskiego Szymona Og\u0142az\u0119, Wicemarsza\u0142ka Wojew\u00f3dztwa Opolskiego Zbigniewa Kubala\u0144c\u0119 oraz Honorowego cz\u0142onka PTTK Lucjusza Bilika. Czytamy w tre\u015bci dyplomu m.in.:<em> \u201eW imieniu Samorz\u0105du Wojew\u00f3dztwa Opolskiego przekazuj\u0119 wyrazy uznania za pe\u0142n\u0105 pasji i zaanga\u017cowania dzia\u0142alno\u015b\u0107, kt\u00f3ra ma wielkie znaczenie zar\u00f3wno dla promocji naszego regionu, jak i dla edukacji dzieci i m\u0142odzie\u017cy.\u201d <\/em>Za\u0142\u0105cznikiem do dyplomu by\u0142 jak co roku gad\u017cet, tym razem lornetka.<\/p>\n<p>Wyr\u00f3\u017cniono tak\u017ce specjaln\u0105 statuetk\u0105 Klub G\u00f3rski \u015aWISTAK za 50 lat aktywnych dzia\u0142a\u0144, a prezesa klubu Jaros\u0142awa Sr\u0119bacza\u00a0 z\u0142ot\u0105 odznak\u0105 \u201e<em>Za dzia\u0142alno\u015b\u0107 z m\u0142odzie\u017c\u0105<\/em>\u201d.<\/p>\n<p>Odby\u0142y si\u0119 tak\u017ce wieczorami turystyczne igrce, czyli by\u0142 to czas zabawy przy akordeonie, gitarze, \u015bpiewanie piosenek turystycznych, a nawet wsp\u00f3lne ta\u0144ce oraz d\u0142ugie Polak\u00f3w rozmowy w podgrupach. Prowadz\u0105cymi nasze dzia\u0142ania turystyczno-krajoznawcze byli: nestor i Honorowy Przodwonik GOT Dolcio Mikulec oraz Jaros\u0142aw Sr\u0119bacz-Przewodnik Sudecki, przedstawiciel m\u0142odszego pokolenia. Niekt\u00f3rzy uczestnicy korzystali z oferty prowadz\u0105cych i podw\u00f3zki autokarem, ale byli te\u017c tacy, co chadzali swoimi \u015bcie\u017ckami. Jednak wszyscy wyjechali\u015bmy bogatsi o do\u015bwiadczenia, podpowiedzi starszych animator\u00f3w, zadzierzgni\u0119te przyja\u017anie i pewno\u015b\u0107, \u017ce nadal b\u0119dziemy dzia\u0142a\u0107 i w\u0119drowa\u0107, i to nie tylko w g\u00f3rach. Uda\u0142o nam si\u0119 m.in.: zdoby\u0107 szczyty Szrenic\u0119 i \u015anie\u017ck\u0119 oraz Wysoki Kamie\u0144, zwiedzi\u0107: Karpacz i Szklarsk\u0105 Por\u0119b\u0119, Chat\u0119 Walo\u0144sk\u0105, Sztolnie Pirytu, wodospady Szklarki\u00a0 i Kamie\u0144czyka, ponadto Z\u0142oty widok z niezliczonymi \u0142aweczkami do odpoczynku s\u0142u\u017c\u0105cymi, a na powrocie byli\u015bmy jeszcze w Muzeum multimedialnym Karkonoskiego Parku Narodowego oraz Pa\u0142acu Schaffgotsch\u00f3w w Sobieszowie.<\/p>\n<p>Tegoroczna pow\u00f3d\u017a przy\u0107mi\u0142a troch\u0119 rado\u015b\u0107 z corocznego spotkania ze znajomymi z ca\u0142ego wojew\u00f3dztwa z okazji Opolskich Dni Turystyki. Niemal\u017ce ka\u017cdy powiat w naszym wojew\u00f3dztwie ma swoje oko\u0142oturystyczne dzia\u0142ania aktywizuj\u0105ce m\u0142odzie\u017c i senior\u00f3w.<\/p>\n<p style=\"text-align: right;\">Tekst: Jan Janota<\/p>\n\n\n<figure class=\"wp-block-gallery has-nested-images columns-default is-cropped wp-block-gallery-1 is-layout-flex wp-block-gallery-is-layout-flex\">\n<figure class=\"wp-block-image size-large\"><img decoding=\"async\" data-id=\"2165\" src=\"https:\/\/opole.pttk.pl\/wp-content\/uploads\/2024\/10\/2024_wnat16.jpg\" alt=\"\" class=\"wp-image-2165\"\/><\/figure>\n\n\n\n<figure class=\"wp-block-image size-large\"><img decoding=\"async\" data-id=\"2167\" src=\"https:\/\/opole.pttk.pl\/wp-content\/uploads\/2024\/10\/2024_wnat18.jpg\" alt=\"\" class=\"wp-image-2167\"\/><\/figure>\n\n\n\n<figure class=\"wp-block-image size-large\"><img decoding=\"async\" data-id=\"2169\" src=\"https:\/\/opole.pttk.pl\/wp-content\/uploads\/2024\/10\/2024_wnat19.jpg\" alt=\"\" class=\"wp-image-2169\"\/><\/figure>\n\n\n\n<figure class=\"wp-block-image size-large\"><img decoding=\"async\" data-id=\"2173\" src=\"https:\/\/opole.pttk.pl\/wp-content\/uploads\/2024\/10\/2024_wnat20.jpg\" alt=\"\" class=\"wp-image-2173\"\/><\/figure>\n\n\n\n<figure class=\"wp-block-image size-large\"><img decoding=\"async\" data-id=\"2175\" src=\"https:\/\/opole.pttk.pl\/wp-content\/uploads\/2024\/10\/2024_wnat21.jpg\" alt=\"\" class=\"wp-image-2175\"\/><\/figure>\n\n\n\n<figure class=\"wp-block-image size-large\"><img decoding=\"async\" data-id=\"2171\" src=\"https:\/\/opole.pttk.pl\/wp-content\/uploads\/2024\/10\/2024_wnat22.jpg\" alt=\"\" class=\"wp-image-2171\"\/><\/figure>\n\n\n\n<figure class=\"wp-block-image size-large\"><img decoding=\"async\" data-id=\"2177\" src=\"https:\/\/opole.pttk.pl\/wp-content\/uploads\/2024\/10\/2024_wnat23.jpg\" alt=\"\" class=\"wp-image-2177\"\/><\/figure>\n\n\n\n<figure class=\"wp-block-image size-large\"><img decoding=\"async\" data-id=\"2179\" src=\"https:\/\/opole.pttk.pl\/wp-content\/uploads\/2024\/10\/2024_wnat24.jpg\" alt=\"\" class=\"wp-image-2179\"\/><\/figure>\n\n\n\n<figure class=\"wp-block-image size-large\"><img decoding=\"async\" data-id=\"2181\" src=\"https:\/\/opole.pttk.pl\/wp-content\/uploads\/2024\/10\/2024_wnat25.jpg\" alt=\"\" class=\"wp-image-2181\"\/><\/figure>\n\n\n\n<figure class=\"wp-block-image size-large\"><img decoding=\"async\" data-id=\"2183\" src=\"https:\/\/opole.pttk.pl\/wp-content\/uploads\/2024\/10\/2024_wnat26.jpg\" alt=\"\" class=\"wp-image-2183\"\/><\/figure>\n\n\n\n<figure class=\"wp-block-image size-large\"><img decoding=\"async\" data-id=\"2187\" src=\"https:\/\/opole.pttk.pl\/wp-content\/uploads\/2024\/10\/2024_wnat27.jpg\" alt=\"\" class=\"wp-image-2187\"\/><\/figure>\n\n\n\n<figure class=\"wp-block-image size-large\"><img decoding=\"async\" data-id=\"2185\" src=\"https:\/\/opole.pttk.pl\/wp-content\/uploads\/2024\/10\/2024_wnat28.jpg\" alt=\"\" class=\"wp-image-2185\"\/><\/figure>\n\n\n\n<figure class=\"wp-block-image size-large\"><img decoding=\"async\" data-id=\"2189\" src=\"https:\/\/opole.pttk.pl\/wp-content\/uploads\/2024\/10\/2024_wnat29.jpg\" alt=\"\" class=\"wp-image-2189\"\/><\/figure>\n\n\n\n<figure class=\"wp-block-image size-large\"><img decoding=\"async\" data-id=\"2115\" src=\"https:\/\/opole.pttk.pl\/wp-content\/uploads\/2024\/10\/LOGO-KWITNACE-.jpg\" alt=\"\" class=\"wp-image-2115\"\/><\/figure>\n<\/figure>\n","protected":false},"excerpt":{"rendered":"<p>Opolskie Dni Turystyki 2024 Animatorzy opolskiej turystyki w Karkonoszach Na doroczne spotkanie wyjazdowe dzia\u0142aczy PTTK naszego wojew\u00f3dztwa tym razem wybrano Szklarsk\u0105 Por\u0119b\u0119. Opolskie Dni Turystyki i Mi\u0119dzynarodowy Dzie\u0144 Turystyki \u015bwi\u0119towali\u015bmy w o\u015brodku JA\u015a usytuowanym w Szklarskiej Por\u0119bie Dolnej. Ju\u017c 37 lat je\u017adzimy i spotykamy si\u0119 w polskich g\u00f3rach na naszych wyjazd\u00f3wkach roboczych. Spotkania\u00a0 s\u0105 mo\u017cliwe [&hellip;]<\/p>\n","protected":false},"author":1,"featured_media":0,"parent":0,"menu_order":0,"comment_status":"closed","ping_status":"closed","template":"","meta":{"footnotes":""},"class_list":["post-2159","page","type-page","status-publish","hentry"],"_links":{"self":[{"href":"https:\/\/opole.pttk.pl\/index.php\/wp-json\/wp\/v2\/pages\/2159","targetHints":{"allow":["GET"]}}],"collection":[{"href":"https:\/\/opole.pttk.pl\/index.php\/wp-json\/wp\/v2\/pages"}],"about":[{"href":"https:\/\/opole.pttk.pl\/index.php\/wp-json\/wp\/v2\/types\/page"}],"author":[{"embeddable":true,"href":"https:\/\/opole.pttk.pl\/index.php\/wp-json\/wp\/v2\/users\/1"}],"replies":[{"embeddable":true,"href":"https:\/\/opole.pttk.pl\/index.php\/wp-json\/wp\/v2\/comments?post=2159"}],"version-history":[{"count":3,"href":"https:\/\/opole.pttk.pl\/index.php\/wp-json\/wp\/v2\/pages\/2159\/revisions"}],"predecessor-version":[{"id":2193,"href":"https:\/\/opole.pttk.pl\/index.php\/wp-json\/wp\/v2\/pages\/2159\/revisions\/2193"}],"wp:attachment":[{"href":"https:\/\/opole.pttk.pl\/index.php\/wp-json\/wp\/v2\/media?parent=2159"}],"curies":[{"name":"wp","href":"https:\/\/api.w.org\/{rel}","templated":true}]}}