{"id":2213,"date":"2024-10-04T07:36:27","date_gmt":"2024-10-04T05:36:27","guid":{"rendered":"https:\/\/opole.pttk.pl\/?page_id=2213"},"modified":"2024-10-04T07:49:09","modified_gmt":"2024-10-04T05:49:09","slug":"2023-2","status":"publish","type":"page","link":"https:\/\/opole.pttk.pl\/index.php\/2023-2\/","title":{"rendered":"2023"},"content":{"rendered":"<p style=\"text-align: center;\"><strong>XXXIX Og\u00f3lnopolski Konkurs Krasom\u00f3wczy<\/strong><\/p>\n\n<p>21.10.2023 r. w Klubie Wojskowym I Pu\u0142ku Saper\u00f3w w Brzegu odby\u0142y si\u0119 Eliminacje wojew\u00f3dzkie XXXIX Og\u00f3lnopolskiego Konkursu Krasom\u00f3wczego Dzieci i M\u0142odzie\u017cy Szkolnej wojew\u00f3dztwa opolskiego pod Honorowym Patronatem Marsza\u0142ka Wojew\u00f3dztwa Opolskiego P. Andrzeja Bu\u0142y. Organizatorem eliminacji by\u0142 Oddzia\u0142 PTTK w Brzegu Do eliminacji przyst\u0105pi\u0142o 15 uczni\u00f3w klas IV -VIII. Organizator dopu\u015bci\u0142 r\u00f3wnie\u017c do udzia\u0142u uczennic\u0119 z kl. II ,ale bez mo\u017cliwo\u015bci awansu do Fina\u0142u. Go\u015b\u0107mi honorowymi byli: Wiceprezes Zarz\u0105du G\u0142\u00f3wnego PTTK, Cz\u0142onek Honorowy, Prezes Oddzia\u0142u Regionalnego PTTK \u015al\u0105ska Opolskiego P. Lucjusz Bilik, Burmistrz Brzegu,P. Jerzy Wr\u0119biak, i Kustosz Pa\u0142acu w \u0141osiowie P. Monika Szczypior. Jury 5 osobowe z przewodnicz\u0105ca komisji, kt\u00f3ra przypomnia\u0142a najwa\u017cniejsze zadania konkursowe \u2013 zach\u0119canie do poznania w\u0142asnego regionu,jego historii, dorobku, zdobywanie wiedzy o Polsce i Polakach, zami\u0142owanie do pi\u0119knego i sugestywnego m\u00f3wienia. Wypowiedzi powinne by\u0107 spontanicznie,sugestywne,zaprezentowane barwn\u0105 i pi\u0119kn\u0105 polsk\u0105 proz\u0105. Prowadz\u0105cy konkurs P.M.<a class=\"x1i10hfl xjbqb8w x6umtig x1b1mbwd xaqea5y xav7gou x9f619 x1ypdohk xt0psk2 xe8uvvx xdj266r x11i5rnm xat24cr x1mh8g0r xexx8yu x4uap5 x18d9i69 xkhd6sd x16tdsg8 x1hl2dhg xggy1nq x1a2a7pz xt0b8zv x1qq9wsj xo1l8bm\" tabindex=\"0\" href=\"https:\/\/www.facebook.com\/profile.php?id=100089710230842&amp;__cft__[0]=AZU4rbewdOBOd2oAd7xUhpVVbE6SpPjcOfWXG-J07xp7QIDkCzxcyyTuHIN_9IK5IqPcZf-gQLEaffm-jRckWYBUGssI3KHUsMiDb5JKEzJvm8IDO2ZoehnBC-V6om1x8-KQMbRv23WbF7aqa-ivYjctR6XdScegpSwVfmnevtNbZg&amp;__tn__=-]K-R\"><span class=\"xt0psk2\">Stachu\u0142a<\/span><\/a>\u00a0zaprosi\u0142 uczestnik\u00f3w do losowania kolejno\u015bci wyst\u0105pie\u0144.oraz poinformowa\u0142 o zasadach punktacji. Po przes\u0142uchaniu wszystkich uczestnik\u00f3w, og\u0142oszono przerw\u0119 ,w czasie kt\u00f3rej toczy\u0142y si\u0119 obrady Jury, a uczestnicy,opiekunowie i go\u015bcie,udali si\u0119 na obiad. Po przerwie Przewodnicz\u0105ca Jury P. S. Jamka, og\u0142osi\u0142a wyniki konkursu i poinformowa\u0142a \u017ce ucz Ja\u015bmina Kuzdzal, reprezentuj\u0105c\u0105 Klub Wojskowy w Brzegu\/ opiekun Jana Koronkiewicz i Malwina Dendewicz\/ ucz PSP w Szybowcach\/ opiekun F. Dendewicz\/ b\u0119d\u0105 reprezentowa\u0142y woj.opolskie w Finale Og\u00f3lnopolskiego Konkursu Krasom\u00f3wczego w Legnicy ,w dniach 16-19.11.2023. Na zako\u0144czenie Konkursu Prezes Oddzia\u0142u PTTK W.\u00a0<a class=\"x1i10hfl xjbqb8w x6umtig x1b1mbwd xaqea5y xav7gou x9f619 x1ypdohk xt0psk2 xe8uvvx xdj266r x11i5rnm xat24cr x1mh8g0r xexx8yu x4uap5 x18d9i69 xkhd6sd x16tdsg8 x1hl2dhg xggy1nq x1a2a7pz xt0b8zv x1qq9wsj xo1l8bm\" tabindex=\"0\" href=\"https:\/\/www.facebook.com\/wilhelma.baranska?__cft__[0]=AZU4rbewdOBOd2oAd7xUhpVVbE6SpPjcOfWXG-J07xp7QIDkCzxcyyTuHIN_9IK5IqPcZf-gQLEaffm-jRckWYBUGssI3KHUsMiDb5JKEzJvm8IDO2ZoehnBC-V6om1x8-KQMbRv23WbF7aqa-ivYjctR6XdScegpSwVfmnevtNbZg&amp;__tn__=-]K-R\"><span class=\"xt0psk2\">Bara\u0144ska<\/span><\/a> pogratulowa\u0142a laureatom, wszystkim uczestnikom i ich opiekunom, wr\u0119czaj\u0105c podzi\u0119kowania, nagrody oraz upominki ufundowane przez Marsza\u0142ka Wojew\u00f3dztwa Opolskiego P Andrzeja Bu\u0142\u0119. Za zg\u0142oszenie laureat\u00f3w na Fina\u0142 do Legnicy odpowiedzialna Wiceprezes ds. M\u0142odzie\u017cy kol El\u017cbieta Ku\u017cd\u017ca\u0142 przekaza\u0142a informacje dotycz\u0105ce organizacji wyjazdu. R\u00f3wnie\u017c ogromne podzi\u0119kowania skierowane by\u0142y dla cz\u0142onk\u00f3w PTTK Oddzia\u0142u Ziemi Brzeskiej za pomoc w organizacji i przeprowadzenie konkursu.<\/p>\n\n\n<figure class=\"wp-block-gallery has-nested-images columns-default is-cropped wp-block-gallery-1 is-layout-flex wp-block-gallery-is-layout-flex\">\n<figure class=\"wp-block-image size-large\"><img decoding=\"async\" data-id=\"2221\" src=\"https:\/\/opole.pttk.pl\/wp-content\/uploads\/2024\/10\/2023_kras2.jpg\" alt=\"\" class=\"wp-image-2221\"\/><\/figure>\n\n\n\n<figure class=\"wp-block-image size-large\"><img decoding=\"async\" data-id=\"2223\" src=\"https:\/\/opole.pttk.pl\/wp-content\/uploads\/2024\/10\/2023_kras3.jpg\" alt=\"\" class=\"wp-image-2223\"\/><\/figure>\n\n\n\n<figure class=\"wp-block-image size-large\"><img decoding=\"async\" data-id=\"2225\" src=\"https:\/\/opole.pttk.pl\/wp-content\/uploads\/2024\/10\/2023_kras7.jpg\" alt=\"\" class=\"wp-image-2225\"\/><\/figure>\n\n\n\n<figure class=\"wp-block-image size-large\"><img decoding=\"async\" data-id=\"2227\" src=\"https:\/\/opole.pttk.pl\/wp-content\/uploads\/2024\/10\/2023_kras8.jpg\" alt=\"\" class=\"wp-image-2227\"\/><\/figure>\n\n\n\n<figure class=\"wp-block-image size-large\"><img decoding=\"async\" data-id=\"2229\" src=\"https:\/\/opole.pttk.pl\/wp-content\/uploads\/2024\/10\/2023_kras11.jpg\" alt=\"\" class=\"wp-image-2229\"\/><\/figure>\n\n\n\n<figure class=\"wp-block-image size-large\"><img decoding=\"async\" data-id=\"2231\" src=\"https:\/\/opole.pttk.pl\/wp-content\/uploads\/2024\/10\/2023_kras13.jpg\" alt=\"\" class=\"wp-image-2231\"\/><\/figure>\n\n\n\n<figure class=\"wp-block-image size-large\"><img decoding=\"async\" data-id=\"2233\" src=\"https:\/\/opole.pttk.pl\/wp-content\/uploads\/2024\/10\/2023_kras14.jpg\" alt=\"\" class=\"wp-image-2233\"\/><\/figure>\n\n\n\n<figure class=\"wp-block-image size-large\"><img decoding=\"async\" data-id=\"2235\" src=\"https:\/\/opole.pttk.pl\/wp-content\/uploads\/2024\/10\/2023_kras19.jpg\" alt=\"\" class=\"wp-image-2235\"\/><\/figure>\n\n\n\n<figure class=\"wp-block-image size-large\"><img decoding=\"async\" data-id=\"2237\" src=\"https:\/\/opole.pttk.pl\/wp-content\/uploads\/2024\/10\/2023_kras21.jpg\" alt=\"\" class=\"wp-image-2237\"\/><\/figure>\n\n\n\n<figure class=\"wp-block-image size-large\"><img decoding=\"async\" data-id=\"2239\" src=\"https:\/\/opole.pttk.pl\/wp-content\/uploads\/2024\/10\/2023_kras22.jpg\" alt=\"\" class=\"wp-image-2239\"\/><\/figure>\n\n\n\n<figure class=\"wp-block-image size-large\"><img loading=\"lazy\" decoding=\"async\" width=\"300\" height=\"180\" data-id=\"1605\" src=\"https:\/\/opole.pttk.pl\/wp-content\/uploads\/2024\/09\/20_lat_unia-2.jpg\" alt=\"\" class=\"wp-image-1605\"\/><\/figure>\n<\/figure>\n","protected":false},"excerpt":{"rendered":"<p>XXXIX Og\u00f3lnopolski Konkurs Krasom\u00f3wczy 21.10.2023 r. w Klubie Wojskowym I Pu\u0142ku Saper\u00f3w w Brzegu odby\u0142y si\u0119 Eliminacje wojew\u00f3dzkie XXXIX Og\u00f3lnopolskiego Konkursu Krasom\u00f3wczego Dzieci i M\u0142odzie\u017cy Szkolnej wojew\u00f3dztwa opolskiego pod Honorowym Patronatem Marsza\u0142ka Wojew\u00f3dztwa Opolskiego P. Andrzeja Bu\u0142y. Organizatorem eliminacji by\u0142 Oddzia\u0142 PTTK w Brzegu Do eliminacji przyst\u0105pi\u0142o 15 uczni\u00f3w klas IV -VIII. Organizator dopu\u015bci\u0142 r\u00f3wnie\u017c [&hellip;]<\/p>\n","protected":false},"author":1,"featured_media":0,"parent":0,"menu_order":0,"comment_status":"closed","ping_status":"closed","template":"","meta":{"footnotes":""},"class_list":["post-2213","page","type-page","status-publish","hentry"],"_links":{"self":[{"href":"https:\/\/opole.pttk.pl\/index.php\/wp-json\/wp\/v2\/pages\/2213","targetHints":{"allow":["GET"]}}],"collection":[{"href":"https:\/\/opole.pttk.pl\/index.php\/wp-json\/wp\/v2\/pages"}],"about":[{"href":"https:\/\/opole.pttk.pl\/index.php\/wp-json\/wp\/v2\/types\/page"}],"author":[{"embeddable":true,"href":"https:\/\/opole.pttk.pl\/index.php\/wp-json\/wp\/v2\/users\/1"}],"replies":[{"embeddable":true,"href":"https:\/\/opole.pttk.pl\/index.php\/wp-json\/wp\/v2\/comments?post=2213"}],"version-history":[{"count":6,"href":"https:\/\/opole.pttk.pl\/index.php\/wp-json\/wp\/v2\/pages\/2213\/revisions"}],"predecessor-version":[{"id":2247,"href":"https:\/\/opole.pttk.pl\/index.php\/wp-json\/wp\/v2\/pages\/2213\/revisions\/2247"}],"wp:attachment":[{"href":"https:\/\/opole.pttk.pl\/index.php\/wp-json\/wp\/v2\/media?parent=2213"}],"curies":[{"name":"wp","href":"https:\/\/api.w.org\/{rel}","templated":true}]}}