{"id":2267,"date":"2024-10-08T07:55:07","date_gmt":"2024-10-08T05:55:07","guid":{"rendered":"https:\/\/opole.pttk.pl\/?page_id=2267"},"modified":"2024-10-08T08:00:44","modified_gmt":"2024-10-08T06:00:44","slug":"zarzad-okp-bolko","status":"publish","type":"page","link":"https:\/\/opole.pttk.pl\/index.php\/zarzad-okp-bolko\/","title":{"rendered":"Zarz\u0105d OKP Bolko"},"content":{"rendered":"<p><strong>Prezes &#8211; Krystyna S\u0142odczyk<\/strong><\/p>\n<p>Wiceprezes &#8211; Janina Chrobak<\/p>\n<p>Skarbnik &#8211; Renata Lukoshek<\/p>\n<p>Cz\u0142onek Zarz\u0105du &#8211; Krystyna Glesner-Witkowska.<\/p>\n<p><strong>Komisja Rewizyjna<\/strong><\/p>\n<p><strong>Przewodnicz\u0105ca &#8211; Stefania Lisek<\/strong><\/p>\n<p>Cz\u0142onek Komisji &#8211; Beata Koczy<\/p>\n","protected":false},"excerpt":{"rendered":"<p>Prezes &#8211; Krystyna S\u0142odczyk Wiceprezes &#8211; Janina Chrobak Skarbnik &#8211; Renata Lukoshek Cz\u0142onek Zarz\u0105du &#8211; Krystyna Glesner-Witkowska. Komisja Rewizyjna Przewodnicz\u0105ca &#8211; Stefania Lisek Cz\u0142onek Komisji &#8211; Beata Koczy<\/p>\n","protected":false},"author":1,"featured_media":0,"parent":0,"menu_order":0,"comment_status":"closed","ping_status":"closed","template":"","meta":{"footnotes":""},"class_list":["post-2267","page","type-page","status-publish","hentry"],"_links":{"self":[{"href":"https:\/\/opole.pttk.pl\/index.php\/wp-json\/wp\/v2\/pages\/2267","targetHints":{"allow":["GET"]}}],"collection":[{"href":"https:\/\/opole.pttk.pl\/index.php\/wp-json\/wp\/v2\/pages"}],"about":[{"href":"https:\/\/opole.pttk.pl\/index.php\/wp-json\/wp\/v2\/types\/page"}],"author":[{"embeddable":true,"href":"https:\/\/opole.pttk.pl\/index.php\/wp-json\/wp\/v2\/users\/1"}],"replies":[{"embeddable":true,"href":"https:\/\/opole.pttk.pl\/index.php\/wp-json\/wp\/v2\/comments?post=2267"}],"version-history":[{"count":3,"href":"https:\/\/opole.pttk.pl\/index.php\/wp-json\/wp\/v2\/pages\/2267\/revisions"}],"predecessor-version":[{"id":2275,"href":"https:\/\/opole.pttk.pl\/index.php\/wp-json\/wp\/v2\/pages\/2267\/revisions\/2275"}],"wp:attachment":[{"href":"https:\/\/opole.pttk.pl\/index.php\/wp-json\/wp\/v2\/media?parent=2267"}],"curies":[{"name":"wp","href":"https:\/\/api.w.org\/{rel}","templated":true}]}}