{"id":2287,"date":"2024-10-08T08:07:23","date_gmt":"2024-10-08T06:07:23","guid":{"rendered":"https:\/\/opole.pttk.pl\/?page_id=2287"},"modified":"2026-04-27T10:13:08","modified_gmt":"2026-04-27T08:13:08","slug":"galeria-2","status":"publish","type":"page","link":"https:\/\/opole.pttk.pl\/index.php\/galeria-2\/","title":{"rendered":"Galeria"},"content":{"rendered":"<p>Wzg\u00f3rza Niemcza\u0144skie &#8211; <a href=\"https:\/\/photos.app.goo.gl\/uvuf4KSs33cKqUGq8\">album<\/a><\/p>\n<p>Kraina wygas\u0142ych wulkan\u00f3w &#8211; <a href=\"https:\/\/photos.app.goo.gl\/ydxh7hXcTi2Hx5sW8\">album<\/a><\/p>\n<p>Powitanie wiosny w Jurze Krakowsko-Cz\u0119stochowskiej &#8211; <a href=\"https:\/\/photos.app.goo.gl\/zJhCjUDgwiUNwjxJ9\">album<\/a><\/p>\n<p>\u201eSzlakiem znanych kobiet &#8211; Ksi\u0119\u017cna Daisy\u201d-<a href=\"https:\/\/photos.app.goo.gl\/R6bB4kiDMssDuwCg6\">album<\/a><\/p>\n<p>Zimowe Mi\u0119dzyg\u00f3rze &#8211; <a href=\"https:\/\/photos.app.goo.gl\/reBMdrtFJZFhyHP1A\">album<\/a><\/p>\n<p>Zimowe wej\u015bcie na \u015al\u0119\u017ce &#8211; <a href=\"https:\/\/photos.app.goo.gl\/tvqsHgvvfyciVNDo9\">album<\/a><\/p>\n<p>Noworoczne spotkanie turyst\u00f3w Walidrogi &#8211; <a href=\"https:\/\/photos.app.goo.gl\/zGnvv2nC255hY6Q96\">album<\/a><\/p>\n<p>Rajd Andrzejkowy &#8211; <a href=\"https:\/\/photos.app.goo.gl\/SVQPrgB1Rv6JshUT6\">album<\/a><\/p>\n<p>Walne Zebranie KT Tramp &#8211; <a href=\"https:\/\/photos.app.goo.gl\/MRNspnXSxKBFw8yp8\">album<\/a><\/p>\n<p>Rajd Niepodleg\u0142o\u015bci &#8211; <a href=\"https:\/\/photos.app.goo.gl\/UbDfAMbZa69sfcep6\">album<\/a><\/p>\n<p>Dzikowiec &#8211; <a href=\"https:\/\/photos.app.goo.gl\/5c9VQGKbmM7M1aaz5\">album<\/a><\/p>\n<p>Pogranicze Polsko-Czeskie &#8211; Hradec Kralove &#8211; Kuks &#8211; <a href=\"https:\/\/photos.app.goo.gl\/EuAnd4xMAymMsSnM8\">album<\/a><\/p>\n<p>Dalimilova Rozhledna &#8211; <a href=\"https:\/\/photos.app.goo.gl\/VEwj1pNKkFnq1g5d7\">album<\/a><\/p>\n<p>IX Bieszczadzkie w\u0119dr\u00f3wki z TRAMPEM &#8211; <a href=\"https:\/\/photos.app.goo.gl\/jRSRYYSTAeqsmqaD9\">album<\/a><\/p>\n<p>Wzg\u00f3rza W\u0142odzickie &#8211; <a href=\"https:\/\/photos.app.goo.gl\/PGSPoBtWxctuq4wF7\">album<\/a><\/p>\n<p>Beskid \u015al\u0105sko-Morawski &#8211; Radhost &#8211; <a href=\"https:\/\/photos.app.goo.gl\/D2qQT36facvTWLRh7\">album<\/a><\/p>\n<p>Kajakiem i pieszo &#8211; <a href=\"https:\/\/photos.app.goo.gl\/MgqfahQvzY9PuXhK8\">album<\/a><\/p>\n<p>Beskid \u017bywiecki &#8211; <a href=\"https:\/\/photos.app.goo.gl\/EtPkjxX5DkxaR1Dr5\">album<\/a><\/p>\n<p>Broumovske steny &#8211; <a href=\"https:\/\/photos.app.goo.gl\/jnt5gBko8urr7dXc6\">album<\/a><\/p>\n<p>Klimczok &#8211; <a href=\"https:\/\/photos.app.goo.gl\/48fDZFg8NboD4jJd6\">album<\/a><\/p>\n<p>Kobyla G\u00f3ra i Arboretum Le\u015bne &#8211; <a href=\"https:\/\/photos.app.goo.gl\/anaypBQjxd6CEkweA\">album<\/a><\/p>\n<p>Maj\u00f3wka &#8211; album <a href=\"https:\/\/photos.app.goo.gl\/WjeM3wuBb7hiJZxe6\">cz.1<\/a> i<a href=\"https:\/\/photos.app.goo.gl\/uzqYreZ3eByYXSq1A\"> cz.2<\/a><\/p>\n<p>Nysa &#8211; \u015al\u0105ski Rzym &#8211;<a href=\"https:\/\/photos.app.goo.gl\/ByEhbnho2gA8Sf3g9\"> album<\/a><\/p>\n<p>Powitanie wiosny &#8211; <a href=\"https:\/\/photos.app.goo.gl\/GT6HmYadWHwbs9Qe8\">album<\/a><\/p>\n<p>Szlakiem znanych kobiet &#8211; <a href=\"https:\/\/photos.app.goo.gl\/P1Upvw3dNn4x6bUF8\">album<\/a><\/p>\n<p>55 lat Ko\u0142a Tramp &#8211; <a href=\"https:\/\/photos.app.goo.gl\/gqsREF83pyaSkxzw9\">album<\/a><\/p>\n<p>Che\u0142miec &#8211; <a href=\"https:\/\/photos.app.goo.gl\/PqfVEm2raFjHsTPm9\">album<\/a><\/p>\n<p>Powitanie Nowego Roku 2025 &#8211; <a href=\"https:\/\/photos.app.goo.gl\/k2aUHGRk1eM8nBmu9\">album<\/a><\/p>\n<p>Andrzejki z Trampem &#8211; <a href=\"https:\/\/photos.app.goo.gl\/dCB5KNB1YR4VeZ4D6\">album<\/a><\/p>\n<p>Rajd Niepodleg\u0142o\u015bci &#8211; <a href=\"https:\/\/photos.app.goo.gl\/rCPSVNpTxvUDB7Lz5\">album<\/a><\/p>\n<p>Pri\u0107ny Vrch &#8211; <a href=\"https:\/\/photos.app.goo.gl\/keMyZAg2zdvepnrW9\">album<\/a><\/p>\n<p>Dolina Pr\u0105dnika &#8211; <a href=\"https:\/\/photos.app.goo.gl\/8Pk5ThE5WxBWZMcb8\">album<\/a><\/p>\n<p>WNAT 2024 &#8211; <a href=\"https:\/\/photos.app.goo.gl\/NY6aU5EkbQHaJW4r7\">album<\/a><\/p>\n<p>Zdobywamy \u015anie\u017ck\u0119 z KT Tramp &#8211; <a href=\"https:\/\/photos.app.goo.gl\/KPs5S1GHvdWvsVf69\">album<\/a><\/p>\n<p>VIII Bieszczadzkie w\u0119dr\u00f3wki z Trampem &#8211; <a href=\"https:\/\/photos.app.goo.gl\/rRuKk8PD72QePQm48\">album<\/a><\/p>\n<p>Jura Krakowsko-Cz\u0119stochowska &#8211; <a href=\"https:\/\/photos.app.goo.gl\/oyoFSTF8cDnxUAom9\">album<\/a><\/p>\n<p>Po\u017cegnanie wakacji &#8211; <a href=\"https:\/\/photos.app.goo.gl\/VcfC92y1X3Xxj4Fu8\">album<\/a><\/p>\n<p>Rajd Niepodleg\u0142o\u015bci &#8211; <a href=\"https:\/\/photos.app.goo.gl\/CGGtGTCmm8cstJ3Y6\">album<\/a><\/p>\n<h1 class=\"title single\"><\/h1>\n","protected":false},"excerpt":{"rendered":"<p>Wzg\u00f3rza Niemcza\u0144skie &#8211; album Kraina wygas\u0142ych wulkan\u00f3w &#8211; album Powitanie wiosny w Jurze Krakowsko-Cz\u0119stochowskiej &#8211; album \u201eSzlakiem znanych kobiet &#8211; Ksi\u0119\u017cna Daisy\u201d-album Zimowe Mi\u0119dzyg\u00f3rze &#8211; album Zimowe wej\u015bcie na \u015al\u0119\u017ce &#8211; album Noworoczne spotkanie turyst\u00f3w Walidrogi &#8211; album Rajd Andrzejkowy &#8211; album Walne Zebranie KT Tramp &#8211; album Rajd Niepodleg\u0142o\u015bci &#8211; album Dzikowiec &#8211; album [&hellip;]<\/p>\n","protected":false},"author":1,"featured_media":0,"parent":0,"menu_order":0,"comment_status":"closed","ping_status":"closed","template":"","meta":{"footnotes":""},"class_list":["post-2287","page","type-page","status-publish","hentry"],"_links":{"self":[{"href":"https:\/\/opole.pttk.pl\/index.php\/wp-json\/wp\/v2\/pages\/2287","targetHints":{"allow":["GET"]}}],"collection":[{"href":"https:\/\/opole.pttk.pl\/index.php\/wp-json\/wp\/v2\/pages"}],"about":[{"href":"https:\/\/opole.pttk.pl\/index.php\/wp-json\/wp\/v2\/types\/page"}],"author":[{"embeddable":true,"href":"https:\/\/opole.pttk.pl\/index.php\/wp-json\/wp\/v2\/users\/1"}],"replies":[{"embeddable":true,"href":"https:\/\/opole.pttk.pl\/index.php\/wp-json\/wp\/v2\/comments?post=2287"}],"version-history":[{"count":33,"href":"https:\/\/opole.pttk.pl\/index.php\/wp-json\/wp\/v2\/pages\/2287\/revisions"}],"predecessor-version":[{"id":6223,"href":"https:\/\/opole.pttk.pl\/index.php\/wp-json\/wp\/v2\/pages\/2287\/revisions\/6223"}],"wp:attachment":[{"href":"https:\/\/opole.pttk.pl\/index.php\/wp-json\/wp\/v2\/media?parent=2287"}],"curies":[{"name":"wp","href":"https:\/\/api.w.org\/{rel}","templated":true}]}}