{"id":3331,"date":"2025-01-16T08:32:48","date_gmt":"2025-01-16T07:32:48","guid":{"rendered":"https:\/\/opole.pttk.pl\/?page_id=3331"},"modified":"2025-10-07T09:38:20","modified_gmt":"2025-10-07T07:38:20","slug":"historia-klubu","status":"publish","type":"page","link":"https:\/\/opole.pttk.pl\/index.php\/historia-klubu\/","title":{"rendered":"Historia Klubu"},"content":{"rendered":"<p><strong>Klub G\u00f3rski \u015aWISTAK PTTK w Opolu<\/strong> \u2013 powsta\u0142 12 lutego 1974 roku z inicjatywy mi\u0142o\u015bnik\u00f3w turystyki g\u00f3rskiej i dzia\u0142aczy PTTK, przy Zarz\u0105dzie PTTK w Opolu, w czerwcu 1975 roku ustanowiona zosta\u0142a nazwa klubu \u2013 \u201eKlub G\u00f3rski \u015aWISTAK\u201d 14 marca 1987 roku klub przenosi si\u0119 pod Zarz\u0105d Wojew\u00f3dzki PTTK w Opolu, a od 17 listopada 2007 roku klub dzia\u0142a w strukturze Oddzia\u0142u Regionalnego PTTK \u015al\u0105ska Opolskiego w Opolu. Pocz\u0105tkowo w\u015br\u00f3d imprez organizowanych przez klub mo\u017cna wymieni\u0107 rajdy w Sudety, Beskidy, Tatry, z czasem klub organizowa\u0142 wyprawy w g\u00f3ry Europy i \u015bwiata, a cz\u0142onkowie klubu przemierzali szlaki g\u00f3rskie peruwia\u0144skich And\u00f3w, bu\u0142garskich Rodop\u00f3w, rumu\u0144skich i ukrai\u0144skich Karpat itd. Klub zorganizowa\u0142 r\u00f3wnie\u017c wyprawy w Alpy W\u0142oskie i Szwajcarskie oraz Alpy Bawarskie, jednak najwa\u017cniejsz\u0105 imprez\u0105 klubow\u0105 po dzie\u0144 dzisiejszy pozostaje Jesienny Opolski Rajd Tatrza\u0144ski; organizowany od 1960 roku, kt\u00f3ry jest najstarsz\u0105 i najwi\u0119ksz\u0105 imprez\u0105 g\u00f3rsk\u0105 wojew\u00f3dztwa opolskiego (w tym roku odb\u0119dzie si\u0119 54. edycja rajdu) Klub przez lata organizowa\u0142 r\u00f3wnie\u017c okoliczno\u015bciowe prelekcje i wyk\u0142ady dotycz\u0105ce temat\u00f3w g\u00f3rskich, bezpiecze\u0144stwa na szlaku itd. dla cz\u0142onk\u00f3w i sympatyk\u00f3w klubu oraz dla dzieci i m\u0142odzie\u017cy szkolnej. Od 2007 roku Klub G\u00f3rski \u015aWISTAK , jest organizatorem corocznych Zlot\u00f3w Przodownik\u00f3w Turystyki G\u00f3rskiej PTTK Wojew\u00f3dztwa Opolskiego oraz wielu innych okoliczno\u015bciowych wydarze\u0144 zwi\u0105zanych z turystyk\u0105 g\u00f3rsk\u0105. Staraniem klubu w 2017 roku powo\u0142ana zosta\u0142a w Opolu Komisja Egzaminacyjna dla Przodownik\u00f3w Turystyki G\u00f3rskiej PTTK, w latach 2017 \u2013 2022, klub zorganizowa\u0142 7 sesji egzaminacyjnych w trakcie, kt\u00f3rych mianowano nowych 12 PTG PTTK, a 23 osoby uzyska\u0142y rozszerzenia. Dodatkowo klub zajmuje si\u0119 organizacj\u0105 szkole\u0144 dla Przodownik\u00f3w Turystyki G\u00f3rskiej PTTK z woj. opolskiego dotycz\u0105cego bezpiecze\u0144stwa w g\u00f3rach, zimowej i letniej turystyki g\u00f3rskiej itd. W\u015br\u00f3d innych wa\u017cnych wydarze\u0144 w historii klubu nale\u017cy wymieni\u0107 organizacj\u0119 przez nasz klub VIII Og\u00f3lnopolskiego Zlotu Klub\u00f3w G\u00f3rskich i Alpinistycznych PTTK w 1988 roku oraz XXXII Og\u00f3lnopolskiego Zlotu Klub\u00f3w G\u00f3rskich PTTK w 2012 roku. \u00a0 <br \/>Za swoj\u0105 dzia\u0142alno\u015b\u0107 Klub G\u00f3rski \u015aWISTAK PTTK w Opolu zosta\u0142 wyr\u00f3\u017cniony przez Zarz\u0105d G\u0142\u00f3wny PTTK \u2013 <strong><em>Honorow\u0105 Odznak\u0105 PTTK w stopniu z\u0142otym<\/em><\/strong> (nr 16970 z dn. 24.02.2012 r.) oraz przez Ministra Sportu i Turystyki \u2013 <strong><em>Odznak\u0105 Honorow\u0105 \u201eZa zas\u0142ugi dla turystyki\u201d <\/em><\/strong>(nr 3882\/2011 z dn. 05.05.2011 r.), a w 2024 roku Medalem Komisji Turystyki G\u00f3rskiej Zarz\u0105du G\u0142\u00f3wnego PTTK nr 385. Klub G\u00f3rski \u015aWISTAK w Opolu jest najwi\u0119kszym i najstarszym klubem g\u00f3rskim w wojew\u00f3dztwie opolskim organizuj\u0105c liczne wydarzenia o tematyce g\u00f3rskiej.<\/p>\n\n\n<figure class=\"wp-block-gallery has-nested-images columns-default is-cropped wp-block-gallery-1 is-layout-flex wp-block-gallery-is-layout-flex\">\n<figure class=\"wp-block-image size-large\"><img loading=\"lazy\" decoding=\"async\" width=\"500\" height=\"500\" data-id=\"3345\" src=\"https:\/\/opole.pttk.pl\/wp-content\/uploads\/2025\/01\/znaczek_1.jpg\" alt=\"\" class=\"wp-image-3345\" srcset=\"https:\/\/opole.pttk.pl\/wp-content\/uploads\/2025\/01\/znaczek_1.jpg 500w, https:\/\/opole.pttk.pl\/wp-content\/uploads\/2025\/01\/znaczek_1-300x300.jpg 300w, https:\/\/opole.pttk.pl\/wp-content\/uploads\/2025\/01\/znaczek_1-150x150.jpg 150w\" sizes=\"auto, (max-width: 500px) 100vw, 500px\" \/><\/figure>\n\n\n\n<figure class=\"wp-block-image size-large\"><img loading=\"lazy\" decoding=\"async\" width=\"500\" height=\"500\" data-id=\"3347\" src=\"https:\/\/opole.pttk.pl\/wp-content\/uploads\/2025\/01\/znaczek_2.jpg\" alt=\"\" class=\"wp-image-3347\" srcset=\"https:\/\/opole.pttk.pl\/wp-content\/uploads\/2025\/01\/znaczek_2.jpg 500w, https:\/\/opole.pttk.pl\/wp-content\/uploads\/2025\/01\/znaczek_2-300x300.jpg 300w, https:\/\/opole.pttk.pl\/wp-content\/uploads\/2025\/01\/znaczek_2-150x150.jpg 150w\" sizes=\"auto, (max-width: 500px) 100vw, 500px\" \/><\/figure>\n\n\n\n<figure class=\"wp-block-image size-large\"><img loading=\"lazy\" decoding=\"async\" width=\"732\" height=\"732\" data-id=\"5618\" src=\"https:\/\/opole.pttk.pl\/wp-content\/uploads\/2025\/10\/54.jort-button.webp\" alt=\"\" class=\"wp-image-5618\" srcset=\"https:\/\/opole.pttk.pl\/wp-content\/uploads\/2025\/10\/54.jort-button.webp 732w, https:\/\/opole.pttk.pl\/wp-content\/uploads\/2025\/10\/54.jort-button-300x300.webp 300w, https:\/\/opole.pttk.pl\/wp-content\/uploads\/2025\/10\/54.jort-button-150x150.webp 150w\" sizes=\"auto, (max-width: 732px) 100vw, 732px\" \/><\/figure>\n<\/figure>\n","protected":false},"excerpt":{"rendered":"<p>Klub G\u00f3rski \u015aWISTAK PTTK w Opolu \u2013 powsta\u0142 12 lutego 1974 roku z inicjatywy mi\u0142o\u015bnik\u00f3w turystyki g\u00f3rskiej i dzia\u0142aczy PTTK, przy Zarz\u0105dzie PTTK w Opolu, w czerwcu 1975 roku ustanowiona zosta\u0142a nazwa klubu \u2013 \u201eKlub G\u00f3rski \u015aWISTAK\u201d 14 marca 1987 roku klub przenosi si\u0119 pod Zarz\u0105d Wojew\u00f3dzki PTTK w Opolu, a od 17 listopada 2007 [&hellip;]<\/p>\n","protected":false},"author":1,"featured_media":0,"parent":0,"menu_order":0,"comment_status":"closed","ping_status":"closed","template":"","meta":{"footnotes":""},"class_list":["post-3331","page","type-page","status-publish","hentry"],"_links":{"self":[{"href":"https:\/\/opole.pttk.pl\/index.php\/wp-json\/wp\/v2\/pages\/3331","targetHints":{"allow":["GET"]}}],"collection":[{"href":"https:\/\/opole.pttk.pl\/index.php\/wp-json\/wp\/v2\/pages"}],"about":[{"href":"https:\/\/opole.pttk.pl\/index.php\/wp-json\/wp\/v2\/types\/page"}],"author":[{"embeddable":true,"href":"https:\/\/opole.pttk.pl\/index.php\/wp-json\/wp\/v2\/users\/1"}],"replies":[{"embeddable":true,"href":"https:\/\/opole.pttk.pl\/index.php\/wp-json\/wp\/v2\/comments?post=3331"}],"version-history":[{"count":7,"href":"https:\/\/opole.pttk.pl\/index.php\/wp-json\/wp\/v2\/pages\/3331\/revisions"}],"predecessor-version":[{"id":5619,"href":"https:\/\/opole.pttk.pl\/index.php\/wp-json\/wp\/v2\/pages\/3331\/revisions\/5619"}],"wp:attachment":[{"href":"https:\/\/opole.pttk.pl\/index.php\/wp-json\/wp\/v2\/media?parent=3331"}],"curies":[{"name":"wp","href":"https:\/\/api.w.org\/{rel}","templated":true}]}}