{"id":3411,"date":"2025-01-21T07:46:08","date_gmt":"2025-01-21T06:46:08","guid":{"rendered":"https:\/\/opole.pttk.pl\/?page_id=3411"},"modified":"2025-01-21T08:05:01","modified_gmt":"2025-01-21T07:05:01","slug":"regulamin-komisji-turystyki-gorskiej","status":"publish","type":"page","link":"https:\/\/opole.pttk.pl\/index.php\/regulamin-komisji-turystyki-gorskiej\/","title":{"rendered":"Regulamin Komisji Turystyki G\u00f3rskiej"},"content":{"rendered":"<p style=\"text-align: center;\"><strong>Regulamin Komisji Turystyki G\u00f3rskiej<\/strong><\/p>\n<p style=\"text-align: center;\"><strong>Oddzia\u0142u Regionalnego PTTK \u015al\u0105ska Opolskiego<\/strong><\/p>\n<p style=\"text-align: center;\">Rozdzia\u0142 I<strong><br \/>\n<\/strong>Postanowienia og\u00f3lne<\/p>\n<p style=\"text-align: left;\">\u00a0<strong>Art. 1<\/strong><\/p>\n<p style=\"text-align: left;\">Regulamin zosta\u0142 uchwalony przez Zarz\u0105d Oddzia\u0142u Regionalnego PTTK \u201e\u015al\u0105ska Opolskiego\u201d w Opolu uchwa\u0142\u0105 nr 13\/2022 z dnia 08.12.2022 r.<\/p>\n<p style=\"text-align: center;\">Rozdzia\u0142 II<strong><br \/>\n<\/strong>Zadania, tryb i zakres dzia\u0142ania<strong><br \/>\n<\/strong><\/p>\n<p style=\"text-align: left;\"><strong>Art. 2.<\/strong><\/p>\n<p>1. Do zakresu dzia\u0142ania Komisji Turystyki G\u00f3rskiej, Oddzia\u0142u Regionalnego PTTK \u015al\u0105ska Opolskiego w Opolu nale\u017c\u0105 zagadnienia zwi\u0105zane z realizacj\u0105 cel\u00f3w i zada\u0144 PTTK w dziedzinie przez ni\u0105 reprezentowanej, a w szczeg\u00f3lno\u015bci, fachowe doradztwo Zarz\u0105dowi Oddzia\u0142u Regionalnego PTTK \u015al\u0105ska Opolskiego w kwestiach turystyki g\u00f3rskiej.<br \/>\n2. Komisja opracowuje szczeg\u00f3\u0142owy roczny plan pracy, kt\u00f3ry podlega zatwierdzeniu przez Zarz\u0105d Oddzia\u0142u Regionalnego PTTK \u015al\u0105ska Opolskiego.<br \/>\n3. Siedzib\u0105 Komisji jest biuro Oddzia\u0142u Regionalnego PTTK \u015al\u0105ska Opolskiego i dzia\u0142a ona<br \/>\nw oparciu o oddzia\u0142owe \u015brodki wymiany\u00a0korespondencji.<\/p>\n<p><strong>Art. 3.<\/strong><br \/>\nDo zada\u0144 utworzonej Komisji nale\u017cy:<\/p>\n<ol>\n<li>1. Realizowanie zada\u0144 wynikaj\u0105cych z uchwa\u0142 Zjazdu Oddzia\u0142u, Zarz\u0105du Oddzia\u0142u i w\u0142adz\u00a0naczelnych PTTK.<br \/>\n2. Kszta\u0142towanie wzorc\u00f3w, w\u0142a\u015bciwych postaw i zachowa\u0144 zwi\u0105zanych<br \/>\nz aktywno\u015bci\u0105 turystyczn\u0105\u00a0w g\u00f3rach.<br \/>\n3. Szerzenie dzia\u0142alno\u015bci w zakresie ochrony \u015brodowiska przyrodniczego, kulturowego\u00a0g\u00f3r uwzgl\u0119dniaj\u0105cych rozw\u00f3j turystyki g\u00f3rskiej.<br \/>\n4. Prowadzenie ewidencji Przewodnik\u00f3w G\u00f3rskich, Przodownik\u00f3w Turystyki G\u00f3rskiej PTTK i Znakarzy Szlak\u00f3w\u00a0G\u00f3rskich.<br \/>\n5. Upowszechnianie zdobywania G\u00f3rskiej Odznaki Turystycznej PTTK i innych odznak g\u00f3rskich.<br \/>\n6. Prowadzenie Terenowego Referatu Weryfikacyjnego GOT \u2013 PTTK na terenie dzia\u0142ania\u00a0Oddzia\u0142uRegionalnego PTTK \u015al\u0105ska Opolskiego.<br \/>\n7. Uczestniczenie przez cz\u0142onk\u00f3w Komisji w organizowanych seminariach<br \/>\ni konferencjach\u00a0zwi\u0105zanych z tematyk\u0105 g\u00f3rsk\u0105<br \/>\n8. Gromadzenie i zapoznawanie si\u0119 z opracowanymi i wydawanymi materia\u0142ami szkoleniowymi,\u00a0informacyjnymi i popularyzatorskimi dotycz\u0105cymi g\u00f3r.<br \/>\n9. Organizowanie imprez g\u00f3rskich \u2013 wycieczek, rajd\u00f3w, zlot\u00f3w, konferencji itp.<br \/>\n10. Wykonywanie innych zada\u0144 wynikaj\u0105cych ze specyfiki dzia\u0142a\u0144 Komisji Turystyki G\u00f3rskiej.<br \/>\n11. Wyst\u0119powanie do Zarz\u0105du Oddzia\u0142uRegionalnegoPTTK \u015al\u0105ska Opolskiego z wnioskami o wyr\u00f3\u017cnienia i odznaczenia nadawane przez ZG PTTK\u00a0oraz KTG ZG PTTK.<\/li>\n<li>Szkolenie kandydat\u00f3w na Przodownik\u00f3w Turystyki G\u00f3rskiej PTTK, egzaminowanie ich oraz nadawanie i rozszerzanie uprawnie\u0144 w ramach Regionalnej Komisji Egzaminacyjnej.<\/li>\n<\/ol>\n<p><strong>Art. 4.<\/strong><br \/>\n1. Zarz\u0105d Oddzia\u0142u PTTK \u015al\u0105ska Opolskiego powo\u0142uje Komisj\u0119 Turystyki G\u00f3rskiej na okres kadencji jako organ\u00a0doradczy w sprawach okre\u015blonych<br \/>\nw art. 3.<br \/>\n2. Kadencja Komisji obejmuje okres pomi\u0119dzy Zjazdami Oddzia\u0142uRegionalnego PTTK\u015al\u0105ska Opolskiego.<br \/>\n3. Prawo zg\u0142aszania kandydat\u00f3w do Komisji Turystyki G\u00f3rskiej przys\u0142uguje:<br \/>\na. cz\u0142onkom Zarz\u0105du Oddzia\u0142u Regionalnego PTTK \u015al\u0105ska Opolskiego.<br \/>\nb. ust\u0119puj\u0105cej Komisji Turystyki G\u00f3rskiej.<br \/>\nc. Przodownikom Turystyki G\u00f3rskiej PTTK i Przewodnikom G\u00f3rskim, kt\u00f3rzy s\u0105 cz\u0142onkami PTTK w Oddziale Regionalnym PTTK \u015al\u0105ska Opolskiego.<br \/>\n<strong>Art. 5<\/strong>.<br \/>\n1. Komisja realizuje swoje zadania we wsp\u00f3\u0142pracy z innymi organami fachowymi i jednostkami\u00a0PTTK.<br \/>\n2. Przewodnicz\u0105cy Komisji mo\u017ce bra\u0107 udzia\u0142 w posiedzeniach Zarz\u0105du Oddzia\u0142u Regionalnego PTTK \u015al\u0105ska Opolskiego, z g\u0142osem\u00a0doradczym wtedy gdy tematyka dotyczy dzia\u0142alno\u015bci Komisji.<\/p>\n<p style=\"text-align: center;\">Rozdzia\u0142 III<\/p>\n<p style=\"text-align: center;\">Zasady tworzenia<\/p>\n<p style=\"text-align: left;\"><strong>Art. 6.<br \/>\n<\/strong>1. Komisja Turystyki G\u00f3rskiej jest wybierana przez zebranie sprawozdawczo<br \/>\n\u2013 wyborcze w g\u0142osowaniu tajnym w ilo\u015bci do 5 cz\u0142onk\u00f3w.<br \/>\n2. Kadencja Komisji Turystyki G\u00f3rskiej obejmuje okres mi\u0119dzy Zjazdami Oddzia\u0142u Regionalnego PTTK \u015al\u0105ska Opolskiego.<br \/>\n3. Sk\u0142ad oraz zmiany sk\u0142adu KTG nast\u0119puj\u0105ce w okresie kadencji podlegaj\u0105 zatwierdzeniu\u00a0przez Zarz\u0105d Oddzia\u0142u Regionalnego PTTK \u015al\u0105ska Opolskiego.<\/p>\n<p style=\"text-align: center;\">Rozdzia\u0142 IV<br \/>\nOrganizacja i tryb pracy komisji<\/p>\n<p><strong>Art. 7.<br \/>\n<\/strong>1. Przewodnicz\u0105cego, wiceprzewodnicz\u0105cego i sekretarza oraz cz\u0142onk\u00f3w Komisji\u00a0wybiera si\u0119 w tajnym g\u0142osowaniu z po\u015br\u00f3d wybranych cz\u0142onk\u00f3w Komisji Turystyki G\u00f3rskiej.<br \/>\n<strong>Art. 8.<\/strong><br \/>\n1. Zebrania Komisji, zwo\u0142ywane s\u0105 przez przewodnicz\u0105cego lub osob\u0119 przez niego wyznaczon\u0105 w\u00a0miar\u0119 potrzeb, wed\u0142ug ustalonego harmonogramu lecz nie mniej ni\u017c 4 razy w roku, oraz w\u00a0razie potrzeby.<br \/>\n2. Prawo zwo\u0142ywania zebrania Komisji przys\u0142uguje r\u00f3wnie\u017c Zarz\u0105dowi Oddzia\u0142u RegionalnegoPTTK \u015al\u0105ska Opolskiego.<br \/>\n3. Uchwa\u0142y Komisji zapadaj\u0105 wi\u0119kszo\u015bci\u0105 g\u0142os\u00f3w, w razie r\u00f3wnej ilo\u015bci g\u0142os\u00f3w, g\u0142os rozstrzygaj\u0105cy\u00a0nale\u017cy do przewodnicz\u0105cego. Uchwa\u0142y Komisji przekazywane s\u0105 Zarz\u0105dowi Oddzia\u0142u Regionalnego PTTK \u015al\u0105ska Opolskiego.<br \/>\n4. Zebrania Komisji, s\u0105 protoko\u0142owane za\u015b dokumentacja jest przechowywana w biurze Oddzia\u0142u Regionalnego PTTK \u015al\u0105ska Opolskiego\u00a0oraz Komisji.<br \/>\n<strong>Art. 9.<\/strong><br \/>\n1. Zarz\u0105dowi Oddzia\u0142u Regionalnego PTTK \u015al\u0105ska Opolskiego przys\u0142uguje prawo uchylenia uchwa\u0142 komisji je\u017celi s\u0105 sprzeczne z\u00a0przepisami prawa, Statutu PTTK, niniejszym regulaminem lub interesami PTTK.<br \/>\n2. Zarz\u0105dowi Oddzia\u0142u Regionalnego PTTK\u015al\u0105ska Opolskiego przys\u0142uguje prawo zawieszenia lub odwo\u0142ania cz\u0142onka Komisji je\u017celi jego\u00a0dzia\u0142alno\u015b\u0107 jest sprzeczna z przepisami prawa lub Statutem PTTK.<br \/>\n<strong>Art. 10<\/strong>.<br \/>\n1. Komisja dzia\u0142a w oparciu o \u015brodki finansowe w ramach bud\u017cetu Oddzia\u0142u Regionalnego PTTK \u015al\u0105ska Opolskiego , dotacji oraz mo\u017ce korzysta\u0107 ze \u015brodk\u00f3w przyznanych na zadania zlecone.<br \/>\n<strong>Art. 11.<\/strong><br \/>\n1. Interpretacja niniejszego regulaminu nale\u017cy do Zarz\u0105du Oddzia\u0142u RegionalnegoPTTK \u015al\u0105ska Opolskiego.<br \/>\n2. W sprawach nieuregulowanych niniejszym regulaminem maj\u0105 zastosowanie przepisy prawa, Statutu Oddzia\u0142u Regionalnego PTTK \u015al\u0105ska Opolskiego i Statutu PTTK.<br \/>\n3. Komisja ma prawo u\u017cywania piecz\u0105tki firmowej Oddzia\u0142u Regionalnego PTTK \u015al\u0105ska Opolskiego z napisem Komisja Turystyki\u00a0G\u00f3rskiej.<br \/>\n<strong>Art. 12.<\/strong><br \/>\nRegulamin niniejszy wchodzi w \u017cycie z dniem uchwalenia przez Zarz\u0105d Oddzia\u0142u Regionalnego PTTK \u015al\u0105ska Opolskiego.<\/p>\n","protected":false},"excerpt":{"rendered":"<p>Regulamin Komisji Turystyki G\u00f3rskiej Oddzia\u0142u Regionalnego PTTK \u015al\u0105ska Opolskiego Rozdzia\u0142 I Postanowienia og\u00f3lne \u00a0Art. 1 Regulamin zosta\u0142 uchwalony przez Zarz\u0105d Oddzia\u0142u Regionalnego PTTK \u201e\u015al\u0105ska Opolskiego\u201d w Opolu uchwa\u0142\u0105 nr 13\/2022 z dnia 08.12.2022 r. Rozdzia\u0142 II Zadania, tryb i zakres dzia\u0142ania Art. 2. 1. Do zakresu dzia\u0142ania Komisji Turystyki G\u00f3rskiej, Oddzia\u0142u Regionalnego PTTK \u015al\u0105ska Opolskiego [&hellip;]<\/p>\n","protected":false},"author":1,"featured_media":0,"parent":0,"menu_order":0,"comment_status":"closed","ping_status":"closed","template":"","meta":{"footnotes":""},"class_list":["post-3411","page","type-page","status-publish","hentry"],"_links":{"self":[{"href":"https:\/\/opole.pttk.pl\/index.php\/wp-json\/wp\/v2\/pages\/3411","targetHints":{"allow":["GET"]}}],"collection":[{"href":"https:\/\/opole.pttk.pl\/index.php\/wp-json\/wp\/v2\/pages"}],"about":[{"href":"https:\/\/opole.pttk.pl\/index.php\/wp-json\/wp\/v2\/types\/page"}],"author":[{"embeddable":true,"href":"https:\/\/opole.pttk.pl\/index.php\/wp-json\/wp\/v2\/users\/1"}],"replies":[{"embeddable":true,"href":"https:\/\/opole.pttk.pl\/index.php\/wp-json\/wp\/v2\/comments?post=3411"}],"version-history":[{"count":3,"href":"https:\/\/opole.pttk.pl\/index.php\/wp-json\/wp\/v2\/pages\/3411\/revisions"}],"predecessor-version":[{"id":3431,"href":"https:\/\/opole.pttk.pl\/index.php\/wp-json\/wp\/v2\/pages\/3411\/revisions\/3431"}],"wp:attachment":[{"href":"https:\/\/opole.pttk.pl\/index.php\/wp-json\/wp\/v2\/media?parent=3411"}],"curies":[{"name":"wp","href":"https:\/\/api.w.org\/{rel}","templated":true}]}}