{"id":4647,"date":"2025-05-19T08:35:13","date_gmt":"2025-05-19T06:35:13","guid":{"rendered":"https:\/\/opole.pttk.pl\/?page_id=4647"},"modified":"2025-05-19T08:39:07","modified_gmt":"2025-05-19T06:39:07","slug":"historia-rpk","status":"publish","type":"page","link":"https:\/\/opole.pttk.pl\/index.php\/historia-rpk\/","title":{"rendered":"Historia RPK"},"content":{"rendered":"<p style=\"text-align: center;\"><strong>Historia Regionalnej Pracowni Krajoznawczej PTTK w Opolu w latach 1990 &#8211; 1997<\/strong><\/p>\n<p>Pierwsze informacje o istnieniu Regionalnej Pracowni Krajoznawczej PTTK w Opolu pochodz\u0105 z 1990 roku. Zatwierdzono wtedy preliminarz wydatk\u00f3w na rok 1990. Ze szcz\u0105tkowo zachowanych materia\u0142\u00f3w archiwalnych dowiedzie\u0107 si\u0119 mo\u017cemy, \u017ce w 1990 roku w RPK zatrudnione by\u0142y trzy osoby: kierownik, pracownik i osoba sprz\u0105taj\u0105ca. Jak wynika z rozliczenia koszt\u00f3w na podstawie preliminarza na 1990 rok, RPK wyda\u0142a ponad 60 tys. (starych) z\u0142otych na zadanie programowe. Ca\u0142o\u015b\u0107 \u015brodk\u00f3w pozyskano z dofinansowania Zarz\u0105du G\u0142\u00f3wnego PTTK.<\/p>\n<p>12 grudnia 1990 na posiedzeniu Wojew\u00f3dzkiej Komisji Krajoznawczej powo\u0142ano Rad\u0119 Programow\u0105 Regionalnej Pracowni Krajoznawczej PTTK w Opolu. W jej sk\u0142ad wchodzili Henryk Paciej, Leon Korc, Albert Szyndzielorz, Pawe\u0142 Twardo\u0144 oraz Franciszek Kamysz. Niestety w dokumentacji nie ma \u017cadnych informacji o dzia\u0142alno\u015bci tej komisji.<\/p>\n<p>Grudzie\u0144 1990 roku przyni\u00f3s\u0142 niema\u0142\u0105 rewolucj\u0119 w \u017cyciu struktur PTTK na \u015al\u0105sku Opolskim. Zarz\u0105d G\u0142\u00f3wny podj\u0105\u0142 bowiem decyzj\u0119 o likwidacji struktur wojew\u00f3dzkich Towarzystwa. Maj\u0105tek nietrwa\u0142y oraz ksi\u0119gozbi\u00f3r licz\u0105cy 971 pozycji spisem zdawczo-odbiorczym przekazany zosta\u0142 przez likwidatora Zarz\u0105du Wojew\u00f3dzkiego PTTK J. Celebana na r\u0119ce Agnieszki Kotlarz, pracownika pe\u0142ni\u0105cego obowi\u0105zki kierownika Regionalnej Pracowni Krajoznawczej. RPK przej\u0105\u0142 pod swe skrzyd\u0142a Regionalny O\u015brodek Programowy w Opolu, kt\u00f3ry przej\u0105\u0142 zadania Zarz\u0105du Wojew\u00f3dzkiego PTTK.<\/p>\n<p>Sprawozdanie z dzia\u0142alno\u015bci RPK za rok 1990 przynosi wiele ciekawych informacji, rzucaj\u0105cych nieco \u015bwiat\u0142o na to, czym zajmowano si\u0119 w Pracowni. Wyposa\u017cenie techniczne sk\u0142ada\u0142o si\u0119 z magnetofonu, aparatu fotograficznego Zenith, powi\u0119kszalnika Krokus oraz rzutnika Diapol. Ilo\u015b\u0107 czytelnik\u00f3w w 1990 roku wynios\u0142a 64, zarejestrowano 73 wypo\u017cyczenia, a czytelni\u0119 odwiedzi\u0142o 321 os\u00f3b. Z kartoteki i opracowa\u0144 skorzysta\u0142o 5 czytelnik\u00f3w.<\/p>\n<p>Przez ca\u0142y rok 1991 RPK wsp\u00f3\u0142pracowa\u0142a z komisjami wojew\u00f3dzkimi: Krajoznawcz\u0105, Fotografii Krajoznawczej, Ochrony Przyrody, Opieki nad Zabytkami, Kolarsk\u0105, Piesz\u0105 i M\u0142odzie\u017cow\u0105.<\/p>\n<p>RPK przygotowa\u0142a wystawy na IV Kongres Krajoznawstwa Polskiego, kt\u00f3ry w 1990 roku odby\u0142 si\u0119 w Opolu. Prowadzono inwentaryzacj\u0119 krajoznawcz\u0105 \u2013 zrealizowano gmin\u0119 Skorogoszcz, na uko\u0144czeniu by\u0142a Ziemia Brzeska. Wydawano plakaty, znaczki, exlibrisy oraz folder z okazji Dni Turystyki \u201990. Prowadzono bie\u017c\u0105c\u0105 dzia\u0142alno\u015b\u0107 we wsp\u00f3\u0142pracy z ko\u0142ami i klubami.<\/p>\n<p>Podobnie jak dzi\u015b, zwracano uwag\u0119 na trudno\u015bci lokalowe, kt\u00f3re nie pozwalaj\u0105 na realizacj\u0119 zamierzonych cel\u00f3w<\/p>\n<p>Nie s\u0105 znane przyczyny du\u017cych strat w ksi\u0119gozbiorze. Jak podano w Sprawozdaniu, w 1989 roku RPK utraci\u0142a sze\u015b\u0107set pi\u0119\u0107dziesi\u0105t pozycji, a w 1990 dwana\u015bcie. Zas\u00f3b wyliczono na 301 pozycji co budzi zastrze\u017cenia, bior\u0105c pod uwag\u0119 fakt, \u017ce 30 listopada 1990 roku, a wi\u0119c trzy miesi\u0105ce przed powstaniem Sprawozdania, przekazano w zas\u00f3b RPK dziewi\u0119\u0107set siedemdziesi\u0105t jeden pozycji ksi\u0105\u017ckowych.<\/p>\n<p>Rok 1991 przyni\u00f3s\u0142 \u201eProgram dzia\u0142ania RPK na rok 1991\u201d. W oparciu o wnioski i cele podj\u0119te podczas IV Kongresu Krajoznawstwa Polskiego zdecydowano \u201ezmierza\u0107 w stron\u0119 przeciwdzia\u0142ania kryzysowi warto\u015bci, odbudowania \u015bl\u0105skiej to\u017csamo\u015bci kulturalnej, ochrony przyrody i krajobrazu kulturowego w regionie, a tak\u017ce krajoznawczego przygotowywania spo\u0142eczno\u015bci regionu do \u017cycia w nowym \u0142adzie Polski\u201d.<\/p>\n<p>Jakie to by\u0142y zadania? M\u00f3wi\u0142y o tym cztery rozdzia\u0142y Programu:<\/p>\n<ol>\n<li>Gromadzenie materia\u0142\u00f3w naukowych i popularno-naukowych dotycz\u0105cych turystyki i krajoznawstwa<\/li>\n<\/ol>\n<ul>\n<li>Uzupe\u0142nianie bie\u017c\u0105ce zbior\u00f3w bibliotecznych i bibliografii<\/li>\n<li>Kontynuowanie zada\u0144 wynikaj\u0105cych z Inwentaryzacji Krajoznawczej Regionu<\/li>\n<li>Kompletowanie dokumentacji z inwentaryzacji krajoznawczej<\/li>\n<\/ul>\n<ol start=\"2\">\n<li>Opracowanie materia\u0142\u00f3w krajoznawczych<\/li>\n<\/ol>\n<ul>\n<li>Wsp\u00f3\u0142dzia\u0142anie z innymi organizacjami turystycznymi, Wydzia\u0142em Spraw Spo\u0142ecznych Urz\u0119du Wojew\u00f3dzkiego, Instytutem \u015al\u0105skim, Wy\u017csz\u0105 Szko\u0142\u0105 Pedagogiczn\u0105 w Opolu w zakresie opracowywania i wydawania materia\u0142\u00f3w dotycz\u0105cych walor\u00f3w krajoznawczych regionu dla potrzeb kadry funkcyjne Towarzystwa<\/li>\n<li>Kontynuacja dzia\u0142a\u0144 w zakresie opracowania bibliografii krajoznawczej regionu.<\/li>\n<li>Opiniowanie tras turystycznych dla potrzeb komisji turystyki kwalifikowanej i problemowych oddzia\u0142\u00f3w i k\u00f3\u0142.<\/li>\n<li>Wsp\u00f3lnie z Centralnym O\u015brodkiem Informacji turystycznej opracowywanie materia\u0142\u00f3w \u2013 folder\u00f3w, map, wydawnictw turystycznych o regionie \u015al\u0105ska Opolskiego.<\/li>\n<li>Kontynuowanie wydawnictw o regionie w ramach biblioteczki krajoznawczej pracowni.<\/li>\n<li>Wznowienie druku Informacji Turystyczno-Krajoznawczych o regionie \/dwumiesi\u0119cznik\/ adresowanego sw\u0105 tre\u015bci\u0105 do cz\u0142onk\u00f3w Oddzia\u0142\u00f3w i K\u00f3\u0142 PTTK woj. Opolskiego. \u2013 reaktywowanie Kolegium \u2013 Zespo\u0142u Redakcyjnego Informacji.<\/li>\n<li>Prowadzenie dzia\u0142alno\u015bci wydawniczej w zakresie:<\/li>\n<\/ul>\n<p>&#8211; druk kalendarza imprez turystycznych i informacji turystycznej na rok 1991<\/p>\n<p>&#8211; opracowanie graficzne i wydawnictw zwi\u0105zanych z dniami turystyki \u2013 1991<\/p>\n<p>&#8211; przygotowanie projekt\u00f3w i wydanie materia\u0142\u00f3w zwi\u0105zanych z organizacj\u0105 \u015al\u0105skiego Sympozjum Krajoznawczego, Og\u00f3lnopolskiego Sympozjum Fotografii Krajoznawczej i Plener\u00f3w Fotograf\u00f3w Krajoznawc\u00f3w.<\/p>\n<ol start=\"3\">\n<li>Upowszechnianie wiedzy turystyczno \u2013 krajoznawczej<\/li>\n<\/ol>\n<ul>\n<li>Organizacja \u015al\u0105skiego Sympozjum Krajoznawczego, Og\u00f3lnopolskiego Sympozjum Fotografii Krajoznawczej oraz Plener\u00f3w Fotograf\u00f3w Krajoznawc\u00f3w.<\/li>\n<li>Organizowanie odczyt\u00f3w, prelekcji, wystaw krajoznawczych.<\/li>\n<li>Rozpowszechnianie w\u0142asnych materia\u0142\u00f3w krajoznawczych poprzez kolporta\u017c ich do Towarzystw Regionalnych, bibliotek, uczelni, Towarzystw Kulturalnych, Instytutu \u015al\u0105skiego.<\/li>\n<li>Wsp\u00f3\u0142dzia\u0142anie z organizacjami spo\u0142ecznymi, instytucjami kulturalnymi, plac\u00f3wkami naukowo-badawczymi w zakresie organizacji wsp\u00f3lnych przedsi\u0119wzi\u0119\u0107.<\/li>\n<li>\u015acis\u0142a wsp\u00f3\u0142praca z pras\u0105, radiem i telewizj\u0105 w zakresie popularyzacji \u017cycia krajoznawczego regionu.<\/li>\n<li>Wsp\u00f3\u0142dzia\u0142anie z innymi Regionalnymi Pracowniami Krajoznawczymi w zakresie realizacji i planowania wsp\u00f3lnych zada\u0144.<\/li>\n<\/ul>\n<ol start=\"4\">\n<li>Dzia\u0142alno\u015b\u0107 organizacyjna<\/li>\n<\/ol>\n<ul>\n<li>Kontynuacja dzia\u0142a\u0144 zmierzaj\u0105cych do popularyzowania zada\u0144 Regionalnej Pracowni Krajoznawczej w regionie.<\/li>\n<li>Poszerzenie bazy w zakresie \u015brodk\u00f3w technicznych niezb\u0119dnych do rejestracji informacji technik\u0105 video, komputerow\u0105 itp.<\/li>\n<li>Kontynuacja zada\u0144 zmierzaj\u0105cych w kierunku poprawy bazy lokalowej RPK dla powadzenia prac specjalistycznych aktywu skupionego w Klubach.<\/li>\n<\/ul>\n<p style=\"text-align: left;\">Opracowa\u0142:<\/p>\n<p style=\"text-align: left;\">p.o. Kierownika RPK<\/p>\n<p>Agnieszka Kotlarz<\/p>\n<p>Opole, dnia 1991-01-30<\/p>\n<p>Dzi\u0119ki \u201eInformatorowi i kalendarzowi imprez turystycznych na 1991 rok\u201d wiemy, \u017ce Regionalna Pracownia Krajoznawcza PTTK w Opolu czynna by\u0142a pi\u0119\u0107 dni w tygodniu: w poniedzia\u0142ki i wtorki od 7:30 do 15:30, \u015brody i czwartki od 11:00 do 19:00, a w pi\u0105tki od 7:30 do 15:30.<\/p>\n<p>1993 rok up\u0142yn\u0105\u0142 w atmosferze przygotowa\u0144 do szkolenia kadry \u2013 Instruktor\u00f3w Krajoznawstwa Regionu i Polski. Ramowy program szkolenia wype\u0142niony by\u0142 \u201epo korek\u201d: szereg wyk\u0142ad\u00f3w, prezentacji kandydat\u00f3w, wycieczk\u0119 z nauk\u0105 metodyki poznawania najbli\u017cszej okolicy przez dzieci i m\u0142odzie\u017c, \u0107wiczenia z inwentaryzacji krajoznawczej. Ostatniego dnia odby\u0142o si\u0119 zaliczenie. W kursie udzia\u0142 wzi\u0119\u0142o czterdzie\u015bci osiem os\u00f3b z r\u00f3\u017cnych zak\u0105tk\u00f3w \u015al\u0105ska Opolskiego.<\/p>\n<p>Prowadzona przez Agnieszk\u0119 Kotlarz RPK w Opolu wsp\u00f3\u0142pracowa\u0142a z pi\u0119tnastoma instruktorami krajoznawstwa, Klubem Krajoznawczym, Komisjami Turystyki Kolarskiej, Motorowej, Ochrony przyrody czy M\u0142odzie\u017cow\u0105. Wsp\u00f3\u0142organizowano X i XI Sympozja Krajoznawcze.<\/p>\n<p>Nadal wydawano kalendarz i informator turystyczny, udzielano porad zainteresowanym, udost\u0119pniano zbiory, sprz\u0119t audiowizualny, szkolono Instruktor\u00f3w Krajoznawstwa, organizowano imprezy turystyczne wsp\u00f3lnie z komisjami.<\/p>\n<p>Niestety z niewiadomych wzgl\u0119d\u00f3w w 1993 zaprzestano prowadzenie inwentaryzacji krajoznawczej. W Ankiecie z dzia\u0142alno\u015bci za 1993 rok nie wykazano \u017cadnego inwentaryzatora. Nie weryfikowano Odznaki Krajoznawczej PTTK oraz odznak krajoznawczych.<\/p>\n<p>Podobnie sytuacja RPK w Opolu wygl\u0105da\u0142a w latach 1994-1997. Pow\u00f3d\u017a tysi\u0105clecia zahamowa\u0142a dzia\u0142alno\u015b\u0107 krajoznawcz\u0105 w stolicy wojew\u00f3dztwa. Zbiory biblioteczne, materia\u0142y z inwentaryzacji krajoznawczej regionu zosta\u0142y utracone bezpowrotnie. Po otrz\u0105\u015bni\u0119ciu si\u0119 ze zniszcze\u0144, rozpocz\u0119to na nowo odtwarzanie zbior\u00f3w Pracowni. Z ca\u0142ego serca pragniemy podzi\u0119kowa\u0107 wszystkim darczy\u0144com, kt\u00f3rzy do\u0142o\u017cyli sw\u0105 cegie\u0142k\u0119 i wsparci nas w tym ambitnym zadaniu.<\/p>\n<p>Opracowa\u0142:<\/p>\n<p>Patryk Frydel<\/p>\n<p>Regionalna Pracownia Krajoznawcza PTTK w Opolu<\/p>\n","protected":false},"excerpt":{"rendered":"<p>Historia Regionalnej Pracowni Krajoznawczej PTTK w Opolu w latach 1990 &#8211; 1997 Pierwsze informacje o istnieniu Regionalnej Pracowni Krajoznawczej PTTK w Opolu pochodz\u0105 z 1990 roku. Zatwierdzono wtedy preliminarz wydatk\u00f3w na rok 1990. Ze szcz\u0105tkowo zachowanych materia\u0142\u00f3w archiwalnych dowiedzie\u0107 si\u0119 mo\u017cemy, \u017ce w 1990 roku w RPK zatrudnione by\u0142y trzy osoby: kierownik, pracownik i osoba [&hellip;]<\/p>\n","protected":false},"author":1,"featured_media":0,"parent":0,"menu_order":0,"comment_status":"closed","ping_status":"closed","template":"","meta":{"footnotes":""},"class_list":["post-4647","page","type-page","status-publish","hentry"],"_links":{"self":[{"href":"https:\/\/opole.pttk.pl\/index.php\/wp-json\/wp\/v2\/pages\/4647","targetHints":{"allow":["GET"]}}],"collection":[{"href":"https:\/\/opole.pttk.pl\/index.php\/wp-json\/wp\/v2\/pages"}],"about":[{"href":"https:\/\/opole.pttk.pl\/index.php\/wp-json\/wp\/v2\/types\/page"}],"author":[{"embeddable":true,"href":"https:\/\/opole.pttk.pl\/index.php\/wp-json\/wp\/v2\/users\/1"}],"replies":[{"embeddable":true,"href":"https:\/\/opole.pttk.pl\/index.php\/wp-json\/wp\/v2\/comments?post=4647"}],"version-history":[{"count":3,"href":"https:\/\/opole.pttk.pl\/index.php\/wp-json\/wp\/v2\/pages\/4647\/revisions"}],"predecessor-version":[{"id":4655,"href":"https:\/\/opole.pttk.pl\/index.php\/wp-json\/wp\/v2\/pages\/4647\/revisions\/4655"}],"wp:attachment":[{"href":"https:\/\/opole.pttk.pl\/index.php\/wp-json\/wp\/v2\/media?parent=4647"}],"curies":[{"name":"wp","href":"https:\/\/api.w.org\/{rel}","templated":true}]}}