{"id":5576,"date":"2025-10-06T08:27:52","date_gmt":"2025-10-06T06:27:52","guid":{"rendered":"https:\/\/opole.pttk.pl\/?page_id=5576"},"modified":"2025-10-09T07:07:37","modified_gmt":"2025-10-09T05:07:37","slug":"2025-4","status":"publish","type":"page","link":"https:\/\/opole.pttk.pl\/index.php\/2025-4\/","title":{"rendered":"2025"},"content":{"rendered":"\n<p>Pocz\u0105tek pa\u017adziernika sp\u0119dzili\u015bmy w wyj\u0105tkowym miejscu \u2014 w Zwardoniu, gdzie odby\u0142a si\u0119 Wojew\u00f3dzka Narada Animator\u00f3w Turystyki po\u0142\u0105czona z Opolskimi Dniami Turystyki. To by\u0142y cztery dni pe\u0142ne merytorycznych spotka\u0144, rozm\u00f3w, odkry\u0107 i pozytywnej energii. G\u00f3rski klimat sprzyja\u0142 refleksjom i inspiracjom, dlatego te\u017c wiele czasu po\u015bwi\u0119cili\u015bmy na snucie planu dzia\u0142ania na przysz\u0142o\u015b\u0107. To wa\u017cne zw\u0142aszcza teraz, w 75 rocznic\u0119 powstania Polskiego Towarzystwa Turystyczno-Krajoznawczego. Podczas uroczystej cz\u0119\u015bci oficjalnej, na r\u0119ce najaktywniejszych dzia\u0142aczy oddzia\u0142\u00f3w PTTK z Opolszczyzny zosta\u0142y wr\u0119czone Dyplomy Marsza\u0142ka Wojew\u00f3dztwa Opolskiego oraz nagrody rzeczowe w postaci sprz\u0119tu turystycznego. Nast\u0119pnie dyskutowano nad najistotniejszymi kwestiami i problemami pal\u0105cymi PTTK oraz jego struktury terenowe w wojew\u00f3dztwie opolskiego. Wiceprezes Zarz\u0105du G\u0142\u00f3wnego PTTK, Lucjusz Bilik, przybli\u017cy\u0142 zebranym za\u0142o\u017cenia Strategii Rozwoju PTTK. Ten niezwykle istotny dokument wytycza kierunki dzia\u0142ania, a tak\u017ce stanowi podstaw\u0119 do wdra\u017cania nowoczesnych narz\u0119dzi w oddzia\u0142ach PTTK. Rozmawiano tak\u017ce nad zmianami w Statucie oraz o zbli\u017caj\u0105cej si\u0119 Kampanii Sprawozdawczo-Wyborczej.<br>Narada Animator\u00f3w Turystyki to zawsze co\u015b wi\u0119cej ni\u017c tylko oficjalne obrady. To przestrze\u0144 do rozm\u00f3w, wymiany dobrych praktyk i wzajemnego wspierania si\u0119 w dzia\u0142aniach. W tym roku szczeg\u00f3lnie du\u017co m\u00f3wi\u0142o si\u0119 o zr\u00f3wnowa\u017conym rozwoju, promocji regionu i roli edukacji w budowaniu \u015bwiadomo\u015bci turystycznej. Ka\u017cdy dzie\u0144 przynosi\u0142 nowe pomys\u0142y i energi\u0119 do dalszych dzia\u0142a\u0144. Nie spos\u00f3b nie podkre\u015bli\u0107, \u017ce za sukcesem ca\u0142ego wydarzenia stoj\u0105 animatorzy turystyki \u2013 ludzie z pasj\u0105, sercem i ogromnym zaanga\u017cowaniem. To dzi\u0119ki nim region opolski t\u0119tni \u017cyciem, a lokalne atrakcje nabieraj\u0105 duszy. Serdeczne podzi\u0119kowania dla wszystkich animator\u00f3w turystyki, kt\u00f3rzy ka\u017cdego dnia promuj\u0105 nasz region, inspiruj\u0105 innych i pokazuj\u0105, \u017ce turystyka to nie tylko praca, ale i spos\u00f3b na \u017cycie. Szczeg\u00f3lne podzi\u0119kowania kierujemy do przedstawicieli Departamentu Sportu i Turystyki Urz\u0119du Marsza\u0142kowskiego w Opolu, kt\u00f3rzy od niemal 30 lat owocnej wsp\u00f3\u0142pracy, zawsze z \u017cyczliwo\u015bci\u0105 podchodz\u0105 do naszych problem\u00f3w i nigdy nie odmawiaj\u0105 pomocy.<\/p>\n\n\n<p style=\"text-align: center;\"><strong>Galeria zdj\u0119\u0107<\/strong> &#8211; <a href=\"https:\/\/photos.app.goo.gl\/AHsdCneWQoWvjnTj6\">tutaj<\/a><\/p>\n\n\n<figure class=\"wp-block-gallery has-nested-images columns-default is-cropped wp-block-gallery-1 is-layout-flex wp-block-gallery-is-layout-flex\">\n<figure class=\"wp-block-image size-large\"><img loading=\"lazy\" decoding=\"async\" width=\"768\" height=\"576\" data-id=\"5679\" src=\"https:\/\/opole.pttk.pl\/wp-content\/uploads\/2025\/10\/wnat_2025_0-1-768x576-1.jpg\" alt=\"\" class=\"wp-image-5679\" srcset=\"https:\/\/opole.pttk.pl\/wp-content\/uploads\/2025\/10\/wnat_2025_0-1-768x576-1.jpg 768w, https:\/\/opole.pttk.pl\/wp-content\/uploads\/2025\/10\/wnat_2025_0-1-768x576-1-300x225.jpg 300w\" sizes=\"auto, (max-width: 768px) 100vw, 768px\" \/><\/figure>\n\n\n\n<figure class=\"wp-block-image size-large\"><img loading=\"lazy\" decoding=\"async\" width=\"768\" height=\"576\" data-id=\"5680\" src=\"https:\/\/opole.pttk.pl\/wp-content\/uploads\/2025\/10\/wnat_2025_7-2-768x576-1.jpg\" alt=\"\" class=\"wp-image-5680\" srcset=\"https:\/\/opole.pttk.pl\/wp-content\/uploads\/2025\/10\/wnat_2025_7-2-768x576-1.jpg 768w, https:\/\/opole.pttk.pl\/wp-content\/uploads\/2025\/10\/wnat_2025_7-2-768x576-1-300x225.jpg 300w\" sizes=\"auto, (max-width: 768px) 100vw, 768px\" \/><\/figure>\n\n\n\n<figure class=\"wp-block-image size-large\"><img loading=\"lazy\" decoding=\"async\" width=\"768\" height=\"576\" data-id=\"5681\" src=\"https:\/\/opole.pttk.pl\/wp-content\/uploads\/2025\/10\/wnat_2025_12-768x576-1.jpg\" alt=\"\" class=\"wp-image-5681\" srcset=\"https:\/\/opole.pttk.pl\/wp-content\/uploads\/2025\/10\/wnat_2025_12-768x576-1.jpg 768w, https:\/\/opole.pttk.pl\/wp-content\/uploads\/2025\/10\/wnat_2025_12-768x576-1-300x225.jpg 300w\" sizes=\"auto, (max-width: 768px) 100vw, 768px\" \/><\/figure>\n<\/figure>\n\n\n\n<p><\/p>\n","protected":false},"excerpt":{"rendered":"<p>Pocz\u0105tek pa\u017adziernika sp\u0119dzili\u015bmy w wyj\u0105tkowym miejscu \u2014 w Zwardoniu, gdzie odby\u0142a si\u0119 Wojew\u00f3dzka Narada Animator\u00f3w Turystyki po\u0142\u0105czona z Opolskimi Dniami Turystyki. To by\u0142y cztery dni pe\u0142ne merytorycznych spotka\u0144, rozm\u00f3w, odkry\u0107 i pozytywnej energii. G\u00f3rski klimat sprzyja\u0142 refleksjom i inspiracjom, dlatego te\u017c wiele czasu po\u015bwi\u0119cili\u015bmy na snucie planu dzia\u0142ania na przysz\u0142o\u015b\u0107. To wa\u017cne zw\u0142aszcza teraz, w [&hellip;]<\/p>\n","protected":false},"author":1,"featured_media":0,"parent":0,"menu_order":0,"comment_status":"closed","ping_status":"closed","template":"","meta":{"footnotes":""},"class_list":["post-5576","page","type-page","status-publish","hentry"],"_links":{"self":[{"href":"https:\/\/opole.pttk.pl\/index.php\/wp-json\/wp\/v2\/pages\/5576","targetHints":{"allow":["GET"]}}],"collection":[{"href":"https:\/\/opole.pttk.pl\/index.php\/wp-json\/wp\/v2\/pages"}],"about":[{"href":"https:\/\/opole.pttk.pl\/index.php\/wp-json\/wp\/v2\/types\/page"}],"author":[{"embeddable":true,"href":"https:\/\/opole.pttk.pl\/index.php\/wp-json\/wp\/v2\/users\/1"}],"replies":[{"embeddable":true,"href":"https:\/\/opole.pttk.pl\/index.php\/wp-json\/wp\/v2\/comments?post=5576"}],"version-history":[{"count":16,"href":"https:\/\/opole.pttk.pl\/index.php\/wp-json\/wp\/v2\/pages\/5576\/revisions"}],"predecessor-version":[{"id":5683,"href":"https:\/\/opole.pttk.pl\/index.php\/wp-json\/wp\/v2\/pages\/5576\/revisions\/5683"}],"wp:attachment":[{"href":"https:\/\/opole.pttk.pl\/index.php\/wp-json\/wp\/v2\/media?parent=5576"}],"curies":[{"name":"wp","href":"https:\/\/api.w.org\/{rel}","templated":true}]}}