{"id":5620,"date":"2025-10-07T09:47:52","date_gmt":"2025-10-07T07:47:52","guid":{"rendered":"https:\/\/opole.pttk.pl\/?page_id=5620"},"modified":"2025-10-07T09:47:52","modified_gmt":"2025-10-07T07:47:52","slug":"sklad-zarzadu-3","status":"publish","type":"page","link":"https:\/\/opole.pttk.pl\/index.php\/sklad-zarzadu-3\/","title":{"rendered":"Sk\u0142ad Zarz\u0105du"},"content":{"rendered":"<p><strong>Prezes &#8211; \u00a0Jaros\u0142aw Mateusz Sr\u0119bacz<\/strong> &#8211; 883\u00a0680\u00a0078 adres email kgswistak.opole@gmail.com jsrebacz@gmail.com<\/p>\n<p>Wiceprezes &#8211; Paulina Zio\u0142a<\/p>\n<p>Wiceprezes &#8211; Zbigniew Zag\u0142oba \u2013 Zygler<\/p>\n<p>Sekretarz &#8211; Piotr Ste\u0107ko<\/p>\n<p>Skarbnik &#8211; Jaros\u0142aw Jasiczek<\/p>\n<p>Cz\u0142onek Zarz\u0105du &#8211; Franciszek Olszewski<\/p>\n<p>Cz\u0142onek Zarz\u0105du &#8211; Konrad S\u0142awkowski<\/p>\n<p><strong>Komisja Rewizyjna<\/strong><\/p>\n<p><strong>Przewodnicz\u0105ca &#8211; Jolanta Suchacka<\/strong><\/p>\n<p>Cz\u0142onek Komisji &#8211; El\u017cbieta Kojdecka<\/p>\n<p>Cz\u0142onek Komisji &#8211; Jan Otr\u0119ba<\/p>\n","protected":false},"excerpt":{"rendered":"<p>Prezes &#8211; \u00a0Jaros\u0142aw Mateusz Sr\u0119bacz &#8211; 883\u00a0680\u00a0078 adres email kgswistak.opole@gmail.com jsrebacz@gmail.com Wiceprezes &#8211; Paulina Zio\u0142a Wiceprezes &#8211; Zbigniew Zag\u0142oba \u2013 Zygler Sekretarz &#8211; Piotr Ste\u0107ko Skarbnik &#8211; Jaros\u0142aw Jasiczek Cz\u0142onek Zarz\u0105du &#8211; Franciszek Olszewski Cz\u0142onek Zarz\u0105du &#8211; Konrad S\u0142awkowski Komisja Rewizyjna Przewodnicz\u0105ca &#8211; Jolanta Suchacka Cz\u0142onek Komisji &#8211; El\u017cbieta Kojdecka Cz\u0142onek Komisji &#8211; Jan Otr\u0119ba<\/p>\n","protected":false},"author":1,"featured_media":0,"parent":0,"menu_order":0,"comment_status":"closed","ping_status":"closed","template":"","meta":{"footnotes":""},"class_list":["post-5620","page","type-page","status-publish","hentry"],"_links":{"self":[{"href":"https:\/\/opole.pttk.pl\/index.php\/wp-json\/wp\/v2\/pages\/5620","targetHints":{"allow":["GET"]}}],"collection":[{"href":"https:\/\/opole.pttk.pl\/index.php\/wp-json\/wp\/v2\/pages"}],"about":[{"href":"https:\/\/opole.pttk.pl\/index.php\/wp-json\/wp\/v2\/types\/page"}],"author":[{"embeddable":true,"href":"https:\/\/opole.pttk.pl\/index.php\/wp-json\/wp\/v2\/users\/1"}],"replies":[{"embeddable":true,"href":"https:\/\/opole.pttk.pl\/index.php\/wp-json\/wp\/v2\/comments?post=5620"}],"version-history":[{"count":1,"href":"https:\/\/opole.pttk.pl\/index.php\/wp-json\/wp\/v2\/pages\/5620\/revisions"}],"predecessor-version":[{"id":5621,"href":"https:\/\/opole.pttk.pl\/index.php\/wp-json\/wp\/v2\/pages\/5620\/revisions\/5621"}],"wp:attachment":[{"href":"https:\/\/opole.pttk.pl\/index.php\/wp-json\/wp\/v2\/media?parent=5620"}],"curies":[{"name":"wp","href":"https:\/\/api.w.org\/{rel}","templated":true}]}}