{"id":5784,"date":"2025-11-18T09:22:04","date_gmt":"2025-11-18T08:22:04","guid":{"rendered":"https:\/\/opole.pttk.pl\/?page_id=5784"},"modified":"2025-11-18T09:41:11","modified_gmt":"2025-11-18T08:41:11","slug":"regulamin-oddzialowej-komisji-krajoznawczej","status":"publish","type":"page","link":"https:\/\/opole.pttk.pl\/index.php\/regulamin-oddzialowej-komisji-krajoznawczej\/","title":{"rendered":"Regulamin Oddzia\u0142owej Komisji Krajoznawczej"},"content":{"rendered":"<p style=\"text-align: center;\"><strong>REGULAMIN<br \/>\nODDZIA\u0141OWEJ KOMISJI KRAJOZNAWCZEJ PTTK<\/strong><\/p>\n<p style=\"text-align: center;\"><strong>Oddzia\u0142u Regionalnego PTTK \u015al\u0105ska Opolskiego w Opolu<\/strong><\/p>\n<p style=\"text-align: center;\">\u00a71<\/p>\n<ol>\n<li>Oddzia\u0142owa Komisja Krajoznawcza jest spo\u0142ecznym, fachowym organem dzia\u0142alno\u015bci zarz\u0105du oddzia\u0142u PTTK.<\/li>\n<li>Siedzib\u0105 komisji jest siedziba zarz\u0105du oddzia\u0142u PTTK w Opolu, ul. Barlickiego 2a<\/li>\n<li>Komisja mo\u017ce pos\u0142ugiwa\u0107 si\u0119 w swej pracy piecz\u0105tk\u0105 pod\u0142u\u017cn\u0105 z napisem:<\/li>\n<\/ol>\n<p style=\"text-align: center;\">Polskie Towarzystwo Turystyczno-Krajoznawcze<\/p>\n<p style=\"text-align: center;\">\u00a0Oddzia\u0142 Regionalny PTTK \u015al\u0105ska Opolskiego w Opolu<br \/>\nOddzia\u0142owa Komisja Krajoznawcza<br \/>\nul. Barlickiego 2a<\/p>\n<p style=\"text-align: center;\">45-083 Opole<\/p>\n<p style=\"text-align: center;\">\u00a72<\/p>\n<ol>\n<li>Komisja jest powo\u0142ywana przez zarz\u0105d oddzia\u0142u z grona dzia\u0142aczy krajoznawczych oddzia\u0142u na wniosek jej opiekuna w oparciu o przeprowadzone konsultacje z tym gronem lub wybierana na podstawie decyzji zarz\u0105du ze wspomnianego grona i zatwierdzana uchwa\u0142\u0105 zarz\u0105du oddzia\u0142u.<\/li>\n<li>Sk\u0142ad komisji mo\u017ce wynosi\u0107 3 &#8211; 7 os\u00f3b, przy czym mo\u017cliwe jest uzupe\u0142nianie go przez istniej\u0105c\u0105 ju\u017c komisj\u0119 do wysoko\u015bci 1\/3 pierwotnej ilo\u015bci jej cz\u0142onk\u00f3w.<\/li>\n<li>Komisj\u0105 opiekuje si\u0119 cz\u0142onek prezydium zarz\u0105du oddzia\u0142u i odpowiada za jej prac\u0119.<\/li>\n<li>W przypadku bezczynno\u015bci komisji lub dzia\u0142alno\u015bci niezgodnej ze Statutem i uchwa\u0142ami PTTK &#8211; zarz\u0105d oddzia\u0142u ma prawo rozwi\u0105za\u0107 komisj\u0119 lub odwo\u0142a\u0107 jej cz\u0142onk\u00f3w.<\/li>\n<\/ol>\n<p style=\"text-align: center;\">\u00a73<\/p>\n<ol>\n<li>Komisja wybiera ze swego grona prezydium, w tym przewodnicz\u0105cego oraz sekretarza.<\/li>\n<li>Posiedzenia plenarne odbywaj\u0105 si\u0119 w miar\u0119 potrzeb, ale nie rzadziej ni\u017c raz na kwarta\u0142,<\/li>\n<li>Komisja mo\u017ce pracowa\u0107 w zespo\u0142ach, zaprasza\u0107 na zasadach spo\u0142ecznych ekspert\u00f3w, powierza\u0107 wykonanie prac osobom spoza swego grona i powo\u0142ywa\u0107 sta\u0142ych wsp\u00f3\u0142pracownik\u00f3w bez g\u0142osu decyduj\u0105cego.<\/li>\n<li>Uchwa\u0142a komisji jest wa\u017cna jedynie w\u00f3wczas, je\u015bli w trakcie jej podejmowania obecni s\u0105 przewodnicz\u0105cy lub sekretarz oraz co najmniej po\u0142owa cz\u0142onk\u00f3w komisji. Rejestrowane uchwa\u0142y zapadaj\u0105 zwyk\u0142\u0105 wi\u0119kszo\u015bci\u0105 g\u0142os\u00f3w.<\/li>\n<\/ol>\n<p style=\"text-align: center;\">\u00a74<\/p>\n<ol>\n<li>Komisja realizuje statutowe zadania PTTK, uchwa\u0142y zjazdu oddzia\u0142u, zarz\u0105du oddzia\u0142u PTTK w zakresie krajoznawstwa, oraz prace inicjowane przez Komisj\u0119 Krajoznawcz\u0105 Zarz\u0105du G\u0142\u00f3wnego PTTK.<\/li>\n<li>Powy\u017csze zadania komisja realizuje przez swych cz\u0142onk\u00f3w, kadr\u0119, aktyw krajoznawczy przy pomocy biura zarz\u0105du oddzia\u0142u.<\/li>\n<\/ol>\n<p style=\"text-align: center;\">\u00a75<\/p>\n<p>Do zakresu dzia\u0142alno\u015bci komisji nale\u017cy:<\/p>\n<ol>\n<li>Uczestniczenie w kierowaniu bie\u017c\u0105c\u0105 dzia\u0142alno\u015bci\u0105 programow\u0105 zarz\u0105du oddzia\u0142u PTTK w zakresie ustalonym przez zarz\u0105d oddzia\u0142u.<\/li>\n<li>Przeprowadzanie analiz, opracowywanie wniosk\u00f3w oraz podejmowanie prac organizatorskich, maj\u0105cych na celu doskonalenie dzia\u0142alno\u015bci krajoznawczej na terenie oddzia\u0142u.<\/li>\n<li>Inicjowanie uchwa\u0142 zarz\u0105du oddzia\u0142u w zakresie krajoznawstwa.<\/li>\n<li>Reprezentowanie zarz\u0105du oddzia\u0142u PTTK w ustalonym przez niego zakresie.<\/li>\n<li>Wsp\u00f3\u0142praca z instytucjami, organizacjami i stowarzyszeniami, zw\u0142aszcza regionalnymi, zajmuj\u0105cymi si\u0119 krajoznawstwem na terenie oddzia\u0142u.<\/li>\n<li>Wsp\u00f3\u0142tworzenie z przedstawicielami innych oddzia\u0142\u00f3w Regionalnego Kolegium Instruktor\u00f3w Krajoznawstwa oraz wnioskowanie do Komisji Krajoznawczej ZG PTTK o nadawanie uprawnie\u0144 instruktorskich wy\u017cszego stopnia, poprzez w\u0142a\u015bciwe terytorialnie Kolegium, a w przypadku jego braku &#8211; wprost do Komisji Krajoznawczej ZG PTTK.<\/li>\n<li>Koordynowanie prac krajoznawczych na terenie oddzia\u0142u, zw\u0142aszcza w zakresie:<\/li>\n<\/ol>\n<p>&#8211; inwentaryzacji krajoznawczej,<\/p>\n<p>&#8211; organizacji imprez i akcji o charakterze krajoznawczym,<\/p>\n<p>&#8211; wydawnictw krajoznawczych,<\/p>\n<p>&#8211; szkolenia aktywu krajoznawczego,<\/p>\n<p>&#8211; krajoznawczego wystroju obiekt\u00f3w i lokali PTTK,<\/p>\n<p>&#8211; ustanawiania nowych odznak krajoznawczych.<\/p>\n<ol start=\"8\">\n<li>Podejmowania prac w zakresie troski o w\u0142a\u015bciwe pami\u0105tki regionalne.<\/li>\n<li>Wsp\u00f3\u0142udzia\u0142 w pracach krajoznawczych ca\u0142ego Towarzystwa, a w szczeg\u00f3lno\u015bci poprzez uczestnictwo w centralnych zlotach aktywu krajoznawczego i przygotowaniach do Kongres\u00f3w Krajoznawstwa Polskiego.<\/li>\n<li>Prowadzenie akcji propagandowych i popularyzuj\u0105cych dzia\u0142alno\u015b\u0107 krajoznawcz\u0105 na terenie oddzia\u0142u, z wykorzystaniem \u015brodk\u00f3w masowego przekazu.<\/li>\n<li>Sk\u0142adanie wniosk\u00f3w o nadanie odznak kolekcjonerstwa krajoznawczego i uprawnie\u0144 juror\u00f3w w tym zakresie.<\/li>\n<li>Wsp\u00f3\u0142praca z regionalnymi pracowniami krajoznawczymi, a w szczeg\u00f3lno\u015bci funkcjonuj\u0105cej przy oddziale.<\/li>\n<li>Udzielanie metodycznej pomocy w pracach muze\u00f3w regionalnych PTTK, izb regionalnych, izb pami\u0119ci narodowej,<\/li>\n<li>Wsp\u00f3\u0142praca z komisjami krajoznawczymi s\u0105siednich oddzia\u0142\u00f3w, w tym w zakresie zada\u0144 krajoznawczych w skali regionu,<\/li>\n<li>Dokonywanie oceny dzia\u0142alno\u015bci krajoznawczej jednostek PTTK swojego oddzia\u0142u, sk\u0142adanie sprawozda\u0144 zarz\u0105dowi oddzia\u0142u PTTK i Komisji Krajoznawczej ZG PTTK.<\/li>\n<\/ol>\n<p style=\"text-align: center;\">\u00a76<\/p>\n<p>Komisja dzia\u0142a na podstawie wyodr\u0119bnionych \u015brodk\u00f3w finansowych stanowi\u0105cych cz\u0119\u015b\u0107 bud\u017cetu zarz\u0105du oddzia\u0142u PTTK lub pozyskanych z zewn\u0105trz.<\/p>\n<p style=\"text-align: center;\">\u00a77<\/p>\n<p>Regulamin zosta\u0142 uchwalony na zebraniu Komisji Krajoznawczej Zarz\u0105du Oddzia\u0142u PTTK \u015al\u0105ska Opolskiego \u00a0w Opolu w dniu 03.04.2023 r. i zatwierdzony przez Zarz\u0105d Oddzia\u0142u PTTK w dniu 17.04.2023r. uchwa\u0142\u0105 nr 5\/2023<\/p>\n","protected":false},"excerpt":{"rendered":"<p>REGULAMIN ODDZIA\u0141OWEJ KOMISJI KRAJOZNAWCZEJ PTTK Oddzia\u0142u Regionalnego PTTK \u015al\u0105ska Opolskiego w Opolu \u00a71 Oddzia\u0142owa Komisja Krajoznawcza jest spo\u0142ecznym, fachowym organem dzia\u0142alno\u015bci zarz\u0105du oddzia\u0142u PTTK. Siedzib\u0105 komisji jest siedziba zarz\u0105du oddzia\u0142u PTTK w Opolu, ul. Barlickiego 2a Komisja mo\u017ce pos\u0142ugiwa\u0107 si\u0119 w swej pracy piecz\u0105tk\u0105 pod\u0142u\u017cn\u0105 z napisem: Polskie Towarzystwo Turystyczno-Krajoznawcze \u00a0Oddzia\u0142 Regionalny PTTK \u015al\u0105ska Opolskiego [&hellip;]<\/p>\n","protected":false},"author":1,"featured_media":0,"parent":0,"menu_order":0,"comment_status":"closed","ping_status":"closed","template":"","meta":{"footnotes":""},"class_list":["post-5784","page","type-page","status-publish","hentry"],"_links":{"self":[{"href":"https:\/\/opole.pttk.pl\/index.php\/wp-json\/wp\/v2\/pages\/5784","targetHints":{"allow":["GET"]}}],"collection":[{"href":"https:\/\/opole.pttk.pl\/index.php\/wp-json\/wp\/v2\/pages"}],"about":[{"href":"https:\/\/opole.pttk.pl\/index.php\/wp-json\/wp\/v2\/types\/page"}],"author":[{"embeddable":true,"href":"https:\/\/opole.pttk.pl\/index.php\/wp-json\/wp\/v2\/users\/1"}],"replies":[{"embeddable":true,"href":"https:\/\/opole.pttk.pl\/index.php\/wp-json\/wp\/v2\/comments?post=5784"}],"version-history":[{"count":4,"href":"https:\/\/opole.pttk.pl\/index.php\/wp-json\/wp\/v2\/pages\/5784\/revisions"}],"predecessor-version":[{"id":5790,"href":"https:\/\/opole.pttk.pl\/index.php\/wp-json\/wp\/v2\/pages\/5784\/revisions\/5790"}],"wp:attachment":[{"href":"https:\/\/opole.pttk.pl\/index.php\/wp-json\/wp\/v2\/media?parent=5784"}],"curies":[{"name":"wp","href":"https:\/\/api.w.org\/{rel}","templated":true}]}}