{"id":5865,"date":"2025-12-18T13:47:11","date_gmt":"2025-12-18T12:47:11","guid":{"rendered":"https:\/\/opole.pttk.pl\/?page_id=5865"},"modified":"2025-12-22T10:34:38","modified_gmt":"2025-12-22T09:34:38","slug":"2025-5","status":"publish","type":"page","link":"https:\/\/opole.pttk.pl\/index.php\/2025-5\/","title":{"rendered":"2025"},"content":{"rendered":"<p style=\"text-align: center;\"><strong>Honorowy Patronat Marsza\u0142ka Wojew\u00f3dztwa Opolskiego <\/strong><\/p>\n<p style=\"text-align: center;\"><strong>XLI Og\u00f3lnopolski Konkurs Krasom\u00f3wczy Dzieci <\/strong><strong>i M\u0142odzie\u017cy Szkolnej- etap wojew\u00f3dzki.<\/strong><\/p>\n<p>25.10.2025 r. w Klubie Wojskowym I Pu\u0142ku Saper\u00f3w w Brzegu odby\u0142y si\u0119 eliminacje XLI Og\u00f3lnopolskiego Konkursu Krasom\u00f3wczego Dzieci i M\u0142odzie\u017cy Szkolnej wojew\u00f3dztwa opolskiego, pod Honorowym Patronatem Marsza\u0142ka Wojew\u00f3dztwa Opolskiego p. <strong>Szymona Og\u0142azy<\/strong> oraz Zarz\u0105du G\u0142\u00f3wnego PTTK. Organizatorem eliminacji wojew\u00f3dzkich by\u0142 Oddzia\u0142 PTTK Ziemi Brzeskiej. Do eliminacji przyst\u0105pi\u0142o 21 uczni\u00f3w klas IV-VIII ze szk\u00f3\u0142 podstawowych. Organizator dopu\u015bci\u0142 r\u00f3wnie\u017c do udzia\u0142u w konkursie\u00a0 uczennice klasy III z PSP NR 5- Agnieszk\u0119 Ga\u0142 i Zuzann\u0119 Mel\u0119 oraz z PSP w Osieku Ig\u0119 Dewerend\u0119, ale bez mo\u017cliwo\u015bci awansu do eliminacji og\u00f3lnopolskich. Go\u015bciem honorowym by\u0142: Wiceprezes ZG PTTK, Cz\u0142onek Honorowy PTTK i Prezes Oddzia\u0142u Regionalnego PTTK \u015al\u0105ska Opolskiego, p.<strong> Lucjusz Bilik.<\/strong><\/p>\n<p>Jury w sk\u0142adzie: p. Gra\u017cyna Tymecka, p. Lycyna Mystek, p. Sylwia Jamka, p. El\u017cbieta Stankiewicz &#8211; Klimek oraz p. Tadeusz Jurek wybra\u0142o ze swojego grona przewodnicz\u0105cego i sekretarza ( p. Lucyna Mystek ). Przewodnicz\u0105c\u0105 zosta\u0142a\u00a0 p. Sylwia Jamka, kt\u00f3ra przypomnia\u0142a najwa\u017cniejsze zadania konkursu krasom\u00f3wczego \u2013 zach\u0119canie do poznawania w\u0142asnego regionu, jego historii i dorobku, zdobywanie wiedzy o Polsce i Polakach, rozbudzanie zami\u0142owania do pi\u0119knego i sugestywnego m\u00f3wienia oraz kszta\u0142towanie umiej\u0119tno\u015bci poprawnego, jasnego i logicznego formu\u0142owania my\u015bli. Przypomnia\u0142a r\u00f3wnie\u017c uczestnikom i opiekunom kryteria oceniania oraz zasady punktacji. Podkre\u015bli\u0142a, i\u017c s\u0105 to konkursy krasom\u00f3wcze, a nie recytatorskie. Wypowiedzi powinny by\u0107 spontaniczne, sugestywne, zaprezentowane barwn\u0105 i pi\u0119kn\u0105 polsk\u0105 proz\u0105. \u015apiew, gra na instrumencie czy str\u00f3j ludowy nie powinny zdominowa\u0107 wyst\u0105pienia. Wa\u017cne jest dostosowanie tekstu do osobowo\u015bci i wieku wyst\u0119puj\u0105cego, a tak\u017ce kontakt ze s\u0142uchaczami. Nast\u0119pnie prowadz\u0105cy konkurs p. Marian Stachu\u0142a zaprosi\u0142 uczestnik\u00f3w do losowania kolejno\u015bci wyst\u0105pie\u0144. Przypomnia\u0142 r\u00f3wnie\u017c, \u017ce wyst\u0105pienie powinno trwa\u0107 5 min. z tolerancj\u0105 30 sekund &#8211; prowadz\u0105cy mierzy\u0142 czas. Poinformowa\u0142 o zasadach punktacji. W przes\u0142uchaniach ka\u017cdy z cz\u0142onk\u00f3w Jury ma do swojej dyspozycji skal\u0119 punkt\u00f3w od 0 do 10, a suma punkt\u00f3w przyznanych przez wszystkich cz\u0142onk\u00f3w Jury podzielona przez ich liczb\u0119 daje w\u0142a\u015bciw\u0105 ocen\u0119 poszczeg\u00f3lnych uczestnik\u00f3w. Po przes\u0142uchaniu wszystkich uczestnik\u00f3w Prowadz\u0105cy konkurs og\u0142osi\u0142 godzinn\u0105 przerw\u0119, w czasie kt\u00f3rej toczy\u0142y si\u0119 obrady Jury, a wszyscy uczestnicy, opiekunowie i go\u015bcie udali si\u0119 na obiad. Po przerwie Przewodnicz\u0105ca Jury, p. Sylwia Jamka, og\u0142osi\u0142a wyniki i poinformowa\u0142a, \u017ce <strong>Julia Konieczko<\/strong> (ucz. kl. VI z PSP Nr 5) i <strong>Ja\u015bmina Ku\u017cd\u017ca\u0142 <\/strong>(ucz. kl.VI z PSP Nr 1) b\u0119d\u0105 reprezentowa\u0142y wojew\u00f3dztwo opolskie w Finale Og\u00f3lnopolskiego Konkursu Krasom\u00f3wczego, kt\u00f3ry odb\u0119dzie si\u0119 w Legnicy, w dniach od 27 do 30 listopada 2025 r. Wiktoria Jaworska z PSP Nr 1 zaj\u0119\u0142a II miejsce, a Antonina Bandrowicz z PSP Nr 3 \u2013 III miejsce. Wszystkie z Brzegu. Nast\u0119pnie Prezes PTTK Oddzia\u0142u Ziemi Brzeskiej Wilhelma Bara\u0144ska szczeg\u00f3lnie gor\u0105co pogratulowa\u0142a\u00a0 Julii Konieczko i jej opiekunce, p.Jolancie W\u0105sik oraz Ja\u015bminie Ku\u017cd\u017ca\u0142 i jej opiekunce, p.Marzenie Kulebie, poniewa\u017c po raz pierwszy zdarzy\u0142o si\u0119 w historii eliminacji wojew\u00f3dzkich Konkursu Krasom\u00f3wczego, i\u017c dwie uczestniczki otrzyma\u0142y od jury maksymaln\u0105 liczb\u0119 punkt\u00f3w i po raz trzeci b\u0119d\u0105 w finale w Legnicy. R\u00f3wnie\u017c serdecznie gratulowa\u0142a wszystkim uczestnikom i ich opiekunom wr\u0119czaj\u0105c podzi\u0119kowania, nagrody oraz upominki ufundowane przez Marsza\u0142ka Wojew\u00f3dztwa Opolskiego, p. Szymona Og\u0142az\u0119 i Zarz\u0105d G\u0142\u00f3wny PTTK.\u00a0 Za zg\u0142oszenie zwyci\u0119zc\u00f3w do Legnicy i przes\u0142anie niezb\u0119dnych dokument\u00f3w odpowiedzialna jest Wiceprezes ds. M\u0142odzie\u017cy kol. El\u017cbieta Ku\u017cd\u017ca\u0142.\u00a0Na zko\u0144czenie p. Prezes Wilhelma Bara\u0144ska podzi\u0119kowa\u0142a cz\u0142onkom PTTK Oddzia\u0142u Ziemi Brzeskiej za pomoc w organizacji i przeprowadzeniu konkursu. Szczeg\u00f3lne wyrazy wdzi\u0119czno\u015bci przekaza\u0142a p. Janinie Koronkiewicz, kt\u00f3ra od wielu lat udziela uczestnikom Og\u00f3lnopolskiego Konkursu Krasom\u00f3wczego go\u015bciny w Klubie Wojskowym I Pu\u0142ku Saper\u00f3w w Brzegu.<\/p>\n<p style=\"text-align: right;\">Protoko\u0142owa\u0142a: Lucyna Mystek<\/p>\n\n<div class=\"wp-block-image\">\n<figure class=\"aligncenter size-full\"><img loading=\"lazy\" decoding=\"async\" width=\"1024\" height=\"768\" src=\"https:\/\/opole.pttk.pl\/wp-content\/uploads\/2025\/12\/zbiorowe.jpg\" alt=\"\" class=\"wp-image-5877\" srcset=\"https:\/\/opole.pttk.pl\/wp-content\/uploads\/2025\/12\/zbiorowe.jpg 1024w, https:\/\/opole.pttk.pl\/wp-content\/uploads\/2025\/12\/zbiorowe-300x225.jpg 300w, https:\/\/opole.pttk.pl\/wp-content\/uploads\/2025\/12\/zbiorowe-768x576.jpg 768w\" sizes=\"auto, (max-width: 1024px) 100vw, 1024px\" \/><\/figure>\n<\/div>\n\n\n<div class=\"wp-block-buttons alignwide is-content-justification-center is-layout-flex wp-container-core-buttons-is-layout-a89b3969 wp-block-buttons-is-layout-flex\">\n<div class=\"wp-block-button\"><a class=\"wp-block-button__link wp-element-button\" href=\"https:\/\/photos.app.goo.gl\/XUnK1PRNniXZtTzg9\"><mark style=\"background-color:rgba(0, 0, 0, 0)\" class=\"has-inline-color has-vivid-green-cyan-color\">Fotorelacja<\/mark><\/a><\/div>\n<\/div>\n\n\n\n<p><\/p>\n","protected":false},"excerpt":{"rendered":"<p>Honorowy Patronat Marsza\u0142ka Wojew\u00f3dztwa Opolskiego XLI Og\u00f3lnopolski Konkurs Krasom\u00f3wczy Dzieci i M\u0142odzie\u017cy Szkolnej- etap wojew\u00f3dzki. 25.10.2025 r. w Klubie Wojskowym I Pu\u0142ku Saper\u00f3w w Brzegu odby\u0142y si\u0119 eliminacje XLI Og\u00f3lnopolskiego Konkursu Krasom\u00f3wczego Dzieci i M\u0142odzie\u017cy Szkolnej wojew\u00f3dztwa opolskiego, pod Honorowym Patronatem Marsza\u0142ka Wojew\u00f3dztwa Opolskiego p. Szymona Og\u0142azy oraz Zarz\u0105du G\u0142\u00f3wnego PTTK. Organizatorem eliminacji wojew\u00f3dzkich by\u0142 [&hellip;]<\/p>\n","protected":false},"author":1,"featured_media":0,"parent":0,"menu_order":0,"comment_status":"closed","ping_status":"closed","template":"","meta":{"footnotes":""},"class_list":["post-5865","page","type-page","status-publish","hentry"],"_links":{"self":[{"href":"https:\/\/opole.pttk.pl\/index.php\/wp-json\/wp\/v2\/pages\/5865","targetHints":{"allow":["GET"]}}],"collection":[{"href":"https:\/\/opole.pttk.pl\/index.php\/wp-json\/wp\/v2\/pages"}],"about":[{"href":"https:\/\/opole.pttk.pl\/index.php\/wp-json\/wp\/v2\/types\/page"}],"author":[{"embeddable":true,"href":"https:\/\/opole.pttk.pl\/index.php\/wp-json\/wp\/v2\/users\/1"}],"replies":[{"embeddable":true,"href":"https:\/\/opole.pttk.pl\/index.php\/wp-json\/wp\/v2\/comments?post=5865"}],"version-history":[{"count":8,"href":"https:\/\/opole.pttk.pl\/index.php\/wp-json\/wp\/v2\/pages\/5865\/revisions"}],"predecessor-version":[{"id":5879,"href":"https:\/\/opole.pttk.pl\/index.php\/wp-json\/wp\/v2\/pages\/5865\/revisions\/5879"}],"wp:attachment":[{"href":"https:\/\/opole.pttk.pl\/index.php\/wp-json\/wp\/v2\/media?parent=5865"}],"curies":[{"name":"wp","href":"https:\/\/api.w.org\/{rel}","templated":true}]}}