{"id":5914,"date":"2026-01-26T15:35:00","date_gmt":"2026-01-26T14:35:00","guid":{"rendered":"https:\/\/opole.pttk.pl\/?page_id=5914"},"modified":"2026-01-26T12:01:56","modified_gmt":"2026-01-26T11:01:56","slug":"nowoczesna-infrastruktura-dla-ngo-w-opolskim","status":"publish","type":"page","link":"https:\/\/opole.pttk.pl\/index.php\/nowoczesna-infrastruktura-dla-ngo-w-opolskim\/","title":{"rendered":"Nowoczesna infrastruktura dla NGO w Opolskim"},"content":{"rendered":"<p>W ramach zadania \u201eRegionalna Pracownia Krajoznawcza 2.0\u201d utworzono w wojew\u00f3dztwie opolskim pierwsz\u0105 tego typu plac\u00f3wki b\u0119d\u0105cej jednocze\u015bnie izb\u0105 muzealn\u0105 oraz specjalistyczn\u0105 bibliotek\u0105 dost\u0119pn\u0105 bezp\u0142atnie dla wszystkich zainteresowanych turystyk\u0105 i krajoznawstwem w regionie. W trakcie narady z kierownikami Pracowni Krajoznawczych z innych cz\u0119\u015bci Polski potwierdzono, \u017ce RPK w Opolu jest jedn\u0105 z najlepszych tego typu plac\u00f3wek w Polsce. Pomieszczenie zosta\u0142o wyremontowane &#8211; \u015bciany odmalowano, po\u0142o\u017cono nowe panele pod\u0142ogowe, zamocowany trzy plafony (lampy) z o\u015bwietleniem spe\u0142niaj\u0105cym wymagania nowoczesnej izby muzealnej. Zamontowano gabloty wisz\u0105ce i stoj\u0105ce, w kt\u00f3rych umieszczono wystaw\u0119 prezentuj\u0105c\u0105 dorobek PTTK w wojew\u00f3dztwie opolskim nagromadzony przez 75 lat dzia\u0142ania organizacji &#8211; bezcenn\u0105 kolekcj\u0119 odznak z rajd\u00f3w, swym czasookresem si\u0119gaj\u0105c\u0105 lat 60-tych ubieg\u0142ego wieku, pami\u0105tkowe medale, publikacje prasowe i ksi\u0105\u017ckowe, notatki cz\u0142onka honorowego PTTK kol. Tadeusza Zerycha. Po otwarciu Pracowni, odby\u0142 si\u0119 szereg wydarze\u0144 dla cz\u0142onk\u00f3w PTTK oraz spo\u0142eczno\u015bci lokalnej. Pracowni\u0119 odwiedzili: cz\u0142onkowie Prezydium Zarz\u0105du G\u0142\u00f3wnego PTTK, prezesi wszystkich oddzia\u0142\u00f3w PTTK wojew\u00f3dztwa opolskiego, studenci na kierunku Historia Uniwersytetu Opolskiego, a tak\u017ce m\u0142odzie\u017c szkolna ze Szkolnych K\u00f3\u0142 Krajoznawczo-Turystycznych dzia\u0142aj\u0105cych w wojew\u00f3dztwie opolskim. Grupy te by\u0142y oprowadzane przez wykwalifikowan\u0105 osob\u0119 &#8211; kierownika Regionalnej Pracowni Krajoznawczej. Mieszka\u0144cy wojew\u00f3dztwa opolskiego uzyskali mo\u017cliwo\u015b\u0107 bezp\u0142atnego zapoznania si\u0119 ze zbiorami Regionalnej Pracowni Krajoznawczej w Opolu, kt\u00f3re do tej pory nie by\u0142y szeroko udost\u0119pnione publicznie. Ponadto uzyskali mo\u017cliwo\u015b\u0107 pozyskania specjalistycznej wiedzy w zakresie krajoznawstwa i turystyki od wykwalifikowanej kadry PTTK z wieloletnim do\u015bwiadczeniem w poradnictwie. Obecnie trwaj\u0105 poszukiwania kolejnych grup do oprowadzania, a tak\u017ce kolekcjoner\u00f3w i krajoznawc\u00f3w, kt\u00f3rzy chcieliby wystawi\u0107 swe zbiory w Pracowni. Planowane jest przeprowadzane dalszych dzia\u0142a\u0144 i imprez w Pracowni, m. in. w\u0142\u0105czenia jej w Noc Kultury w Opolu Regionalna Pracownia Krajoznawcza oraz jej zas\u00f3b pozostaje dost\u0119pna dla wszystkich bezterminowo. Otwarta jest dwa razy w tygodniu, w trakcie dy\u017cur\u00f3w k\u00f3\u0142 Oddzia\u0142u Regionalnego, a tak\u017ce podczas posiedze\u0144 Zarz\u0105du Oddzia\u0142u. Ponadto, kierownik Pracowni pozostaje do dyspozycji zainteresowanych telefonicznie. Istnieje mo\u017cliwo\u015b\u0107 wcze\u015bniejszego um\u00f3wienia si\u0119. Dzia\u0142ania w Pracowni trwaj\u0105 przez ca\u0142y rok &#8211; w styczniu 2026 roku odby\u0142o si\u0119 w niej posiedzenie Rady Prezes\u00f3w Oddzia\u0142\u00f3w PTTK Wojew\u00f3dztwa Opolskiego &#8211; najwa\u017cniejszy organ organizacji w wojew\u00f3dztwie opolskim. Po uruchomieniu Pracowni, odwiedzili j\u0105 studenci na kierunku Historia, uczniowie szk\u00f3\u0142 podstawowych zrzeszeni w Szkolnych Ko\u0142ach Krajoznawczo-Turystycznych.<\/p>\n","protected":false},"excerpt":{"rendered":"<p>W ramach zadania \u201eRegionalna Pracownia Krajoznawcza 2.0\u201d utworzono w wojew\u00f3dztwie opolskim pierwsz\u0105 tego typu plac\u00f3wki b\u0119d\u0105cej jednocze\u015bnie izb\u0105 muzealn\u0105 oraz specjalistyczn\u0105 bibliotek\u0105 dost\u0119pn\u0105 bezp\u0142atnie dla wszystkich zainteresowanych turystyk\u0105 i krajoznawstwem w regionie. W trakcie narady z kierownikami Pracowni Krajoznawczych z innych cz\u0119\u015bci Polski potwierdzono, \u017ce RPK w Opolu jest jedn\u0105 z najlepszych tego typu plac\u00f3wek [&hellip;]<\/p>\n","protected":false},"author":1,"featured_media":0,"parent":0,"menu_order":0,"comment_status":"closed","ping_status":"closed","template":"","meta":{"footnotes":""},"class_list":["post-5914","page","type-page","status-publish","hentry"],"_links":{"self":[{"href":"https:\/\/opole.pttk.pl\/index.php\/wp-json\/wp\/v2\/pages\/5914","targetHints":{"allow":["GET"]}}],"collection":[{"href":"https:\/\/opole.pttk.pl\/index.php\/wp-json\/wp\/v2\/pages"}],"about":[{"href":"https:\/\/opole.pttk.pl\/index.php\/wp-json\/wp\/v2\/types\/page"}],"author":[{"embeddable":true,"href":"https:\/\/opole.pttk.pl\/index.php\/wp-json\/wp\/v2\/users\/1"}],"replies":[{"embeddable":true,"href":"https:\/\/opole.pttk.pl\/index.php\/wp-json\/wp\/v2\/comments?post=5914"}],"version-history":[{"count":6,"href":"https:\/\/opole.pttk.pl\/index.php\/wp-json\/wp\/v2\/pages\/5914\/revisions"}],"predecessor-version":[{"id":5921,"href":"https:\/\/opole.pttk.pl\/index.php\/wp-json\/wp\/v2\/pages\/5914\/revisions\/5921"}],"wp:attachment":[{"href":"https:\/\/opole.pttk.pl\/index.php\/wp-json\/wp\/v2\/media?parent=5914"}],"curies":[{"name":"wp","href":"https:\/\/api.w.org\/{rel}","templated":true}]}}