{"id":61,"date":"2024-07-26T21:33:46","date_gmt":"2024-07-26T19:33:46","guid":{"rendered":"https:\/\/opole.pttk.pl\/?page_id=61"},"modified":"2026-04-19T06:52:23","modified_gmt":"2026-04-19T04:52:23","slug":"sklad","status":"publish","type":"page","link":"https:\/\/opole.pttk.pl\/index.php\/sklad\/","title":{"rendered":"Sk\u0142ad Zarz\u0105du"},"content":{"rendered":"\n<p><strong>Prezes Zarz\u0105du &#8211; Lucjusz Bilik &#8211; tel. 501 225 747<\/strong><\/p>\n\n\n\n<p><strong>Wiceprezes<\/strong> &#8211; Dariusz Ch\u0105dzi\u0144ski &#8211; tel. 509 867 400<\/p>\n\n\n\n<p><strong>Wiceprezes<\/strong> &#8211; Jacek Ramus &#8211; tel. 604 238 085<\/p>\n\n\n\n<p><strong>Skarbnik<\/strong> &#8211; Wioletta B\u0142aut<\/p>\n\n\n\n<p><strong>Sekretarz<\/strong> &#8211; Patryk Frydel &#8211; tel. 501 410 514<\/p>\n\n\n\n<p><strong>Cz\u0142onek Zarz\u0105du \u2013\u00a0<\/strong>Jan Bia\u0142ek<\/p>\n\n\n\n<p><strong>Cz\u0142onek Zarz\u0105du<\/strong>&#8211; Andrzej Kubiczek &#8211; tel. 889 990 995<\/p>\n\n\n\n<p><strong>Cz\u0142onek Zarz\u0105du<\/strong> &#8211; Aleksander Krupa<\/p>\n\n\n\n<p><\/p>\n","protected":false},"excerpt":{"rendered":"<p>Prezes Zarz\u0105du &#8211; Lucjusz Bilik &#8211; tel. 501 225 747 Wiceprezes &#8211; Dariusz Ch\u0105dzi\u0144ski &#8211; tel. 509 867 400 Wiceprezes &#8211; Jacek Ramus &#8211; tel. 604 238 085 Skarbnik &#8211; Wioletta B\u0142aut Sekretarz &#8211; Patryk Frydel &#8211; tel. 501 410 514 Cz\u0142onek Zarz\u0105du \u2013\u00a0Jan Bia\u0142ek Cz\u0142onek Zarz\u0105du&#8211; Andrzej Kubiczek &#8211; tel. 889 990 995 Cz\u0142onek [&hellip;]<\/p>\n","protected":false},"author":1,"featured_media":0,"parent":0,"menu_order":0,"comment_status":"closed","ping_status":"closed","template":"","meta":{"footnotes":""},"class_list":["post-61","page","type-page","status-publish","hentry"],"_links":{"self":[{"href":"https:\/\/opole.pttk.pl\/index.php\/wp-json\/wp\/v2\/pages\/61","targetHints":{"allow":["GET"]}}],"collection":[{"href":"https:\/\/opole.pttk.pl\/index.php\/wp-json\/wp\/v2\/pages"}],"about":[{"href":"https:\/\/opole.pttk.pl\/index.php\/wp-json\/wp\/v2\/types\/page"}],"author":[{"embeddable":true,"href":"https:\/\/opole.pttk.pl\/index.php\/wp-json\/wp\/v2\/users\/1"}],"replies":[{"embeddable":true,"href":"https:\/\/opole.pttk.pl\/index.php\/wp-json\/wp\/v2\/comments?post=61"}],"version-history":[{"count":7,"href":"https:\/\/opole.pttk.pl\/index.php\/wp-json\/wp\/v2\/pages\/61\/revisions"}],"predecessor-version":[{"id":6206,"href":"https:\/\/opole.pttk.pl\/index.php\/wp-json\/wp\/v2\/pages\/61\/revisions\/6206"}],"wp:attachment":[{"href":"https:\/\/opole.pttk.pl\/index.php\/wp-json\/wp\/v2\/media?parent=61"}],"curies":[{"name":"wp","href":"https:\/\/api.w.org\/{rel}","templated":true}]}}