{"id":63,"date":"2024-07-26T21:33:46","date_gmt":"2024-07-26T19:33:46","guid":{"rendered":"https:\/\/opole.pttk.pl\/?page_id=63"},"modified":"2025-01-13T13:23:37","modified_gmt":"2025-01-13T12:23:37","slug":"dane-adresowe","status":"publish","type":"page","link":"https:\/\/opole.pttk.pl\/index.php\/dane-adresowe\/","title":{"rendered":"DANE ADRESOWE"},"content":{"rendered":"\n<p class=\"has-text-align-center\"><strong>Oddzia\u0142 Regionalny PTTK \u015al\u0105ska Opolskiego w Opolu &nbsp;&nbsp;<\/strong><\/p>\n\n\n\n<p class=\"has-text-align-center\">45-083 Opole ul. Barlickiego 2A<strong>&nbsp;<\/strong><\/p>\n\n\n\n<p class=\"has-text-align-center\">KRS<strong>\u00a0000071198<\/strong><\/p>\n\n\n\n<p class=\"has-text-align-center\">REGON<strong>&nbsp;531343275<\/strong><\/p>\n\n\n\n<p class=\"has-text-align-center\">NIP<strong>&nbsp;754-25-63-602&nbsp;<\/strong><\/p>\n\n\n\n<p class=\"has-text-align-center\"><strong>NASZE KONTO BANKOWE :&nbsp;<\/strong><\/p>\n\n\n\n<p class=\"has-text-align-center\">BANK PEKAO S.A.<\/p>\n\n\n\n<p class=\"has-text-align-center\"><strong>20&nbsp;1240 3103 1111 0000&nbsp;3486 0713<\/strong><\/p>\n","protected":false},"excerpt":{"rendered":"<p>Oddzia\u0142 Regionalny PTTK \u015al\u0105ska Opolskiego w Opolu &nbsp;&nbsp; 45-083 Opole ul. Barlickiego 2A&nbsp; KRS\u00a0000071198 REGON&nbsp;531343275 NIP&nbsp;754-25-63-602&nbsp; NASZE KONTO BANKOWE :&nbsp; BANK PEKAO S.A. 20&nbsp;1240 3103 1111 0000&nbsp;3486 0713<\/p>\n","protected":false},"author":1,"featured_media":0,"parent":0,"menu_order":0,"comment_status":"closed","ping_status":"closed","template":"","meta":{"footnotes":""},"class_list":["post-63","page","type-page","status-publish","hentry"],"_links":{"self":[{"href":"https:\/\/opole.pttk.pl\/index.php\/wp-json\/wp\/v2\/pages\/63","targetHints":{"allow":["GET"]}}],"collection":[{"href":"https:\/\/opole.pttk.pl\/index.php\/wp-json\/wp\/v2\/pages"}],"about":[{"href":"https:\/\/opole.pttk.pl\/index.php\/wp-json\/wp\/v2\/types\/page"}],"author":[{"embeddable":true,"href":"https:\/\/opole.pttk.pl\/index.php\/wp-json\/wp\/v2\/users\/1"}],"replies":[{"embeddable":true,"href":"https:\/\/opole.pttk.pl\/index.php\/wp-json\/wp\/v2\/comments?post=63"}],"version-history":[{"count":6,"href":"https:\/\/opole.pttk.pl\/index.php\/wp-json\/wp\/v2\/pages\/63\/revisions"}],"predecessor-version":[{"id":3203,"href":"https:\/\/opole.pttk.pl\/index.php\/wp-json\/wp\/v2\/pages\/63\/revisions\/3203"}],"wp:attachment":[{"href":"https:\/\/opole.pttk.pl\/index.php\/wp-json\/wp\/v2\/media?parent=63"}],"curies":[{"name":"wp","href":"https:\/\/api.w.org\/{rel}","templated":true}]}}