{"id":65,"date":"2024-07-26T21:33:47","date_gmt":"2024-07-26T19:33:47","guid":{"rendered":"https:\/\/opole.pttk.pl\/?page_id=65"},"modified":"2026-04-19T06:52:01","modified_gmt":"2026-04-19T04:52:01","slug":"historia","status":"publish","type":"page","link":"https:\/\/opole.pttk.pl\/index.php\/historia\/","title":{"rendered":"HISTORIA"},"content":{"rendered":"<p style=\"text-align: center;\"><strong>Zjazd za\u0142o\u017cycielski &#8211; 14 grudnia 1997 roku<\/strong><\/p>\n<p><strong><em>Sk\u0142ad Zarz\u0105du<\/em><\/strong><\/p>\n<p>Prezes \u2013 Lucjusz Bilik [Opole]<\/p>\n<p>Wiceprezes \u2013 J\u00f3zef Ko\u015bla [Grodk\u00f3w]<\/p>\n<p>Wiceprezes \u2013 Kazimierz Szyszka [Kluczbork]<\/p>\n<p>Sekretarz \u2013 Micha\u0142 Raczy\u0144ski [Nysa]<\/p>\n<p>Skarbnik \u2013 Wioletta Dobrowolska [Opole]<\/p>\n<p><strong><em>Komisja rewizyjna<\/em><\/strong><\/p>\n<p>Prezes \u2013 Monika Ko\u015bla [Grodk\u00f3w]<\/p>\n<p>Sekretarz \u2013 Anna Kotlarz [Opole]<\/p>\n<p>Cz\u0142onek \u2013 Tadeusz Zaleski [Grodk\u00f3w]<\/p>\n<p><strong><em>S\u0105d Kole\u017ce\u0144ski<\/em><\/strong><\/p>\n<p>Prezes \u2013 Agnieszka Kotlarz [Opole]<\/p>\n<p>Sekretarz \u2013 Les\u0142aw Terpi\u0142owski [Opole]<\/p>\n<p>Maria Mleczko-Kr\u00f3l [Opole]<\/p>\n<p style=\"text-align: center;\"><strong>II Zjazd Sprawozdawczo-Wyborczy Oddzia\u0142u Regionalnego PTTK \u015al\u0105ska Opolskiego &#8211;\u00a017 marca 2001 roku<\/strong><\/p>\n<p><em><strong>Sk\u0142ad Zarz\u0105du<\/strong><\/em><\/p>\n<p>Prezes \u2013 Lucjusz Bilik [Opole]<\/p>\n<p>Wiceprezes ds. Organizacyjnych \u2013 Henryk Paciej [Opole]<\/p>\n<p>Wiceprezes ds. Finansowych \u2013 J\u00f3zef Ko\u015bla [Grodk\u00f3w]<\/p>\n<p>Wiceprezes ds. Turystyki kwalifikowanej \u2013 Stanis\u0142aw Chalimoniuk [Niemodlin]<\/p>\n<p>Wiceprezes ds. Turystyki m\u0142odzie\u017cowej \u2013 Kazimierz Szyszka [Kluczbork]<\/p>\n<p>Sekretarz \u2013 El\u017cbieta Dzwonnik [Tu\u0142owice]<\/p>\n<p><em><strong>Komisja Rewizyjna<\/strong><\/em><\/p>\n<p>Prezes \u2013 Wiktor Urba\u0144ski [Kluczbork]<\/p>\n<p>Wiceprezes \u2013 Piotr Gruss [Kluczbork]<\/p>\n<p>Wiceprezes \u2013 Zygmunt W\u0105si\u0144ski [Grodk\u00f3w]<\/p>\n<p><em><strong>S\u0105d Kole\u017ce\u0144ski<\/strong><\/em><\/p>\n<p>Prezes \u2013 Micha\u0142 Raczy\u0144ski [Nysa]<\/p>\n<p>Wiceprezes \u2013 Tadeusz Zaleski [Grodk\u00f3w]<\/p>\n<p style=\"text-align: center;\"><em><strong>III Zjazd Sprawozdawczo-Wyborczy Oddzia\u0142u Regionalnego PTTK \u015al\u0105ska Opolskiego w Opolu &#8211;\u00a030 marca 2005 roku<\/strong><\/em><\/p>\n<p><em><strong>Sk\u0142ad Zarz\u0105du<\/strong><\/em><\/p>\n<p>Prezes \u2013 Henryk Paciej [Opole]<\/p>\n<p>Wiceprezes \u2013 J\u00f3zef Ko\u015bla [Grodk\u00f3w]<\/p>\n<p><em>Po \u015bmierci J\u00f3zefa Ko\u015bli, Uchwa\u0142\u0105 nr 2\/2007 z dnia 27 kwietnia 2007 roku powo\u0142an\u0105 Ann\u0119 Czabak na jego miejsce<\/em><\/p>\n<p>Wiceprezes \u2013 Henryk Mielcarz [Strzelce Opolskie]<\/p>\n<p>Wiceprezes \u2013 Kazimierz Szyszka [Kluczbork]<\/p>\n<p>Skarbnik \u2013 Ma\u0142gorzata Hajducka [Prudnik]<\/p>\n<p>Sekretarz \u2013 Sabina Knopik [Zawadzkie]<\/p>\n<p><em><strong>Komisja Rewizyjna<\/strong><\/em><\/p>\n<p>Prezes \u2013 Piotr Gruss [Kluczbork]<\/p>\n<p>Wiceprezes \u2013 Ryszard Gryga [Kluczbork]<\/p>\n<p>Sekretarz \u2013 El\u017cbieta Dzwonnik [Tu\u0142owice]<\/p>\n<p><em><strong>S\u0105d Kole\u017ce\u0144ski<\/strong><\/em><\/p>\n<p>Prezes \u2013 Micha\u0142 Raczy\u0144ski [Nysa]<\/p>\n<p>Wiceprezes \u2013 Stanis\u0142aw Chalimoniuk [Niemodlin]<\/p>\n<p>Sekretarz \u2013 Tadeusz Zaleski [Grodk\u00f3w]<\/p>\n<p style=\"text-align: center;\"><strong>V Zjazd Sprawozdawczo-Wyborczy Oddzia\u0142u Regionalnego PTTK \u015al\u0105ska Opolskiego w Opolu &#8211;\u00a013 kwietnia 2013<\/strong><\/p>\n<p><em><strong>\u00a0Sk\u0142ad Zarz\u0105du<\/strong><\/em><\/p>\n<p>Prezes \u2013 Henryk Mielcarz [Strzelce Opolskie]<\/p>\n<p>Wiceprezes \u2013 Dariusz W\u0105sik<\/p>\n<p>Wiceprezes \u2013 Janusz Pochrz\u0119st<\/p>\n<p>Skarbnik &#8211;\u00a0 Sabina Knopik [Strzelce Opolskie]<\/p>\n<p>Sekretarz \u2013 Katarzyna Kyc<\/p>\n<p>Cz\u0142onek Zarz\u0105du \u2013 Piotr Gruss [Kluczbork]<\/p>\n<p><em><strong>Komisja Rewizyjna<\/strong><\/em><\/p>\n<p>El\u017cbieta Dzwonnik [Tu\u0142owice]<\/p>\n<p>Ryszard Gryga [Kluczbork]<\/p>\n<p>Bernard Janocha<\/p>\n<p style=\"text-align: center;\"><strong>Nadzwyczajny Zjazd Oddzia\u0142u Regionalnego PTTK \u015al\u0105ska Opolskiego &#8211;\u00a025 kwietnia 2015 roku<\/strong><\/p>\n<p><em><strong>Sk\u0142ad Zarz\u0105du<\/strong><\/em><\/p>\n<p>Prezes \u2013 Lucjusz Bilik [Opole]<\/p>\n<p>Wiceprezes \u2013 Jan Bia\u0142ek [Opole]<\/p>\n<p>Wiceprezes \u2013 Dariusz Ch\u0105dzi\u0144ski [Opole]<\/p>\n<p>Sekretarz \u2013 Wojciech Kwiecie\u0144 [K\u0119dzierzyn-Ko\u017ale]<\/p>\n<p>Skarbnik \u2013 Andrzej Kubiczek [Opole]<\/p>\n<p>Cz\u0142onek Zarz\u0105du \u2013 Jacek Ramus [Dobrze\u0144 Wielki]<\/p>\n<p><strong><em>Komisja Rewizyjna<\/em><\/strong><\/p>\n<p>Przewodnicz\u0105ca \u2013 Maria Mleczko-Kr\u00f3l [Opole]<\/p>\n<p>Cz\u0142onek \u2013 Danuta Bednarek<\/p>\n<p>Cz\u0142onek \u2013 El\u017cbieta Dzwonnik [Tu\u0142owice]<\/p>\n<p style=\"text-align: center;\"><strong>VII Zjazd Sprawozdawczo-Wyborczy Oddzia\u0142u Regionalnego PTTK \u015al\u0105ska Opolskiego &#8211; 25 marca 2017 roku<\/strong><\/p>\n<p><em><strong>Sk\u0142ad Zarz\u0105du<\/strong><\/em><\/p>\n<p>Prezes \u2013 Lucjusz Bilik [Opole]<\/p>\n<p>Wiceprezes \u2013 Jan Bia\u0142ek [Opole]<\/p>\n<p><i><span lang=\"DE\">Po rezygnacji Jan Bia\u0142ka, Uchwa\u0142\u0105 nr 12\/2019 z dnia 18 listopada 2019 roku powo\u0142ano Jacka Ramusa na jego miejsce.<\/span><\/i><\/p>\n<p>Wiceprezes \u2013 Dariusz Ch\u0105dzi\u0144ski [Opole]<\/p>\n<p>Skarbnik \u2013 Andrzej Kubiczek [Opole]<\/p>\n<p>Sekretarz \u2013 Ma\u0142gorzata Konopka [Opole]<\/p>\n<p>Cz\u0142onek Zarz\u0105du \u2013 Robert Posid [Zdzieszowice]<\/p>\n<p>Cz\u0142onek Zarz\u0105du \u2013 Jacek Ramus [Dobrze\u0144 Wielki]<\/p>\n<p><em><strong>Komisja Rewizyjna<\/strong><\/em><\/p>\n<p>Przewodnicz\u0105ca \u2013 Maria Mleczko-Kr\u00f3l [Opole]<\/p>\n<p>Cz\u0142onek \u2013 Anna Char\u0119za [Opole]<\/p>\n<p>Cz\u0142onek \u2013 Dzwonnik El\u017cbieta [Tu\u0142owice]<\/p>\n<p style=\"text-align: center;\"><strong>VIII Zjazd Sprawozdawczo-Wyborczy Oddzia\u0142u Regionalnego PTTK \u015al\u0105ska Opolskiego &#8211; 11.06.2022 roku<\/strong><\/p>\n<p><em><strong>Sk\u0142ad Zarz\u0105du<\/strong><\/em><\/p>\n<p>Prezes \u2013 Lucjusz Bilik [Opole]<\/p>\n<p>Wiceprezes \u2013 Dariusz Ch\u0105dzi\u0144ski [Opole]<\/p>\n<p>Wiceprezes ds. Organizacyjnych \u2013 Jacek Ramus [Dobrze\u0144 Wielki]<\/p>\n<p>Skarbnik \u2013 Andrzej Kubiczek [Opole]<\/p>\n<p>Cz\u0142onek Zarz\u0105du \u2013 Robert Posid [Zdzieszowice]<\/p>\n<p>Sekretarz &#8211; Ma\u0142gorzata Konopka [Opole] \u2013 (rezygnacja 28.11.2022r.)<\/p>\n<p><i><span lang=\"DE\">Po rezygnacji Ma\u0142gorzaty Konopki, Uchwa\u0142\u0105 nr 9\/2022 z dnia 28 listopada 2022 roku powo\u0142ano Patryka Frydla na jej miejsce<\/span><\/i><\/p>\n<p>Sekretarz &#8211; Patryk Frydel [Opole]<\/p>\n<p>Cz\u0142onek Zarz\u0105du &#8211; Micha\u0142 Kaczmarek [Opole] (rezygnacja 28.11.2022r.)<\/p>\n<p><em><strong>Komisja rewizyjna<\/strong><\/em><\/p>\n<p>Przewodnicz\u0105ca \u2013 Anna Char\u0119za [Opole]<\/p>\n<p>Cz\u0142onek \u2013 Maria Malinowska<\/p>\n<p>Cz\u0142onek \u2013 Beata \u015aliwi\u0144ska<\/p>\n<p style=\"text-align: center;\"><strong>IX Zjazd Sprawozdawczo-Wyborczy Oddzia\u0142u Regionalnego PTTK \u015al\u0105ska Opolskiego &#8211; 18.04.2026 roku<\/strong><\/p>\n<p><em><strong>Sk\u0142ad Zarz\u0105du<\/strong><\/em><\/p>\n<p>Prezes \u2013 Lucjusz Bilik [Opole]<\/p>\n<p>Wiceprezes \u2013 Dariusz Ch\u0105dzi\u0144ski [Opole]<\/p>\n<p>Wiceprezes\u00a0 \u2013 Jacek Ramus [Dobrze\u0144 Wielki]<\/p>\n<p>Skarbnik \u2013 Wioletta B\u0142aut [Opole]<\/p>\n<p>Sekretarz &#8211; Patryk Frydel [Opole]<\/p>\n<p>Cz\u0142onek Zarz\u0105du <strong>\u2013\u00a0<\/strong>Jan Bia\u0142ek<\/p>\n<p>Cz\u0142onek Zarz\u0105du &#8211; Andrzej Kubiczek [Opole]<\/p>\n<p>Cz\u0142onek Zarz\u0105du \u2013 Aleksander Krupa [Zdzieszowice]<\/p>\n<p><em><strong>Komisja rewizyjna<\/strong><\/em><\/p>\n<p>Przewodnicz\u0105cy \u2013 Bart\u0142omiej Fronczak [Zdzieszowice]<\/p>\n<p>Cz\u0142onek \u2013 Maria Malinowska<\/p>\n<p>Cz\u0142onek \u2013 Sylwia Znamirowska<\/p>\n\n\n<p><\/p>\n","protected":false},"excerpt":{"rendered":"<p>Zjazd za\u0142o\u017cycielski &#8211; 14 grudnia 1997 roku Sk\u0142ad Zarz\u0105du Prezes \u2013 Lucjusz Bilik [Opole] Wiceprezes \u2013 J\u00f3zef Ko\u015bla [Grodk\u00f3w] Wiceprezes \u2013 Kazimierz Szyszka [Kluczbork] Sekretarz \u2013 Micha\u0142 Raczy\u0144ski [Nysa] Skarbnik \u2013 Wioletta Dobrowolska [Opole] Komisja rewizyjna Prezes \u2013 Monika Ko\u015bla [Grodk\u00f3w] Sekretarz \u2013 Anna Kotlarz [Opole] Cz\u0142onek \u2013 Tadeusz Zaleski [Grodk\u00f3w] S\u0105d Kole\u017ce\u0144ski Prezes \u2013 [&hellip;]<\/p>\n","protected":false},"author":1,"featured_media":0,"parent":0,"menu_order":0,"comment_status":"closed","ping_status":"closed","template":"","meta":{"footnotes":""},"class_list":["post-65","page","type-page","status-publish","hentry"],"_links":{"self":[{"href":"https:\/\/opole.pttk.pl\/index.php\/wp-json\/wp\/v2\/pages\/65","targetHints":{"allow":["GET"]}}],"collection":[{"href":"https:\/\/opole.pttk.pl\/index.php\/wp-json\/wp\/v2\/pages"}],"about":[{"href":"https:\/\/opole.pttk.pl\/index.php\/wp-json\/wp\/v2\/types\/page"}],"author":[{"embeddable":true,"href":"https:\/\/opole.pttk.pl\/index.php\/wp-json\/wp\/v2\/users\/1"}],"replies":[{"embeddable":true,"href":"https:\/\/opole.pttk.pl\/index.php\/wp-json\/wp\/v2\/comments?post=65"}],"version-history":[{"count":17,"href":"https:\/\/opole.pttk.pl\/index.php\/wp-json\/wp\/v2\/pages\/65\/revisions"}],"predecessor-version":[{"id":6205,"href":"https:\/\/opole.pttk.pl\/index.php\/wp-json\/wp\/v2\/pages\/65\/revisions\/6205"}],"wp:attachment":[{"href":"https:\/\/opole.pttk.pl\/index.php\/wp-json\/wp\/v2\/media?parent=65"}],"curies":[{"name":"wp","href":"https:\/\/api.w.org\/{rel}","templated":true}]}}