{"id":697,"date":"2024-09-01T12:52:22","date_gmt":"2024-09-01T10:52:22","guid":{"rendered":"https:\/\/opole.pttk.pl\/?page_id=697"},"modified":"2026-01-02T08:40:03","modified_gmt":"2026-01-02T07:40:03","slug":"sklad-zarzadu-kola-terenowego-nr-88-tramp","status":"publish","type":"page","link":"https:\/\/opole.pttk.pl\/index.php\/sklad-zarzadu-kola-terenowego-nr-88-tramp\/","title":{"rendered":"Sk\u0142ad Zarz\u0105du Ko\u0142a Terenowego nr 88 Tramp"},"content":{"rendered":"<p>Zarz\u0105d Ko\u0142a Terenowego nr 88 Tramp<\/p>\n<ul>\n<li><strong>Prezes \u2013 Andrzej Kubiczek \u2013 889990995<\/strong><\/li>\n<li>Wiceprezes \u2013 Leszek Baraniewicz<\/li>\n<li>Sekretarz &#8211; Helena Kubiczek<\/li>\n<li>Skarbnik \u2013 Stefania Lisek<\/li>\n<li>Cz\u0142onek Zarz\u0105du \u2013 Iwona \u015awi\u0119ch<\/li>\n<li>Cz\u0142onek Zarz\u0105du &#8211; Marek Dolny<\/li>\n<li>Cz\u0142onek Zarz\u0105du &#8211; Gra\u017cyna Berg<\/li>\n<\/ul>\n<p>Komisja Rewizyjna<\/p>\n<ul>\n<li><strong>Przewodnicz\u0105ca &#8211; Barbara Besztak<\/strong><\/li>\n<li>Cz\u0142onek Komisji &#8211; W\u0142adys\u0142awa Walk\u00f3w<\/li>\n<li>Cz\u0142onek Komisji &#8211; Maria Malinowska<\/li>\n<\/ul>\n","protected":false},"excerpt":{"rendered":"<p>Zarz\u0105d Ko\u0142a Terenowego nr 88 Tramp Prezes \u2013 Andrzej Kubiczek \u2013 889990995 Wiceprezes \u2013 Leszek Baraniewicz Sekretarz &#8211; Helena Kubiczek Skarbnik \u2013 Stefania Lisek Cz\u0142onek Zarz\u0105du \u2013 Iwona \u015awi\u0119ch Cz\u0142onek Zarz\u0105du &#8211; Marek Dolny Cz\u0142onek Zarz\u0105du &#8211; Gra\u017cyna Berg Komisja Rewizyjna Przewodnicz\u0105ca &#8211; Barbara Besztak Cz\u0142onek Komisji &#8211; W\u0142adys\u0142awa Walk\u00f3w Cz\u0142onek Komisji &#8211; Maria Malinowska<\/p>\n","protected":false},"author":1,"featured_media":0,"parent":0,"menu_order":0,"comment_status":"closed","ping_status":"closed","template":"","meta":{"footnotes":""},"class_list":["post-697","page","type-page","status-publish","hentry"],"_links":{"self":[{"href":"https:\/\/opole.pttk.pl\/index.php\/wp-json\/wp\/v2\/pages\/697","targetHints":{"allow":["GET"]}}],"collection":[{"href":"https:\/\/opole.pttk.pl\/index.php\/wp-json\/wp\/v2\/pages"}],"about":[{"href":"https:\/\/opole.pttk.pl\/index.php\/wp-json\/wp\/v2\/types\/page"}],"author":[{"embeddable":true,"href":"https:\/\/opole.pttk.pl\/index.php\/wp-json\/wp\/v2\/users\/1"}],"replies":[{"embeddable":true,"href":"https:\/\/opole.pttk.pl\/index.php\/wp-json\/wp\/v2\/comments?post=697"}],"version-history":[{"count":3,"href":"https:\/\/opole.pttk.pl\/index.php\/wp-json\/wp\/v2\/pages\/697\/revisions"}],"predecessor-version":[{"id":5889,"href":"https:\/\/opole.pttk.pl\/index.php\/wp-json\/wp\/v2\/pages\/697\/revisions\/5889"}],"wp:attachment":[{"href":"https:\/\/opole.pttk.pl\/index.php\/wp-json\/wp\/v2\/media?parent=697"}],"curies":[{"name":"wp","href":"https:\/\/api.w.org\/{rel}","templated":true}]}}