{"id":721,"date":"2024-09-01T13:09:30","date_gmt":"2024-09-01T11:09:30","guid":{"rendered":"https:\/\/opole.pttk.pl\/?page_id=721"},"modified":"2025-11-05T09:57:59","modified_gmt":"2025-11-05T08:57:59","slug":"sklad-zarzadu-kola-terenowego-w-opolu","status":"publish","type":"page","link":"https:\/\/opole.pttk.pl\/index.php\/sklad-zarzadu-kola-terenowego-w-opolu\/","title":{"rendered":"Sk\u0142ad Zarz\u0105du Ko\u0142a Terenowego w Opolu"},"content":{"rendered":"<p style=\"text-align: center;\"><strong>4.11.2025 &#8211;<\/strong><\/p>\n<p><strong>Prezes<\/strong> &#8211; Jan Bia\u0142ek &#8211; tel. 503 133 545 &#8211; jan_bialek@wp.pl<\/p>\n<p>Skarbnik &#8211; Izabela Ramus<\/p>\n<p>Cz\u0142onek Zarz\u0105du &#8211; Jaros\u0142aw Sr\u0119bacz<\/p>\n<p style=\"text-align: center;\"><strong>4.4.2022-4.11.2025<\/strong><\/p>\n<p><strong>Prezes<\/strong> &#8211; Jan Bia\u0142ek &#8211; tel. 503 133 545 &#8211; jan_bialek@wp.pl<\/p>\n<p>Skarbnik &#8211; W\u0142odzimierz Twardo\u0144 &#8211; tel. 602 612 055<\/p>\n","protected":false},"excerpt":{"rendered":"<p>4.11.2025 &#8211; Prezes &#8211; Jan Bia\u0142ek &#8211; tel. 503 133 545 &#8211; jan_bialek@wp.pl Skarbnik &#8211; Izabela Ramus Cz\u0142onek Zarz\u0105du &#8211; Jaros\u0142aw Sr\u0119bacz 4.4.2022-4.11.2025 Prezes &#8211; Jan Bia\u0142ek &#8211; tel. 503 133 545 &#8211; jan_bialek@wp.pl Skarbnik &#8211; W\u0142odzimierz Twardo\u0144 &#8211; tel. 602 612 055<\/p>\n","protected":false},"author":1,"featured_media":0,"parent":0,"menu_order":0,"comment_status":"closed","ping_status":"closed","template":"","meta":{"footnotes":""},"class_list":["post-721","page","type-page","status-publish","hentry"],"_links":{"self":[{"href":"https:\/\/opole.pttk.pl\/index.php\/wp-json\/wp\/v2\/pages\/721","targetHints":{"allow":["GET"]}}],"collection":[{"href":"https:\/\/opole.pttk.pl\/index.php\/wp-json\/wp\/v2\/pages"}],"about":[{"href":"https:\/\/opole.pttk.pl\/index.php\/wp-json\/wp\/v2\/types\/page"}],"author":[{"embeddable":true,"href":"https:\/\/opole.pttk.pl\/index.php\/wp-json\/wp\/v2\/users\/1"}],"replies":[{"embeddable":true,"href":"https:\/\/opole.pttk.pl\/index.php\/wp-json\/wp\/v2\/comments?post=721"}],"version-history":[{"count":5,"href":"https:\/\/opole.pttk.pl\/index.php\/wp-json\/wp\/v2\/pages\/721\/revisions"}],"predecessor-version":[{"id":5764,"href":"https:\/\/opole.pttk.pl\/index.php\/wp-json\/wp\/v2\/pages\/721\/revisions\/5764"}],"wp:attachment":[{"href":"https:\/\/opole.pttk.pl\/index.php\/wp-json\/wp\/v2\/media?parent=721"}],"curies":[{"name":"wp","href":"https:\/\/api.w.org\/{rel}","templated":true}]}}