{"id":737,"date":"2024-09-01T16:42:12","date_gmt":"2024-09-01T14:42:12","guid":{"rendered":"https:\/\/opole.pttk.pl\/?page_id=737"},"modified":"2024-09-04T10:00:05","modified_gmt":"2024-09-04T08:00:05","slug":"miejskie-kolo-pttk-lazik-zdzieszowice","status":"publish","type":"page","link":"https:\/\/opole.pttk.pl\/index.php\/miejskie-kolo-pttk-lazik-zdzieszowice\/","title":{"rendered":"Miejskie Ko\u0142o PTTK \u0141azik Zdzieszowice"},"content":{"rendered":"<h4 class=\"font_4 wixui-rich-text__text\" style=\"text-align: center;\"><span class=\"wixui-rich-text__text\">Miejskie Ko\u0142o PTTK \u0141azik Zdzieszowice<\/span><\/h4>\n<h5 class=\"font_5 wixui-rich-text__text\" style=\"text-align: center;\"><span class=\"wixui-rich-text__text\">ul. Powsta\u0144c\u00f3w \u015al. 1<\/span><\/h5>\n<h5 class=\"font_5 wixui-rich-text__text\" style=\"text-align: center;\"><span class=\"wixui-rich-text__text\">47-330 Zdzieszowice<\/span><\/h5>\n<h5 class=\"font_5 wixui-rich-text__text\" style=\"text-align: center;\"><span class=\"wixui-rich-text__text\">Dy\u017cur cz\u0142onka Ko\u0142a w poniedzia\u0142ki w godz od 17 do 18\u00a0<\/span><span class=\"wixui-rich-text__text\">w Klubie SHDK<\/span><\/h5>\n","protected":false},"excerpt":{"rendered":"<p>Miejskie Ko\u0142o PTTK \u0141azik Zdzieszowice ul. Powsta\u0144c\u00f3w \u015al. 1 47-330 Zdzieszowice Dy\u017cur cz\u0142onka Ko\u0142a w poniedzia\u0142ki w godz od 17 do 18\u00a0w Klubie SHDK<\/p>\n","protected":false},"author":1,"featured_media":0,"parent":0,"menu_order":0,"comment_status":"closed","ping_status":"closed","template":"","meta":{"footnotes":""},"class_list":["post-737","page","type-page","status-publish","hentry"],"_links":{"self":[{"href":"https:\/\/opole.pttk.pl\/index.php\/wp-json\/wp\/v2\/pages\/737","targetHints":{"allow":["GET"]}}],"collection":[{"href":"https:\/\/opole.pttk.pl\/index.php\/wp-json\/wp\/v2\/pages"}],"about":[{"href":"https:\/\/opole.pttk.pl\/index.php\/wp-json\/wp\/v2\/types\/page"}],"author":[{"embeddable":true,"href":"https:\/\/opole.pttk.pl\/index.php\/wp-json\/wp\/v2\/users\/1"}],"replies":[{"embeddable":true,"href":"https:\/\/opole.pttk.pl\/index.php\/wp-json\/wp\/v2\/comments?post=737"}],"version-history":[{"count":2,"href":"https:\/\/opole.pttk.pl\/index.php\/wp-json\/wp\/v2\/pages\/737\/revisions"}],"predecessor-version":[{"id":869,"href":"https:\/\/opole.pttk.pl\/index.php\/wp-json\/wp\/v2\/pages\/737\/revisions\/869"}],"wp:attachment":[{"href":"https:\/\/opole.pttk.pl\/index.php\/wp-json\/wp\/v2\/media?parent=737"}],"curies":[{"name":"wp","href":"https:\/\/api.w.org\/{rel}","templated":true}]}}