{"id":743,"date":"2024-09-01T16:44:59","date_gmt":"2024-09-01T14:44:59","guid":{"rendered":"https:\/\/opole.pttk.pl\/?page_id=743"},"modified":"2026-02-09T12:33:22","modified_gmt":"2026-02-09T11:33:22","slug":"sklad-zarzadu-kola-pttk-lazik-zdzieszowice","status":"publish","type":"page","link":"https:\/\/opole.pttk.pl\/index.php\/sklad-zarzadu-kola-pttk-lazik-zdzieszowice\/","title":{"rendered":"Sk\u0142ad Zarz\u0105du Ko\u0142a PTTK \u0141azik Zdzieszowice"},"content":{"rendered":"<p><strong>Prezes<\/strong> &#8211; Aleksander Krupa \u2013 tel. 696 425 521<\/p>\n<p>Wiceprezes &#8211; Janusz G\u00f3ra<\/p>\n<p>Skarbnik &#8211; Wojciech Kojs<\/p>\n<p>Sekretarz &#8211; Gra\u017cyna Kacprzaka<\/p>\n<p>Cz\u0142onek Zarz\u0105du &#8211; Agnieszka Le\u015bniak &#8211; Nowak<\/p>\n<p>Cz\u0142onek Zarz\u0105du &#8211; Bart\u0142omiej Fronczak<\/p>\n\n\n<p><\/p>\n","protected":false},"excerpt":{"rendered":"<p>Prezes &#8211; Aleksander Krupa \u2013 tel. 696 425 521 Wiceprezes &#8211; Janusz G\u00f3ra Skarbnik &#8211; Wojciech Kojs Sekretarz &#8211; Gra\u017cyna Kacprzaka Cz\u0142onek Zarz\u0105du &#8211; Agnieszka Le\u015bniak &#8211; Nowak Cz\u0142onek Zarz\u0105du &#8211; Bart\u0142omiej Fronczak<\/p>\n","protected":false},"author":1,"featured_media":0,"parent":0,"menu_order":0,"comment_status":"closed","ping_status":"closed","template":"","meta":{"footnotes":""},"class_list":["post-743","page","type-page","status-publish","hentry"],"_links":{"self":[{"href":"https:\/\/opole.pttk.pl\/index.php\/wp-json\/wp\/v2\/pages\/743","targetHints":{"allow":["GET"]}}],"collection":[{"href":"https:\/\/opole.pttk.pl\/index.php\/wp-json\/wp\/v2\/pages"}],"about":[{"href":"https:\/\/opole.pttk.pl\/index.php\/wp-json\/wp\/v2\/types\/page"}],"author":[{"embeddable":true,"href":"https:\/\/opole.pttk.pl\/index.php\/wp-json\/wp\/v2\/users\/1"}],"replies":[{"embeddable":true,"href":"https:\/\/opole.pttk.pl\/index.php\/wp-json\/wp\/v2\/comments?post=743"}],"version-history":[{"count":5,"href":"https:\/\/opole.pttk.pl\/index.php\/wp-json\/wp\/v2\/pages\/743\/revisions"}],"predecessor-version":[{"id":5984,"href":"https:\/\/opole.pttk.pl\/index.php\/wp-json\/wp\/v2\/pages\/743\/revisions\/5984"}],"wp:attachment":[{"href":"https:\/\/opole.pttk.pl\/index.php\/wp-json\/wp\/v2\/media?parent=743"}],"curies":[{"name":"wp","href":"https:\/\/api.w.org\/{rel}","templated":true}]}}