{"id":825,"date":"2024-09-03T09:10:05","date_gmt":"2024-09-03T07:10:05","guid":{"rendered":"https:\/\/opole.pttk.pl\/?page_id=825"},"modified":"2025-09-01T12:23:41","modified_gmt":"2025-09-01T10:23:41","slug":"imprezy","status":"publish","type":"page","link":"https:\/\/opole.pttk.pl\/index.php\/imprezy\/","title":{"rendered":"Imprezy"},"content":{"rendered":"\n<figure class=\"wp-block-table\"><table class=\"has-fixed-layout\"><tbody><tr><td><a href=\"https:\/\/opole.pttk.pl\/index.php\/2025\/09\/01\/slaska-szwajcaria\/\">16.10.2025 &#8211; \u015al\u0105ska Szwajcaria<\/a><\/td><\/tr><tr><td><a href=\"https:\/\/opole.pttk.pl\/index.php\/2025\/08\/25\/prosna-z-okp-bolko\/\">11.9.2025 &#8211; Prosna<\/a><\/td><\/tr><tr><td><a href=\"https:\/\/opole.pttk.pl\/index.php\/2025\/08\/15\/okp-bolko-zaprasza-do-koszecina\/\">4.9.2025 &#8211; Kosz\u0119cin<\/a><\/td><\/tr><tr><td><a href=\"https:\/\/opole.pttk.pl\/index.php\/2025\/08\/15\/5263\/\">26.8.2025 &#8211; Sio\u0142kowice Stare<\/a><\/td><\/tr><tr><td>31.7.2025 &#8211; Piastowska piecz\u0119\u0107<\/td><\/tr><tr><td>5.7.2025 &#8211; Rejs Kana\u0142em Gliwickim<\/td><\/tr><tr><td>24.6.2025 &#8211; Katowice miasto ogrod\u00f3w<\/td><\/tr><tr><td>3.6.2025 &#8211; Peony World<\/td><\/tr><tr><td>5.6.2025 &#8211; Elizjum Wirtemberg\u00f3w<\/td><\/tr><tr><td>29.5.2025 &#8211; W Dolinie Bia\u0142ki i Osob\u0142ogi<\/td><\/tr><tr><td>15.5.2025 &#8211; Czysta Odra<\/td><\/tr><tr><td>8.5.2025 &#8211; Ptasi Raj<\/td><\/tr><tr><td>24.4.2025 &#8211; Dzie\u0144 Ziemi na G\u00f3rze \u015bw Anny<\/td><\/tr><tr><td>3.4.2025 &#8211; Opolska wiosna<\/td><\/tr><tr><td>25.2.2025 &#8211; Natura i kultura<\/td><\/tr><tr><td>18.3.2025 &#8211; Katowicki Szlak Kobiet<\/td><\/tr><tr><td>13.2.2025 &#8211; Bia\u0142a Prudnicka<\/td><\/tr><tr><td>23.1.2025 &#8211; Lumina Park w Topaczu<\/td><\/tr><tr><td>7.1.2025 &#8211; Piknik nad Balatonem<\/td><\/tr><tr><td>7.12.2024 &#8211; Miko\u0142ajki<\/td><\/tr><tr><td>19.11.2024 &#8211; Wroc\u0142aw<\/td><\/tr><tr><td>5.10.2024 &#8211; Brzeg<\/td><\/tr><\/tbody><\/table><\/figure>\n","protected":false},"excerpt":{"rendered":"<p>16.10.2025 &#8211; \u015al\u0105ska Szwajcaria 11.9.2025 &#8211; Prosna 4.9.2025 &#8211; Kosz\u0119cin 26.8.2025 &#8211; Sio\u0142kowice Stare 31.7.2025 &#8211; Piastowska piecz\u0119\u0107 5.7.2025 &#8211; Rejs Kana\u0142em Gliwickim 24.6.2025 &#8211; Katowice miasto ogrod\u00f3w 3.6.2025 &#8211; Peony World 5.6.2025 &#8211; Elizjum Wirtemberg\u00f3w 29.5.2025 &#8211; W Dolinie Bia\u0142ki i Osob\u0142ogi 15.5.2025 &#8211; Czysta Odra 8.5.2025 &#8211; Ptasi Raj 24.4.2025 &#8211; Dzie\u0144 Ziemi [&hellip;]<\/p>\n","protected":false},"author":1,"featured_media":0,"parent":0,"menu_order":0,"comment_status":"closed","ping_status":"closed","template":"","meta":{"footnotes":""},"class_list":["post-825","page","type-page","status-publish","hentry"],"_links":{"self":[{"href":"https:\/\/opole.pttk.pl\/index.php\/wp-json\/wp\/v2\/pages\/825","targetHints":{"allow":["GET"]}}],"collection":[{"href":"https:\/\/opole.pttk.pl\/index.php\/wp-json\/wp\/v2\/pages"}],"about":[{"href":"https:\/\/opole.pttk.pl\/index.php\/wp-json\/wp\/v2\/types\/page"}],"author":[{"embeddable":true,"href":"https:\/\/opole.pttk.pl\/index.php\/wp-json\/wp\/v2\/users\/1"}],"replies":[{"embeddable":true,"href":"https:\/\/opole.pttk.pl\/index.php\/wp-json\/wp\/v2\/comments?post=825"}],"version-history":[{"count":35,"href":"https:\/\/opole.pttk.pl\/index.php\/wp-json\/wp\/v2\/pages\/825\/revisions"}],"predecessor-version":[{"id":5330,"href":"https:\/\/opole.pttk.pl\/index.php\/wp-json\/wp\/v2\/pages\/825\/revisions\/5330"}],"wp:attachment":[{"href":"https:\/\/opole.pttk.pl\/index.php\/wp-json\/wp\/v2\/media?parent=825"}],"curies":[{"name":"wp","href":"https:\/\/api.w.org\/{rel}","templated":true}]}}