{"id":851,"date":"2024-09-03T09:49:30","date_gmt":"2024-09-03T07:49:30","guid":{"rendered":"https:\/\/opole.pttk.pl\/?page_id=851"},"modified":"2025-01-16T09:57:31","modified_gmt":"2025-01-16T08:57:31","slug":"zarzad-klubu-swistak","status":"publish","type":"page","link":"https:\/\/opole.pttk.pl\/index.php\/zarzad-klubu-swistak\/","title":{"rendered":"Zarz\u0105d Klubu \u015awistak"},"content":{"rendered":"<p><strong>Prezes &#8211; Jasros\u0142aw Mateusz Sr\u0119bacz<\/strong> &#8211; tel. 883 680 078, e \u2013 mail: jsrebacz@gmail.com<\/p>\n<p>Wiceprezes &#8211; Paulina Zio\u0142a<\/p>\n<p>Wiceprezes &#8211; Zbigniew Zag\u0142oba &#8211; Zygler<\/p>\n<p>Sekretarz &#8211; Piotr Ste\u0107ko<\/p>\n<p>Skarbnik &#8211; Jaros\u0142aw Jasiczek<\/p>\n<p>Cz\u0142onek Zarz\u0105du &#8211; Franciszek Olszewski<\/p>\n<p><strong>Komisja Rewizyjna<\/strong><\/p>\n<p><strong>Przewodnicz\u0105ca &#8211; Jolanta Suchacka<\/strong><\/p>\n<p>Wiceprzewodnicz\u0105ca &#8211; El\u017cbieta Kojdecka<\/p>\n<p>Cz\u0142onek &#8211; Jan Otr\u0119ba<\/p>\n","protected":false},"excerpt":{"rendered":"<p>Prezes &#8211; Jasros\u0142aw Mateusz Sr\u0119bacz &#8211; tel. 883 680 078, e \u2013 mail: jsrebacz@gmail.com Wiceprezes &#8211; Paulina Zio\u0142a Wiceprezes &#8211; Zbigniew Zag\u0142oba &#8211; Zygler Sekretarz &#8211; Piotr Ste\u0107ko Skarbnik &#8211; Jaros\u0142aw Jasiczek Cz\u0142onek Zarz\u0105du &#8211; Franciszek Olszewski Komisja Rewizyjna Przewodnicz\u0105ca &#8211; Jolanta Suchacka Wiceprzewodnicz\u0105ca &#8211; El\u017cbieta Kojdecka Cz\u0142onek &#8211; Jan Otr\u0119ba<\/p>\n","protected":false},"author":1,"featured_media":0,"parent":0,"menu_order":0,"comment_status":"closed","ping_status":"closed","template":"","meta":{"footnotes":""},"class_list":["post-851","page","type-page","status-publish","hentry"],"_links":{"self":[{"href":"https:\/\/opole.pttk.pl\/index.php\/wp-json\/wp\/v2\/pages\/851","targetHints":{"allow":["GET"]}}],"collection":[{"href":"https:\/\/opole.pttk.pl\/index.php\/wp-json\/wp\/v2\/pages"}],"about":[{"href":"https:\/\/opole.pttk.pl\/index.php\/wp-json\/wp\/v2\/types\/page"}],"author":[{"embeddable":true,"href":"https:\/\/opole.pttk.pl\/index.php\/wp-json\/wp\/v2\/users\/1"}],"replies":[{"embeddable":true,"href":"https:\/\/opole.pttk.pl\/index.php\/wp-json\/wp\/v2\/comments?post=851"}],"version-history":[{"count":3,"href":"https:\/\/opole.pttk.pl\/index.php\/wp-json\/wp\/v2\/pages\/851\/revisions"}],"predecessor-version":[{"id":3363,"href":"https:\/\/opole.pttk.pl\/index.php\/wp-json\/wp\/v2\/pages\/851\/revisions\/3363"}],"wp:attachment":[{"href":"https:\/\/opole.pttk.pl\/index.php\/wp-json\/wp\/v2\/media?parent=851"}],"curies":[{"name":"wp","href":"https:\/\/api.w.org\/{rel}","templated":true}]}}