{"id":891,"date":"2024-09-11T07:41:10","date_gmt":"2024-09-11T05:41:10","guid":{"rendered":"https:\/\/opole.pttk.pl\/?page_id=891"},"modified":"2026-02-27T10:07:02","modified_gmt":"2026-02-27T09:07:02","slug":"wykaz-przodownikow-turystyki-gorskiej-or-pttk-so","status":"publish","type":"page","link":"https:\/\/opole.pttk.pl\/index.php\/wykaz-przodownikow-turystyki-gorskiej-or-pttk-so\/","title":{"rendered":"Wykaz Przodownik\u00f3w Turystyki G\u00f3rskiej OR PTTK \u015aO"},"content":{"rendered":"\n<div class=\"wp-block-buttons is-content-justification-center is-layout-flex wp-container-core-buttons-is-layout-a89b3969 wp-block-buttons-is-layout-flex\">\n<div class=\"wp-block-button is-style-outline is-style-outline--1\"><a class=\"wp-block-button__link wp-element-button\" href=\"https:\/\/opole.pttk.pl\/wp-content\/uploads\/2025\/06\/Ankieta_PTG_2025_2.doc\"><mark style=\"background-color:rgba(0, 0, 0, 0)\" class=\"has-inline-color has-vivid-cyan-blue-color\">Ankieta PTG &#8211; pobierz<\/mark><\/a><\/div>\n<\/div>\n\n\n\n<div style=\"height:45px\" aria-hidden=\"true\" class=\"wp-block-spacer\"><\/div>\n\n\n\n<figure class=\"wp-block-table aligncenter\"><table><tbody><tr><td><strong>Nazwisko<\/strong><\/td><td><strong>Imi\u0119<\/strong><\/td><td class=\"has-text-align-center\" data-align=\"center\"><strong>Numer Legitymacji PTG\/HPTG<\/strong><\/td><td><strong>Obszar G\u00f3rski<\/strong><\/td><\/tr><tr><td>Mo\u0142odecki<\/td><td>Stanis\u0142aw<\/td><td class=\"has-text-align-center\" data-align=\"center\">3086 \/ 1122<\/td><td>T,BZ,BW,S,GS<\/td><\/tr><tr><td>Szumiec<\/td><td>Gra\u017cyna<\/td><td class=\"has-text-align-center\" data-align=\"center\">6061<\/td><td>BZ,BW,S<\/td><\/tr><tr><td>Gmiterek<\/td><td>Andrzej<\/td><td class=\"has-text-align-center\" data-align=\"center\">6064<\/td><td>T,BZ,BW,S,GS<\/td><\/tr><tr><td>Nabrzuchowski<\/td><td>Piotr<\/td><td class=\"has-text-align-center\" data-align=\"center\">6511<\/td><td>T,BZ,BW,S,GS<\/td><\/tr><tr><td>Korycki<\/td><td>J\u00f3zef<\/td><td class=\"has-text-align-center\" data-align=\"center\">7627<\/td><td>T,BZ,BW,S,GS<\/td><\/tr><tr><td>Kubiczek<\/td><td>Andrzej<\/td><td class=\"has-text-align-center\" data-align=\"center\">7629<\/td><td>BZ,BW,S<\/td><\/tr><tr><td>Wojcieszak<\/td><td>Adam<\/td><td class=\"has-text-align-center\" data-align=\"center\">7633<\/td><td>T,BZ,BW,S,GS<\/td><\/tr><tr><td>Korycka<\/td><td>Zdzis\u0142awa<\/td><td class=\"has-text-align-center\" data-align=\"center\">7647<\/td><td>BZ,BW,GS<\/td><\/tr><tr><td>Ch\u0105dzi\u0144ski<\/td><td>Dariusz<\/td><td class=\"has-text-align-center\" data-align=\"center\">7748<\/td><td>T,BZ,BW,S,GS<\/td><\/tr><tr><td>Biela<\/td><td>Henryk<\/td><td class=\"has-text-align-center\" data-align=\"center\">7785<\/td><td>T,BZ,BW,S,GS<\/td><\/tr><tr><td>Mokiejewski<\/td><td>Tomasz<\/td><td class=\"has-text-align-center\" data-align=\"center\">7896<\/td><td>T,S,GS<\/td><\/tr><tr><td>Pielich<\/td><td>Andrzej<\/td><td class=\"has-text-align-center\" data-align=\"center\">8096<\/td><td>T,BZ,BW,S,GS<\/td><\/tr><tr><td>Sr\u0119bacz<\/td><td>Jaros\u0142a Mateusz<\/td><td class=\"has-text-align-center\" data-align=\"center\">8144<\/td><td>BZ,BW,S,GS<\/td><\/tr><tr><td>Char\u0119za<\/td><td>Anna<\/td><td class=\"has-text-align-center\" data-align=\"center\">8145<\/td><td>T,BZ,S,GS<\/td><\/tr><tr><td>Ramus<\/td><td>Jacek<\/td><td class=\"has-text-align-center\" data-align=\"center\">8146<\/td><td>T,BZ,BW,S,GS<\/td><\/tr><tr><td>\u015awi\u0119ch<\/td><td>Iwona<\/td><td class=\"has-text-align-center\" data-align=\"center\">8180<\/td><td>BZ,S<\/td><\/tr><tr><td>Tymi\u0144ski<\/td><td>Stanis\u0142aw<\/td><td class=\"has-text-align-center\" data-align=\"center\">8222<\/td><td>BZ,S<\/td><\/tr><tr><td>Krupa<\/td><td>Aleksander<\/td><td class=\"has-text-align-center\" data-align=\"center\">8276<\/td><td>S<\/td><\/tr><tr><td>Pamu\u0142a<\/td><td>Ma\u0142gorzata<\/td><td class=\"has-text-align-center\" data-align=\"center\">8278<\/td><td>S<\/td><\/tr><tr><td>Mr\u00f3z-Nowi\u0144ska<\/td><td>Iwona<\/td><td class=\"has-text-align-center\" data-align=\"center\">8405<\/td><td>S<\/td><\/tr><tr><td>Frydel<\/td><td>Patryk<\/td><td class=\"has-text-align-center\" data-align=\"center\">8487<\/td><td>S<\/td><\/tr><tr><td>Bieniarz<\/td><td>Grzegorz<\/td><td class=\"has-text-align-center\" data-align=\"center\">8577<\/td><td>BZ<\/td><\/tr><\/tbody><\/table><\/figure>\n\n\n\n<div class=\"wp-block-file\"><a id=\"wp-block-file--media-8c79fadf-84e1-4851-b2fd-4e6e0ffb8991\" href=\"https:\/\/opole.pttk.pl\/wp-content\/uploads\/2025\/06\/Ankieta_PTG_2025_2.doc\">Ankieta_PTG_2025_2<\/a><a href=\"https:\/\/opole.pttk.pl\/wp-content\/uploads\/2025\/06\/Ankieta_PTG_2025_2.doc\" class=\"wp-block-file__button wp-element-button\" download aria-describedby=\"wp-block-file--media-8c79fadf-84e1-4851-b2fd-4e6e0ffb8991\">Pobierz<\/a><\/div>\n","protected":false},"excerpt":{"rendered":"<p>Nazwisko Imi\u0119 Numer Legitymacji PTG\/HPTG Obszar G\u00f3rski Mo\u0142odecki Stanis\u0142aw 3086 \/ 1122 T,BZ,BW,S,GS Szumiec Gra\u017cyna 6061 BZ,BW,S Gmiterek Andrzej 6064 T,BZ,BW,S,GS Nabrzuchowski Piotr 6511 T,BZ,BW,S,GS Korycki J\u00f3zef 7627 T,BZ,BW,S,GS Kubiczek Andrzej 7629 BZ,BW,S Wojcieszak Adam 7633 T,BZ,BW,S,GS Korycka Zdzis\u0142awa 7647 BZ,BW,GS Ch\u0105dzi\u0144ski Dariusz 7748 T,BZ,BW,S,GS Biela Henryk 7785 T,BZ,BW,S,GS Mokiejewski Tomasz 7896 T,S,GS Pielich Andrzej [&hellip;]<\/p>\n","protected":false},"author":1,"featured_media":0,"parent":0,"menu_order":0,"comment_status":"closed","ping_status":"closed","template":"","meta":{"footnotes":""},"class_list":["post-891","page","type-page","status-publish","hentry"],"_links":{"self":[{"href":"https:\/\/opole.pttk.pl\/index.php\/wp-json\/wp\/v2\/pages\/891","targetHints":{"allow":["GET"]}}],"collection":[{"href":"https:\/\/opole.pttk.pl\/index.php\/wp-json\/wp\/v2\/pages"}],"about":[{"href":"https:\/\/opole.pttk.pl\/index.php\/wp-json\/wp\/v2\/types\/page"}],"author":[{"embeddable":true,"href":"https:\/\/opole.pttk.pl\/index.php\/wp-json\/wp\/v2\/users\/1"}],"replies":[{"embeddable":true,"href":"https:\/\/opole.pttk.pl\/index.php\/wp-json\/wp\/v2\/comments?post=891"}],"version-history":[{"count":13,"href":"https:\/\/opole.pttk.pl\/index.php\/wp-json\/wp\/v2\/pages\/891\/revisions"}],"predecessor-version":[{"id":6043,"href":"https:\/\/opole.pttk.pl\/index.php\/wp-json\/wp\/v2\/pages\/891\/revisions\/6043"}],"wp:attachment":[{"href":"https:\/\/opole.pttk.pl\/index.php\/wp-json\/wp\/v2\/media?parent=891"}],"curies":[{"name":"wp","href":"https:\/\/api.w.org\/{rel}","templated":true}]}}