{"id":983,"date":"2024-09-11T11:31:24","date_gmt":"2024-09-11T09:31:24","guid":{"rendered":"https:\/\/opole.pttk.pl\/?page_id=983"},"modified":"2025-10-07T10:05:43","modified_gmt":"2025-10-07T08:05:43","slug":"wykaz-instruktorow-krajoznawstwa-pttk","status":"publish","type":"page","link":"https:\/\/opole.pttk.pl\/index.php\/wykaz-instruktorow-krajoznawstwa-pttk\/","title":{"rendered":"Wykaz Instruktor\u00f3w Krajoznawstwa PTTK"},"content":{"rendered":"\n<div class=\"wp-block-buttons is-content-justification-center is-layout-flex wp-container-core-buttons-is-layout-a89b3969 wp-block-buttons-is-layout-flex\">\n<div class=\"wp-block-button is-style-outline is-style-outline--1\"><a class=\"wp-block-button__link wp-element-button\" href=\"https:\/\/opole.pttk.pl\/wp-content\/uploads\/2025\/10\/Ankieta-IK-ORSO_3.doc\"><mark style=\"background-color:rgba(0, 0, 0, 0)\" class=\"has-inline-color has-vivid-cyan-blue-color\">Ankieta Instruktora &#8211; pobierz<\/mark><\/a><\/div>\n<\/div>\n\n\n\n<p><\/p>\n\n\n\n<div style=\"height:40px\" aria-hidden=\"true\" class=\"wp-block-spacer\"><\/div>\n\n\n\n<figure class=\"wp-block-table\"><table><tbody><tr><td><strong>Imi\u0119<\/strong><\/td><td><strong>Nazwisko<\/strong><\/td><td><strong>Miejscowo\u015b\u0107<\/strong><\/td><td class=\"has-text-align-center\" data-align=\"center\"><strong>IKR<\/strong><\/td><td class=\"has-text-align-center\" data-align=\"center\"><strong>IKP<\/strong><\/td><td class=\"has-text-align-center\" data-align=\"center\"><strong>ZIK<\/strong><\/td><\/tr><tr><td>Bronis\u0142aw<\/td><td>Adamski<\/td><td>Opole<\/td><td class=\"has-text-align-center\" data-align=\"center\">0065\/R\/95<\/td><td class=\"has-text-align-center\" data-align=\"center\"><\/td><td class=\"has-text-align-center\" data-align=\"center\"><\/td><\/tr><tr><td>Wilhelma<\/td><td>Bara\u0144ska<\/td><td>Brzeg<\/td><td class=\"has-text-align-center\" data-align=\"center\">1932\/R\/09<\/td><td class=\"has-text-align-center\" data-align=\"center\"><\/td><td class=\"has-text-align-center\" data-align=\"center\"><\/td><\/tr><tr><td>Lucjusz<\/td><td>Bilik<\/td><td>Opole<\/td><td class=\"has-text-align-center\" data-align=\"center\">2411\/R\/19<\/td><td class=\"has-text-align-center\" data-align=\"center\"><\/td><td class=\"has-text-align-center\" data-align=\"center\"><\/td><\/tr><tr><td>Tadeusz<\/td><td>Jurek<\/td><td>Brzeg<\/td><td class=\"has-text-align-center\" data-align=\"center\">1036\/R\/01<\/td><td class=\"has-text-align-center\" data-align=\"center\">0698\/P\/23<\/td><td class=\"has-text-align-center\" data-align=\"center\"><\/td><\/tr><tr><td>Dariusz<\/td><td>Ch\u0105dzi\u0144ski<\/td><td>Opole<\/td><td class=\"has-text-align-center\" data-align=\"center\">2276\/R\/16<\/td><td class=\"has-text-align-center\" data-align=\"center\"><\/td><td class=\"has-text-align-center\" data-align=\"center\"><\/td><\/tr><tr><td>Franciszek<\/td><td>Dendewicz<\/td><td>Prudnik<\/td><td class=\"has-text-align-center\" data-align=\"center\">1933\/R\/09<\/td><td class=\"has-text-align-center\" data-align=\"center\"><\/td><td class=\"has-text-align-center\" data-align=\"center\"><\/td><\/tr><tr><td>Stanis\u0142aw<\/td><td>Dendewicz<\/td><td>Prudnik<\/td><td class=\"has-text-align-center\" data-align=\"center\">2413\/R\/20<\/td><td class=\"has-text-align-center\" data-align=\"center\"><\/td><td class=\"has-text-align-center\" data-align=\"center\"><\/td><\/tr><tr><td>Stanis\u0142aw<\/td><td>Derda<\/td><td>Prudnik<\/td><td class=\"has-text-align-center\" data-align=\"center\">2275\/R\/16<\/td><td class=\"has-text-align-center\" data-align=\"center\"><\/td><td class=\"has-text-align-center\" data-align=\"center\"><\/td><\/tr><tr><td>Andrzej<\/td><td>Dere\u0144<\/td><td>Prudnik<\/td><td class=\"has-text-align-center\" data-align=\"center\">0891\/R\/99<\/td><td class=\"has-text-align-center\" data-align=\"center\"><\/td><td class=\"has-text-align-center\" data-align=\"center\"><\/td><\/tr><tr><td>Halina<\/td><td>Garczy\u0144ska<\/td><td>Prudnik<\/td><td class=\"has-text-align-center\" data-align=\"center\">2118\/R\/13<\/td><td class=\"has-text-align-center\" data-align=\"center\"><\/td><td class=\"has-text-align-center\" data-align=\"center\"><\/td><\/tr><tr><td>J\u00f3zef<\/td><td>Hupka<\/td><td>\u015amicz<\/td><td class=\"has-text-align-center\" data-align=\"center\">1808\/R\/08<\/td><td class=\"has-text-align-center\" data-align=\"center\"><\/td><td class=\"has-text-align-center\" data-align=\"center\"><\/td><\/tr><tr><td>Marcin<\/td><td>Husak<\/td><td>Prudnik<\/td><td class=\"has-text-align-center\" data-align=\"center\">1934\/R\/09<\/td><td class=\"has-text-align-center\" data-align=\"center\">0680\/P\/19<\/td><td class=\"has-text-align-center\" data-align=\"center\"><\/td><\/tr><tr><td>Jan<\/td><td>Janota<\/td><td>Brzeg<\/td><td class=\"has-text-align-center\" data-align=\"center\">0853\/R\/99<\/td><td class=\"has-text-align-center\" data-align=\"center\">0584\/P\/09<\/td><td class=\"has-text-align-center\" data-align=\"center\"><\/td><\/tr><tr><td>Stanis\u0142aw<\/td><td>Ma\u0142kowski<\/td><td>Prudnik<\/td><td class=\"has-text-align-center\" data-align=\"center\">2316\/R\/17<\/td><td class=\"has-text-align-center\" data-align=\"center\"><\/td><td class=\"has-text-align-center\" data-align=\"center\"><\/td><\/tr><tr><td>Teresa<\/td><td>Noco\u0144-Hadasz<\/td><td>K\u0119dzierzyn-Ko\u017ale<\/td><td class=\"has-text-align-center\" data-align=\"center\">0084\/R\/75<\/td><td class=\"has-text-align-center\" data-align=\"center\">0472\/P\/02<\/td><td class=\"has-text-align-center\" data-align=\"center\">0186\/Z\/15<\/td><\/tr><tr><td>Marcin<\/td><td>Nowak<\/td><td>Nysa<\/td><td class=\"has-text-align-center\" data-align=\"center\">2326\/R\/17<\/td><td class=\"has-text-align-center\" data-align=\"center\"><\/td><td class=\"has-text-align-center\" data-align=\"center\"><\/td><\/tr><tr><td>Izabela<\/td><td>Ramus<\/td><td>Dobrze\u0144 Wielki<\/td><td class=\"has-text-align-center\" data-align=\"center\">1168\/R\/03<\/td><td class=\"has-text-align-center\" data-align=\"center\"><\/td><td class=\"has-text-align-center\" data-align=\"center\"><\/td><\/tr><tr><td>Jacek<\/td><td>Ramus<\/td><td>Dobrze\u0144 Wielki<\/td><td class=\"has-text-align-center\" data-align=\"center\">1169\/R\/03<\/td><td class=\"has-text-align-center\" data-align=\"center\">0600\/P\/11<\/td><td class=\"has-text-align-center\" data-align=\"center\">0207\/Z\/22<\/td><\/tr><tr><td>Jaros\u0142aw Mateusz<\/td><td>Sr\u0119bacz<\/td><td>Lubrza<\/td><td class=\"has-text-align-center\" data-align=\"center\">2327\/R\/17<\/td><td class=\"has-text-align-center\" data-align=\"center\"><\/td><td class=\"has-text-align-center\" data-align=\"center\"><\/td><\/tr><tr><td>El\u017cbieta<\/td><td>Zag\u0142oba-Zygler<\/td><td>Prudnik<\/td><td class=\"has-text-align-center\" data-align=\"center\">0031\/R\/80<\/td><td class=\"has-text-align-center\" data-align=\"center\">0496\/P\/05<\/td><td class=\"has-text-align-center\" data-align=\"center\">0167\/Z\/14<\/td><\/tr><tr><td>Zbigniew<\/td><td>Zag\u0142oba-Zygler<\/td><td>Prudnik<\/td><td class=\"has-text-align-center\" data-align=\"center\">1336\/R\/04<\/td><td class=\"has-text-align-center\" data-align=\"center\">0654\/P\/17<\/td><td class=\"has-text-align-center\" data-align=\"center\"><\/td><\/tr><\/tbody><\/table><\/figure>\n\n\n\n<div class=\"wp-block-file\"><a id=\"wp-block-file--media-cfe79525-1811-4ce6-8b06-bac4663c078b\" href=\"https:\/\/opole.pttk.pl\/wp-content\/uploads\/2025\/10\/Ankieta-IK-ORSO_3.doc\">Ankieta-IK-ORSO_3<\/a><a href=\"https:\/\/opole.pttk.pl\/wp-content\/uploads\/2025\/10\/Ankieta-IK-ORSO_3.doc\" class=\"wp-block-file__button wp-element-button\" download aria-describedby=\"wp-block-file--media-cfe79525-1811-4ce6-8b06-bac4663c078b\">Pobierz<\/a><\/div>\n\n\n\n<p><\/p>\n","protected":false},"excerpt":{"rendered":"<p>Imi\u0119 Nazwisko Miejscowo\u015b\u0107 IKR IKP ZIK Bronis\u0142aw Adamski Opole 0065\/R\/95 Wilhelma Bara\u0144ska Brzeg 1932\/R\/09 Lucjusz Bilik Opole 2411\/R\/19 Tadeusz Jurek Brzeg 1036\/R\/01 0698\/P\/23 Dariusz Ch\u0105dzi\u0144ski Opole 2276\/R\/16 Franciszek Dendewicz Prudnik 1933\/R\/09 Stanis\u0142aw Dendewicz Prudnik 2413\/R\/20 Stanis\u0142aw Derda Prudnik 2275\/R\/16 Andrzej Dere\u0144 Prudnik 0891\/R\/99 Halina Garczy\u0144ska Prudnik 2118\/R\/13 J\u00f3zef Hupka \u015amicz 1808\/R\/08 Marcin Husak Prudnik 1934\/R\/09 [&hellip;]<\/p>\n","protected":false},"author":1,"featured_media":0,"parent":0,"menu_order":0,"comment_status":"closed","ping_status":"closed","template":"","meta":{"footnotes":""},"class_list":["post-983","page","type-page","status-publish","hentry"],"_links":{"self":[{"href":"https:\/\/opole.pttk.pl\/index.php\/wp-json\/wp\/v2\/pages\/983","targetHints":{"allow":["GET"]}}],"collection":[{"href":"https:\/\/opole.pttk.pl\/index.php\/wp-json\/wp\/v2\/pages"}],"about":[{"href":"https:\/\/opole.pttk.pl\/index.php\/wp-json\/wp\/v2\/types\/page"}],"author":[{"embeddable":true,"href":"https:\/\/opole.pttk.pl\/index.php\/wp-json\/wp\/v2\/users\/1"}],"replies":[{"embeddable":true,"href":"https:\/\/opole.pttk.pl\/index.php\/wp-json\/wp\/v2\/comments?post=983"}],"version-history":[{"count":30,"href":"https:\/\/opole.pttk.pl\/index.php\/wp-json\/wp\/v2\/pages\/983\/revisions"}],"predecessor-version":[{"id":5626,"href":"https:\/\/opole.pttk.pl\/index.php\/wp-json\/wp\/v2\/pages\/983\/revisions\/5626"}],"wp:attachment":[{"href":"https:\/\/opole.pttk.pl\/index.php\/wp-json\/wp\/v2\/media?parent=983"}],"curies":[{"name":"wp","href":"https:\/\/api.w.org\/{rel}","templated":true}]}}